{"id":28604,"date":"2024-01-04T15:54:26","date_gmt":"2024-01-04T13:54:26","guid":{"rendered":"https:\/\/silikotek.sapartners.site\/index.php\/tuote\/monica-2\/"},"modified":"2024-01-04T15:54:52","modified_gmt":"2024-01-04T13:54:52","slug":"monica-2","status":"publish","type":"product","link":"https:\/\/silikotek.sapartners.site\/index.php\/tuote\/monica-2\/","title":{"rendered":"MONICA 2"},"content":{"rendered":"<p>Sandal med reglerbar och v\u00e4ndbar h\u00e4lrem. Elastisk res\u00e5r p\u00e5 fotens insida samt i h\u00e4lremmen. Ovanmaterialet \u00e4r av l\u00e4ttsk\u00f6tt PU-skinn. XL-l\u00e4sten \u00e4r bredare \u00e4n en normal l\u00e4st, och tack vare detta finns det mer utrymme f\u00f6r f\u00f6tterna. Foder som andas. L\u00f6ssulan Sievi Comfort och den elastiska sulan FlexStep\u00ae minskar belastningen p\u00e5 f\u00f6tter och skelett. EN ISO-certifierad och ESD-godk\u00e4nd modell.<\/p>\n","protected":false},"excerpt":{"rendered":"<p>Pistokas s\u00e4\u00e4dett\u00e4v\u00e4ll\u00e4 ja k\u00e4\u00e4nnett\u00e4v\u00e4ll\u00e4 kantaremmill\u00e4. Sis\u00e4syrj\u00e4ll\u00e4 sek\u00e4 kantaremmiss\u00e4 venyke. P\u00e4\u00e4llismateriaali on helppohoitoista PU-nahkaa. XL-lesti on normaalia lesti\u00e4 laajempi, mink\u00e4 ansiosta jaloilla on enemm\u00e4n tilaa. Hengitt\u00e4v\u00e4 vuori. Sievi Comfort -pohjallinen ja FlexStep\u00ae-joustopohja v\u00e4hent\u00e4\u00e4 jalkoihin ja tukirankaan kohdistuvaa rasitusta. EN ISO -sertifioitu ja ESD-hyv\u00e4ksytty malli.<\/p>\n","protected":false},"featured_media":28603,"template":"","meta":{"_et_pb_use_builder":"","_et_pb_old_content":"","_et_gb_content_width":""},"pwb-brand":[],"product_brand":[],"product_cat":[1434],"product_tag":[],"class_list":{"0":"post-28604","1":"product","2":"type-product","3":"status-publish","4":"has-post-thumbnail","6":"product_cat-uncategorized","7":"pa_kenkakoko-1025","8":"pa_kenkakoko-1026","9":"pa_kenkakoko-1027","10":"pa_kenkakoko-1028","11":"pa_kenkakoko-1016","12":"pa_kenkakoko-1017","13":"pa_kenkakoko-1018","14":"pa_kenkakoko-1019","15":"pa_kenkakoko-1020","17":"first","18":"instock","19":"taxable","20":"shipping-taxable","21":"purchasable","22":"product-type-variable"},"brands":[],"_links":{"self":[{"href":"https:\/\/silikotek.sapartners.site\/index.php\/wp-json\/wp\/v2\/product\/28604","targetHints":{"allow":["GET"]}}],"collection":[{"href":"https:\/\/silikotek.sapartners.site\/index.php\/wp-json\/wp\/v2\/product"}],"about":[{"href":"https:\/\/silikotek.sapartners.site\/index.php\/wp-json\/wp\/v2\/types\/product"}],"wp:featuredmedia":[{"embeddable":true,"href":"https:\/\/silikotek.sapartners.site\/index.php\/wp-json\/wp\/v2\/media\/28603"}],"wp:attachment":[{"href":"https:\/\/silikotek.sapartners.site\/index.php\/wp-json\/wp\/v2\/media?parent=28604"}],"wp:term":[{"taxonomy":"pwb-brand","embeddable":true,"href":"https:\/\/silikotek.sapartners.site\/index.php\/wp-json\/wp\/v2\/pwb-brand?post=28604"},{"taxonomy":"product_brand","embeddable":true,"href":"https:\/\/silikotek.sapartners.site\/index.php\/wp-json\/wp\/v2\/product_brand?post=28604"},{"taxonomy":"product_cat","embeddable":true,"href":"https:\/\/silikotek.sapartners.site\/index.php\/wp-json\/wp\/v2\/product_cat?post=28604"},{"taxonomy":"product_tag","embeddable":true,"href":"https:\/\/silikotek.sapartners.site\/index.php\/wp-json\/wp\/v2\/product_tag?post=28604"}],"curies":[{"name":"wp","href":"https:\/\/api.w.org\/{rel}","templated":true}]}}