{"id":28576,"date":"2024-01-04T15:54:19","date_gmt":"2024-01-04T13:54:19","guid":{"rendered":"https:\/\/silikotek.sapartners.site\/index.php\/tuote\/fly-bw\/"},"modified":"2024-01-04T15:54:50","modified_gmt":"2024-01-04T13:54:50","slug":"fly-bw","status":"publish","type":"product","link":"https:\/\/silikotek.sapartners.site\/index.php\/tuote\/fly-bw\/","title":{"rendered":"FLY BW"},"content":{"rendered":"<p>P\u00e5 skorna i Fly-kollektionen finns elasticitetselementet FlexEnergy\u00ae som binder och \u00e5terf\u00f6r den genom steget uppkommande r\u00f6relseenergin, vilket g\u00f6r Fly-skorna l\u00e4tta, sportiga och angen\u00e4ma p\u00e5 foten. 3D-dry\u00ae-fodret som andas och Sievi Comfort-sulan h\u00e5ller dina f\u00f6tter torra och fr\u00e4scha hela dagen. ESD-godk\u00e4nd.<\/p>\n","protected":false},"excerpt":{"rendered":"<p>Fly -malliston jalkineissa on FlexEnergy\u00ae-joustoelementti, joka sitoo ja palauttaa askelluksesta syntyv\u00e4\u00e4 liike-energiaa, mik\u00e4 tekee Fly -jalkineista kevyet, sporttiset ja mukavat jalassa. Hengitt\u00e4v\u00e4 3D-dry\u00ae-vuori ja Sievi Comfort -pohjallinen pit\u00e4\u00e4 jalkasi kuivina ja raikkaina koko p\u00e4iv\u00e4n ajan. ESD-hyv\u00e4ksytty.<\/p>\n","protected":false},"featured_media":28575,"template":"","meta":{"_et_pb_use_builder":"","_et_pb_old_content":"","_et_gb_content_width":""},"pwb-brand":[],"product_brand":[],"product_cat":[1434],"product_tag":[],"class_list":{"0":"post-28576","1":"product","2":"type-product","3":"status-publish","4":"has-post-thumbnail","6":"product_cat-uncategorized","7":"pa_kenkakoko-1025","8":"pa_kenkakoko-1026","9":"pa_kenkakoko-1027","10":"pa_kenkakoko-1028","12":"first","13":"instock","14":"taxable","15":"shipping-taxable","16":"purchasable","17":"product-type-variable"},"brands":[],"_links":{"self":[{"href":"https:\/\/silikotek.sapartners.site\/index.php\/wp-json\/wp\/v2\/product\/28576","targetHints":{"allow":["GET"]}}],"collection":[{"href":"https:\/\/silikotek.sapartners.site\/index.php\/wp-json\/wp\/v2\/product"}],"about":[{"href":"https:\/\/silikotek.sapartners.site\/index.php\/wp-json\/wp\/v2\/types\/product"}],"wp:featuredmedia":[{"embeddable":true,"href":"https:\/\/silikotek.sapartners.site\/index.php\/wp-json\/wp\/v2\/media\/28575"}],"wp:attachment":[{"href":"https:\/\/silikotek.sapartners.site\/index.php\/wp-json\/wp\/v2\/media?parent=28576"}],"wp:term":[{"taxonomy":"pwb-brand","embeddable":true,"href":"https:\/\/silikotek.sapartners.site\/index.php\/wp-json\/wp\/v2\/pwb-brand?post=28576"},{"taxonomy":"product_brand","embeddable":true,"href":"https:\/\/silikotek.sapartners.site\/index.php\/wp-json\/wp\/v2\/product_brand?post=28576"},{"taxonomy":"product_cat","embeddable":true,"href":"https:\/\/silikotek.sapartners.site\/index.php\/wp-json\/wp\/v2\/product_cat?post=28576"},{"taxonomy":"product_tag","embeddable":true,"href":"https:\/\/silikotek.sapartners.site\/index.php\/wp-json\/wp\/v2\/product_tag?post=28576"}],"curies":[{"name":"wp","href":"https:\/\/api.w.org\/{rel}","templated":true}]}}