{"id":28393,"date":"2022-06-17T13:33:16","date_gmt":"2022-06-17T10:33:16","guid":{"rendered":"https:\/\/www.silikotek.fi\/?post_type=product&#038;p=28393"},"modified":"2022-06-17T13:33:16","modified_gmt":"2022-06-17T10:33:16","slug":"akkusarja-m18-nrg-506-milwaukee-6-akkua-ja-6-akun-laturi","status":"publish","type":"product","link":"https:\/\/silikotek.sapartners.site\/index.php\/tuote\/akkusarja-m18-nrg-506-milwaukee-6-akkua-ja-6-akun-laturi\/","title":{"rendered":"Akkusarja M18 NRG-506 Milwaukee, 6 akkua ja 6 akun laturi"},"content":{"rendered":"<p><span id=\"page742R_mcid53\" class=\"markedContent\"><span dir=\"ltr\" role=\"presentation\">M18&#x2122; 5,0 Ah REDLITHIUM&#x2122;-akkusarja: 6 x M18 B5 5,0 Ah REDLITHIUM&#x2122;-akut ja<\/span><br role=\"presentation\" \/><span dir=\"ltr\" role=\"presentation\">M1418 C6 pikalaturi (80 min.). Yhteensopiva kaikkien M18-sarjan ty\u00f6kalujen kanssa<\/span><\/span><\/p>\n","protected":false},"excerpt":{"rendered":"<p>K\u00e4tev\u00e4 akku, ja laturipaketti, paljon Milwaukee koneita k\u00e4ytt\u00e4v\u00e4lle. Paketissa on 6 kpl 5,0 Ah akkuja ja kuuden akun laturi.<\/p>\n","protected":false},"featured_media":28394,"template":"","meta":{"_et_pb_use_builder":"","_et_pb_old_content":"","_et_gb_content_width":""},"pwb-brand":[1452],"product_brand":[],"product_cat":[744],"product_tag":[],"class_list":{"0":"post-28393","1":"product","2":"type-product","3":"status-publish","4":"has-post-thumbnail","6":"pwb-brand-milwaukee","7":"product_cat-akut-ja-laturit","9":"first","10":"instock","11":"taxable","12":"shipping-taxable","13":"purchasable","14":"product-type-simple"},"brands":[{"id":1452,"name":"Milwaukee","slug":"milwaukee"}],"_links":{"self":[{"href":"https:\/\/silikotek.sapartners.site\/index.php\/wp-json\/wp\/v2\/product\/28393","targetHints":{"allow":["GET"]}}],"collection":[{"href":"https:\/\/silikotek.sapartners.site\/index.php\/wp-json\/wp\/v2\/product"}],"about":[{"href":"https:\/\/silikotek.sapartners.site\/index.php\/wp-json\/wp\/v2\/types\/product"}],"wp:featuredmedia":[{"embeddable":true,"href":"https:\/\/silikotek.sapartners.site\/index.php\/wp-json\/wp\/v2\/media\/28394"}],"wp:attachment":[{"href":"https:\/\/silikotek.sapartners.site\/index.php\/wp-json\/wp\/v2\/media?parent=28393"}],"wp:term":[{"taxonomy":"pwb-brand","embeddable":true,"href":"https:\/\/silikotek.sapartners.site\/index.php\/wp-json\/wp\/v2\/pwb-brand?post=28393"},{"taxonomy":"product_brand","embeddable":true,"href":"https:\/\/silikotek.sapartners.site\/index.php\/wp-json\/wp\/v2\/product_brand?post=28393"},{"taxonomy":"product_cat","embeddable":true,"href":"https:\/\/silikotek.sapartners.site\/index.php\/wp-json\/wp\/v2\/product_cat?post=28393"},{"taxonomy":"product_tag","embeddable":true,"href":"https:\/\/silikotek.sapartners.site\/index.php\/wp-json\/wp\/v2\/product_tag?post=28393"}],"curies":[{"name":"wp","href":"https:\/\/api.w.org\/{rel}","templated":true}]}}