{"id":28185,"date":"2022-05-06T16:25:33","date_gmt":"2022-05-06T13:25:33","guid":{"rendered":"https:\/\/www.silikotek.fi\/?post_type=product&#038;p=28185"},"modified":"2023-01-04T23:26:49","modified_gmt":"2023-01-04T21:26:49","slug":"kstools-873-4008-performanceplus-p30-tyokaluvaunu-8-vetolaatikolla","status":"publish","type":"product","link":"https:\/\/silikotek.sapartners.site\/index.php\/tuote\/kstools-873-4008-performanceplus-p30-tyokaluvaunu-8-vetolaatikolla\/","title":{"rendered":"Kstools 873.4008 PERFORMANCEplus P30 ty\u00f6kaluvaunu 8 vetolaatikolla"},"content":{"rendered":"<h2 class=\"h4\">OMINAISUUDET<\/h2>\n<div class=\"product--properties panel\">\n<table class=\"product--properties-table\">\n<tbody>\n<tr class=\"product--properties-item\">\n<td class=\"product--properties-label\">V\u00e4ri:<\/td>\n<td><span class=\"product--properties-value\">Mustanpunainen<\/span><\/td>\n<\/tr>\n<tr class=\"product--properties-item\">\n<td class=\"product--properties-label\">Toimintoattribuutti 1:<\/td>\n<td><span class=\"product--properties-value\">Suljettava<\/span><\/td>\n<\/tr>\n<tr class=\"product--properties-item\">\n<td class=\"product--properties-label\">Syvyys, mm:<\/td>\n<td><span class=\"product--properties-value\">657<\/span><\/td>\n<\/tr>\n<tr class=\"product--properties-item\">\n<td class=\"product--properties-label\">Korkeus H:<\/td>\n<td><span class=\"product--properties-value\">1024<\/span><\/td>\n<\/tr>\n<tr class=\"product--properties-item\">\n<td class=\"product--properties-label\">Mitta yhteens\u00e4:<\/td>\n<td><span class=\"product--properties-value\">B 1075 x H 1024 x T 657 mm<\/span><\/td>\n<\/tr>\n<tr class=\"product--properties-item\">\n<td class=\"product--properties-label\">Leveys B:<\/td>\n<td><span class=\"product--properties-value\">1057<\/span><\/td>\n<\/tr>\n<tr class=\"product--properties-item\">\n<td class=\"product--properties-label\">Vetolaatikon sis\u00e4mitta:<\/td>\n<td><span class=\"product--properties-value\">785 x 568 mm<\/span><\/td>\n<\/tr>\n<tr class=\"product--properties-item\">\n<td class=\"product--properties-label\">Kuormitettavuus lokeroa kohti:<\/td>\n<td><span class=\"product--properties-value\">50<\/span><\/td>\n<\/tr>\n<tr class=\"product--properties-item\">\n<td class=\"product--properties-label\">Paino g:<\/td>\n<td><span class=\"product--properties-value\">97000<\/span><\/td>\n<\/tr>\n<tr class=\"product--properties-item\">\n<td class=\"product--properties-label\">Kokonaiskantavuus kg:<\/td>\n<td><span class=\"product--properties-value\">600<\/span><\/td>\n<\/tr>\n<tr class=\"product--properties-item\">\n<td class=\"product--properties-label\">Materiaali1:<\/td>\n<td><span class=\"product--properties-value\">Ter\u00e4slevy<\/span><\/td>\n<\/tr>\n<tr class=\"product--properties-item\">\n<td class=\"product--properties-label\">Py\u00f6r\u00e4n l\u00e4pimitta (mm):<\/td>\n<td><span class=\"product--properties-value\">125.0<\/span><\/td>\n<\/tr>\n<tr class=\"product--properties-item\">\n<td class=\"product--properties-label\">Pakkauksen sis\u00e4lt\u00f6:<\/td>\n<td><span class=\"product--properties-value\">1<\/span><\/td>\n<\/tr>\n<tr class=\"product--properties-item\">\n<td class=\"product--properties-label\">Vetolaatikoiden m\u00e4\u00e4r\u00e4, 75mm:<\/td>\n<td><span class=\"product--properties-value\">7<\/span><\/td>\n<\/tr>\n<tr class=\"product--properties-item\">\n<td class=\"product--properties-label\">Vetolaatikoiden m\u00e4\u00e4r\u00e4, 150mm:<\/td>\n<td><span class=\"product--properties-value\">1<\/span><\/td>\n<\/tr>\n<tr class=\"product--properties-item\">\n<td class=\"product--properties-label\">Vetolaatikoiden m\u00e4\u00e4r\u00e4 yhteens\u00e4:<\/td>\n<td><span class=\"product--properties-value\">8<\/span><\/td>\n<\/tr>\n<tr class=\"product--properties-item\">\n<td class=\"product--properties-label\">Rengastustyyppi:<\/td>\n<td><span class=\"product--properties-value\">Muovi<\/span><\/td>\n<\/tr>\n<tr class=\"product--properties-item\">\n<td class=\"product--properties-label\">Rullapy\u00f6rien m\u00e4\u00e4r\u00e4:<\/td>\n<td><span class=\"product--properties-value\">2<\/span><\/td>\n<\/tr>\n<tr class=\"product--properties-item\">\n<td class=\"product--properties-label\">Py\u00f6r\u00e4n pys\u00e4ytin:<\/td>\n<td><span class=\"product--properties-value\">Kyll\u00e4<\/span><\/td>\n<\/tr>\n<tr class=\"product--properties-item\">\n<td class=\"product--properties-label\">Videolinkki k\u00e4ytt\u00f6:<\/td>\n<td><span class=\"product--properties-value\"><a href=\"https:\/\/youtu.be\/HD6tInp6H5E\" target=\"_blank\" rel=\"nofollow noopener\">Video<\/a><\/span><\/td>\n<\/tr>\n<\/tbody>\n<\/table>\n<ul>\n<li class=\"liste\">Valmistettu ter\u00e4slevyst\u00e4<\/li>\n<li class=\"liste\">ABS-reunus pikkuosien tasku<\/li>\n<li class=\"liste\">eritt\u00e4in vakaa ter\u00e4srakenne, ter\u00e4slevyn paksuus 0,8 mm \u2013 v\u00e4\u00e4nt\u00f6varma<\/li>\n<li class=\"liste\">eritt\u00e4in turvallinen<\/li>\n<li class=\"liste\">sivuseiniss\u00e4 rei\u00e4t ty\u00f6kalujen ripustamista varten<\/li>\n<li class=\"liste\">lukko est\u00e4\u00e4 aukeamisen vahingossa<\/li>\n<li class=\"liste\">kaikkien vetolaatikoiden lukitus sylinterilukolla<\/li>\n<li class=\"liste\">kuulalaakeroitu vetolaatikon liikuttaminen<\/li>\n<li class=\"liste\">polyuretaaninen kulma-reunasuoja<\/li>\n<li class=\"liste\">vetolaatikoissa 100% ulosveto<\/li>\n<li class=\"liste\">sivussa oleva metallikahva<\/li>\n<li class=\"liste\">kaksi rengasta \u00e0 \u00d8 125 mm<\/li>\n<li class=\"liste\">kaksi rullapy\u00f6r\u00e4\u00e4 \u00e0 \u00d8 125 mm, jarrulla<\/li>\n<li class=\"liste\">l\u00e4pimenev\u00e4 kahvan tanko<\/li>\n<li class=\"liste\">s\u00e4hk\u00f6staattisesti jauhepinnoitettu<\/li>\n<\/ul>\n<\/div>\n","protected":false},"excerpt":{"rendered":"<p>Hanki Kstools Performanceplus ty\u00f6kaluvaunu ja olet taatusti ylpe\u00e4 vaunustasi. Performance ty\u00f6kaluvaunulla p\u00e4\u00e4set seuraavalle laatutasolle.<br \/>\nPerformance ty\u00f6kaluvaunu tekee sinut ylpe\u00e4ksi ty\u00f6st\u00e4si. Ty\u00f6kaluvaunu toimitetaan valmiiksi kasattuna.<\/p>\n<p>Varmista toimitusaika<\/p>\n","protected":false},"featured_media":28186,"template":"","meta":{"_et_pb_use_builder":"","_et_pb_old_content":"","_et_gb_content_width":""},"pwb-brand":[1454],"product_brand":[],"product_cat":[313],"product_tag":[1470,1925],"class_list":{"0":"post-28185","1":"product","2":"type-product","3":"status-publish","4":"has-post-thumbnail","6":"pwb-brand-kstools","7":"product_cat-tyokaluvaunut","8":"product_tag-iso-tyokaluvaunu","9":"product_tag-paras-tyokaluvaunu","11":"first","12":"instock","13":"taxable","14":"shipping-taxable","15":"purchasable","16":"product-type-simple"},"brands":[{"id":1454,"name":"Kstools","slug":"kstools"}],"_links":{"self":[{"href":"https:\/\/silikotek.sapartners.site\/index.php\/wp-json\/wp\/v2\/product\/28185","targetHints":{"allow":["GET"]}}],"collection":[{"href":"https:\/\/silikotek.sapartners.site\/index.php\/wp-json\/wp\/v2\/product"}],"about":[{"href":"https:\/\/silikotek.sapartners.site\/index.php\/wp-json\/wp\/v2\/types\/product"}],"wp:featuredmedia":[{"embeddable":true,"href":"https:\/\/silikotek.sapartners.site\/index.php\/wp-json\/wp\/v2\/media\/28186"}],"wp:attachment":[{"href":"https:\/\/silikotek.sapartners.site\/index.php\/wp-json\/wp\/v2\/media?parent=28185"}],"wp:term":[{"taxonomy":"pwb-brand","embeddable":true,"href":"https:\/\/silikotek.sapartners.site\/index.php\/wp-json\/wp\/v2\/pwb-brand?post=28185"},{"taxonomy":"product_brand","embeddable":true,"href":"https:\/\/silikotek.sapartners.site\/index.php\/wp-json\/wp\/v2\/product_brand?post=28185"},{"taxonomy":"product_cat","embeddable":true,"href":"https:\/\/silikotek.sapartners.site\/index.php\/wp-json\/wp\/v2\/product_cat?post=28185"},{"taxonomy":"product_tag","embeddable":true,"href":"https:\/\/silikotek.sapartners.site\/index.php\/wp-json\/wp\/v2\/product_tag?post=28185"}],"curies":[{"name":"wp","href":"https:\/\/api.w.org\/{rel}","templated":true}]}}