{"id":27858,"date":"2022-03-25T14:17:31","date_gmt":"2022-03-25T12:17:31","guid":{"rendered":"https:\/\/www.silikotek.fi\/?post_type=product&#038;p=27858"},"modified":"2022-03-25T14:19:50","modified_gmt":"2022-03-25T12:19:50","slug":"kaasuankkurinaulain-ka4060-3g","status":"publish","type":"product","link":"https:\/\/silikotek.sapartners.site\/index.php\/tuote\/kaasuankkurinaulain-ka4060-3g\/","title":{"rendered":"Kaasuankkurinaulain KA4060 3G"},"content":{"rendered":"<p>Tehokas naulain 34-asteisille muovi- tai teippisidosnauloille 4,0&#215;40-50mm,<br \/>\ntarkka ja turvallinen naulan ohjaus naulauslevyn reik\u00e4\u00e4n, vy\u00f6koukku,<br \/>\nkumipinnoitteinen kahva, kaasu: 165mm \/ 40g naulainkaasu esim. OK 220016,<br \/>\npaino 4,02 kg, toimitusvarustus: kaksi akkua, laturi ja kantolaukku<\/p>\n<p>&nbsp;<\/p>\n<p>Kiinnikelista:<\/p>\n<p>4566EB 4,0x40mm s\u00e4hk\u00f6sinkitty<br \/>\n4566EC 4,0x40mm kuumasinkitty<br \/>\n4565BR 4,0x40mm rst A2<br \/>\n4567EB 4,0x50mm s\u00e4hk\u00f6sinkitty<\/p>\n","protected":false},"excerpt":{"rendered":"<p>Tehokas naulain 34-asteisille muovi- tai teippisidosnauloille 4,0&#215;40-50mm, tarkka ja turvallinen naulan ohjaus naulauslevyn reik\u00e4\u00e4n, vy\u00f6koukku, kumipinnoitteinen kahva, kaasu: 165mm \/ 40g naulainkaasu esim. OK 220016, paino 4,02 kg, toimitusvarustus: kaksi akkua, laturi ja kantolaukku &nbsp; Kiinnikelista: 4566EB 4,0x40mm s\u00e4hk\u00f6sinkitty 4566EC 4,0x40mm kuumasinkitty 4565BR 4,0x40mm rst A2 4567EB 4,0x50mm s\u00e4hk\u00f6sinkitty<\/p>\n","protected":false},"featured_media":27860,"template":"","meta":{"_et_pb_use_builder":"","_et_pb_old_content":"","_et_gb_content_width":""},"pwb-brand":[1900],"product_brand":[],"product_cat":[277,497],"product_tag":[1901,1902],"class_list":{"0":"post-27858","1":"product","2":"type-product","3":"status-publish","4":"has-post-thumbnail","6":"pwb-brand-tjep","7":"product_cat-tyokalut","8":"product_cat-kaasunaulaimet","9":"product_tag-ankkurinaulain","10":"product_tag-kaasu","12":"first","13":"instock","14":"sale","15":"taxable","16":"shipping-taxable","17":"purchasable","18":"product-type-simple"},"brands":[{"id":1900,"name":"Tjep","slug":"tjep"}],"_links":{"self":[{"href":"https:\/\/silikotek.sapartners.site\/index.php\/wp-json\/wp\/v2\/product\/27858","targetHints":{"allow":["GET"]}}],"collection":[{"href":"https:\/\/silikotek.sapartners.site\/index.php\/wp-json\/wp\/v2\/product"}],"about":[{"href":"https:\/\/silikotek.sapartners.site\/index.php\/wp-json\/wp\/v2\/types\/product"}],"wp:featuredmedia":[{"embeddable":true,"href":"https:\/\/silikotek.sapartners.site\/index.php\/wp-json\/wp\/v2\/media\/27860"}],"wp:attachment":[{"href":"https:\/\/silikotek.sapartners.site\/index.php\/wp-json\/wp\/v2\/media?parent=27858"}],"wp:term":[{"taxonomy":"pwb-brand","embeddable":true,"href":"https:\/\/silikotek.sapartners.site\/index.php\/wp-json\/wp\/v2\/pwb-brand?post=27858"},{"taxonomy":"product_brand","embeddable":true,"href":"https:\/\/silikotek.sapartners.site\/index.php\/wp-json\/wp\/v2\/product_brand?post=27858"},{"taxonomy":"product_cat","embeddable":true,"href":"https:\/\/silikotek.sapartners.site\/index.php\/wp-json\/wp\/v2\/product_cat?post=27858"},{"taxonomy":"product_tag","embeddable":true,"href":"https:\/\/silikotek.sapartners.site\/index.php\/wp-json\/wp\/v2\/product_tag?post=27858"}],"curies":[{"name":"wp","href":"https:\/\/api.w.org\/{rel}","templated":true}]}}