{"id":27856,"date":"2022-03-25T13:40:06","date_gmt":"2022-03-25T11:40:06","guid":{"rendered":"https:\/\/www.silikotek.fi\/?post_type=product&#038;p=27856"},"modified":"2022-03-25T13:44:12","modified_gmt":"2022-03-25T11:44:12","slug":"tjep-ab-1564-kaasu-da-dyckertnaulain","status":"publish","type":"product","link":"https:\/\/silikotek.sapartners.site\/index.php\/tuote\/tjep-ab-1564-kaasu-da-dyckertnaulain\/","title":{"rendered":"Tjep AB 1564 kaasu DA-dyckertnaulain"},"content":{"rendered":"<p>Kaasuk\u00e4ytt\u00f6inen vinodyckertnaulain<br \/>\nNaula 34\u00b4 1,8mm. Naulapituus 25-64mm<br \/>\nTakaa ladattava. Syvyyss\u00e4\u00e4t\u00f6. Non-slip kahva.<br \/>\nVy\u00f6koukku. Toimitetaan laukussa. Paino 2,32kg<br \/>\nToimii esim. OK 220047 viimeistelynaulainkaasulla.<br \/>\nN. 1000 laukausta \/ 18gr pullo.<\/p>\n","protected":false},"excerpt":{"rendered":"<p>Kaasuk\u00e4ytt\u00f6inen vinodyckertnaulain Naula 34\u00b4 1,8mm. Naulapituus 25-64mm Takaa ladattava. Syvyyss\u00e4\u00e4t\u00f6. Non-slip kahva. Vy\u00f6koukku. Toimitetaan laukussa. Paino 2,32kg Toimii esim. OK 220047 viimeistelynaulainkaasulla. N. 1000 laukausta \/ 18gr pullo.<\/p>\n","protected":false},"featured_media":27859,"template":"","meta":{"_et_pb_use_builder":"","_et_pb_old_content":"","_et_gb_content_width":""},"pwb-brand":[1900],"product_brand":[],"product_cat":[277,497],"product_tag":[],"class_list":{"0":"post-27856","1":"product","2":"type-product","3":"status-publish","4":"has-post-thumbnail","6":"pwb-brand-tjep","7":"product_cat-tyokalut","8":"product_cat-kaasunaulaimet","10":"first","11":"instock","12":"sale","13":"taxable","14":"shipping-taxable","15":"purchasable","16":"product-type-simple"},"brands":[{"id":1900,"name":"Tjep","slug":"tjep"}],"_links":{"self":[{"href":"https:\/\/silikotek.sapartners.site\/index.php\/wp-json\/wp\/v2\/product\/27856","targetHints":{"allow":["GET"]}}],"collection":[{"href":"https:\/\/silikotek.sapartners.site\/index.php\/wp-json\/wp\/v2\/product"}],"about":[{"href":"https:\/\/silikotek.sapartners.site\/index.php\/wp-json\/wp\/v2\/types\/product"}],"wp:featuredmedia":[{"embeddable":true,"href":"https:\/\/silikotek.sapartners.site\/index.php\/wp-json\/wp\/v2\/media\/27859"}],"wp:attachment":[{"href":"https:\/\/silikotek.sapartners.site\/index.php\/wp-json\/wp\/v2\/media?parent=27856"}],"wp:term":[{"taxonomy":"pwb-brand","embeddable":true,"href":"https:\/\/silikotek.sapartners.site\/index.php\/wp-json\/wp\/v2\/pwb-brand?post=27856"},{"taxonomy":"product_brand","embeddable":true,"href":"https:\/\/silikotek.sapartners.site\/index.php\/wp-json\/wp\/v2\/product_brand?post=27856"},{"taxonomy":"product_cat","embeddable":true,"href":"https:\/\/silikotek.sapartners.site\/index.php\/wp-json\/wp\/v2\/product_cat?post=27856"},{"taxonomy":"product_tag","embeddable":true,"href":"https:\/\/silikotek.sapartners.site\/index.php\/wp-json\/wp\/v2\/product_tag?post=27856"}],"curies":[{"name":"wp","href":"https:\/\/api.w.org\/{rel}","templated":true}]}}