{"id":27779,"date":"2022-03-21T16:20:44","date_gmt":"2022-03-21T14:20:44","guid":{"rendered":"https:\/\/www.silikotek.fi\/?post_type=product&#038;p=27779"},"modified":"2022-03-22T15:47:44","modified_gmt":"2022-03-22T13:47:44","slug":"milwaukee-m18-foph-lta-ruohoraivuri","status":"publish","type":"product","link":"https:\/\/silikotek.sapartners.site\/index.php\/tuote\/milwaukee-m18-foph-lta-ruohoraivuri\/","title":{"rendered":"Milwaukee M18 FOPH-LTA ruohoraivuri"},"content":{"rendered":"<table class=\"NormalTable\" style=\"width: 349px;\">\n<tbody>\n<tr>\n<td style=\"width: 339px;\"><span class=\"fontstyle0\">M18 FUEL&#x2122; monitoimitrimmerin ruohoraivurip\u00e4\u00e4. Tarpeeksi voimakas tihe\u00e4n pusikon<br \/>\nraivaamiseen. 38,6 cm leikkauslinjan leveys. Siim\u00e4p\u00e4\u00e4 on helppo t\u00e4ytt\u00e4\u00e4 uudelleen ja pit\u00e4\u00e4<br \/>\n7,6 m 2,0 mm paksuista siimaa tai 6,0 m 2,4 mm siimaa. Suunniteltu t\u00e4ytt\u00e4m\u00e4\u00e4n<br \/>\nammattilaisten vaatimukset. \u00c4\u00e4rimm\u00e4inen kulutuksen kesto pident\u00e4\u00e4 k\u00e4ytt\u00f6ik\u00e4\u00e4<\/span><\/td>\n<\/tr>\n<\/tbody>\n<\/table>\n<p>&nbsp;<\/p>\n","protected":false},"excerpt":{"rendered":"<p>Sopii Milwaukee akkumonitoimitrimmeriin<\/p>\n","protected":false},"featured_media":27780,"template":"","meta":{"_et_pb_use_builder":"","_et_pb_old_content":"","_et_gb_content_width":""},"pwb-brand":[1452],"product_brand":[],"product_cat":[1895],"product_tag":[],"class_list":{"0":"post-27779","1":"product","2":"type-product","3":"status-publish","4":"has-post-thumbnail","6":"pwb-brand-milwaukee","7":"product_cat-akkukayttoiset-puutarhatyokalut","9":"first","10":"instock","11":"taxable","12":"shipping-taxable","13":"purchasable","14":"product-type-simple"},"brands":[{"id":1452,"name":"Milwaukee","slug":"milwaukee"}],"_links":{"self":[{"href":"https:\/\/silikotek.sapartners.site\/index.php\/wp-json\/wp\/v2\/product\/27779","targetHints":{"allow":["GET"]}}],"collection":[{"href":"https:\/\/silikotek.sapartners.site\/index.php\/wp-json\/wp\/v2\/product"}],"about":[{"href":"https:\/\/silikotek.sapartners.site\/index.php\/wp-json\/wp\/v2\/types\/product"}],"wp:featuredmedia":[{"embeddable":true,"href":"https:\/\/silikotek.sapartners.site\/index.php\/wp-json\/wp\/v2\/media\/27780"}],"wp:attachment":[{"href":"https:\/\/silikotek.sapartners.site\/index.php\/wp-json\/wp\/v2\/media?parent=27779"}],"wp:term":[{"taxonomy":"pwb-brand","embeddable":true,"href":"https:\/\/silikotek.sapartners.site\/index.php\/wp-json\/wp\/v2\/pwb-brand?post=27779"},{"taxonomy":"product_brand","embeddable":true,"href":"https:\/\/silikotek.sapartners.site\/index.php\/wp-json\/wp\/v2\/product_brand?post=27779"},{"taxonomy":"product_cat","embeddable":true,"href":"https:\/\/silikotek.sapartners.site\/index.php\/wp-json\/wp\/v2\/product_cat?post=27779"},{"taxonomy":"product_tag","embeddable":true,"href":"https:\/\/silikotek.sapartners.site\/index.php\/wp-json\/wp\/v2\/product_tag?post=27779"}],"curies":[{"name":"wp","href":"https:\/\/api.w.org\/{rel}","templated":true}]}}