{"id":27720,"date":"2022-03-16T12:28:34","date_gmt":"2022-03-16T10:28:34","guid":{"rendered":"https:\/\/www.silikotek.fi\/?post_type=product&#038;p=27720"},"modified":"2022-03-16T14:11:33","modified_gmt":"2022-03-16T12:11:33","slug":"facom-m-441e-1-hylsysarja-isot-hylsyt-58-100-mm","status":"publish","type":"product","link":"https:\/\/silikotek.sapartners.site\/index.php\/tuote\/facom-m-441e-1-hylsysarja-isot-hylsyt-58-100-mm\/","title":{"rendered":"Facom M.441E 1&#8243; hylsysarja, isot hylsyt: 58-100 mm"},"content":{"rendered":"<ul>\n<li>Sis\u00e4lt\u00e4\u00e4::<\/li>\n<li>Rikk\u00e4 1&#8243;: M.151.<\/li>\n<li>Hylsyt 1&#8243;, 6-kulmaiset: M.58HA &#8211; M.60HA &#8211; M.63HA &#8211; M.65HA &#8211; M.67HA &#8211; M.70HA &#8211; M.71HA &#8211; M.75HA &#8211; M.77HA &#8211; M.80HA &#8211; M.82HA &#8211; M.85HA &#8211; M.90HA &#8211; M.95HA &#8211; M.100HA.<\/li>\n<li>Jatkot ja t-v\u00e4\u00e4nnin: M.120A &#8211; M.210A &#8211; M.215A.<\/li>\n<li>Paino 63,1 kg<\/li>\n<\/ul>\n","protected":false},"excerpt":{"rendered":"<p>Facom &#8221;mammuutti&#8221; sarjan 1&#8243; hylsysarja raskaampaan ruuvaamiseen, isoilla 58-100 mm hylsyill\u00e4. Tukevassa peltilaatikossa<\/p>\n","protected":false},"featured_media":27721,"template":"","meta":{"_et_pb_use_builder":"","_et_pb_old_content":"","_et_gb_content_width":""},"pwb-brand":[1455],"product_brand":[],"product_cat":[1616],"product_tag":[],"class_list":{"0":"post-27720","1":"product","2":"type-product","3":"status-publish","4":"has-post-thumbnail","6":"pwb-brand-facom","7":"product_cat-1-hylsysarjat","9":"first","10":"instock","11":"taxable","12":"shipping-taxable","13":"purchasable","14":"product-type-simple"},"brands":[{"id":1455,"name":"Facom","slug":"facom"}],"_links":{"self":[{"href":"https:\/\/silikotek.sapartners.site\/index.php\/wp-json\/wp\/v2\/product\/27720","targetHints":{"allow":["GET"]}}],"collection":[{"href":"https:\/\/silikotek.sapartners.site\/index.php\/wp-json\/wp\/v2\/product"}],"about":[{"href":"https:\/\/silikotek.sapartners.site\/index.php\/wp-json\/wp\/v2\/types\/product"}],"wp:featuredmedia":[{"embeddable":true,"href":"https:\/\/silikotek.sapartners.site\/index.php\/wp-json\/wp\/v2\/media\/27721"}],"wp:attachment":[{"href":"https:\/\/silikotek.sapartners.site\/index.php\/wp-json\/wp\/v2\/media?parent=27720"}],"wp:term":[{"taxonomy":"pwb-brand","embeddable":true,"href":"https:\/\/silikotek.sapartners.site\/index.php\/wp-json\/wp\/v2\/pwb-brand?post=27720"},{"taxonomy":"product_brand","embeddable":true,"href":"https:\/\/silikotek.sapartners.site\/index.php\/wp-json\/wp\/v2\/product_brand?post=27720"},{"taxonomy":"product_cat","embeddable":true,"href":"https:\/\/silikotek.sapartners.site\/index.php\/wp-json\/wp\/v2\/product_cat?post=27720"},{"taxonomy":"product_tag","embeddable":true,"href":"https:\/\/silikotek.sapartners.site\/index.php\/wp-json\/wp\/v2\/product_tag?post=27720"}],"curies":[{"name":"wp","href":"https:\/\/api.w.org\/{rel}","templated":true}]}}