{"id":27607,"date":"2022-03-04T11:33:24","date_gmt":"2022-03-04T09:33:24","guid":{"rendered":"https:\/\/www.silikotek.fi\/?post_type=product&#038;p=27607"},"modified":"2022-03-22T16:01:54","modified_gmt":"2022-03-22T14:01:54","slug":"milwaukee-m18-bllt-0-akkutrimmeri","status":"publish","type":"product","link":"https:\/\/silikotek.sapartners.site\/index.php\/tuote\/milwaukee-m18-bllt-0-akkutrimmeri\/","title":{"rendered":"Milwaukee M18 BLLT-0 akkutrimmeri"},"content":{"rendered":"<table class=\"NormalTable\" style=\"width: 406px;\">\n<tbody>\n<tr>\n<td style=\"width: 396px;\"><span class=\"fontstyle0\">Hiiliharjaton M18&#x2122;-ruohotrimmeri on tarpeeksi voimakas tihe\u00e4n puskan raivaamiseen ja<br \/>\nsaavuttaa t\u00e4yden tehon alle sekunnissa. Jopa 4600 kierr.\/min ensimm\u00e4isess\u00e4 tilassa ja 6200 kierr.\/min. toisessa tilassa. 2-nopeuksinen s\u00e4\u00e4delt\u00e4v\u00e4 kytkin. Jopa tunnin k\u00e4ytt\u00f6aika<br \/>\nM18&#x2122;HIGH OUTPUT&#x2122; 8,0 Ah -akulla. S\u00e4\u00e4dett\u00e4v\u00e4 leikkuukapasiteetti 35 &#8211; 40 cm v\u00e4lill\u00e4.<br \/>\nHelposti vaihdettava siima ja s\u00e4\u00e4dett\u00e4v\u00e4 apukahva optimoivat k\u00e4ytt\u00f6mukavuuden ja hallittavuuden. Paino akun kanssa 5,6 kg. Toimitetaan pahvilaatikossa (ilman akkuja ja laturia)<\/span><\/td>\n<\/tr>\n<\/tbody>\n<\/table>\n<p>&nbsp;<\/p>\n","protected":false},"excerpt":{"rendered":"<p>Milwaukee akkutrimmeri on varma ostos ja trimmaat sill\u00e4 hyvill\u00e4 mielin<\/p>\n","protected":false},"featured_media":27608,"template":"","meta":{"_et_pb_use_builder":"","_et_pb_old_content":"","_et_gb_content_width":""},"pwb-brand":[1452],"product_brand":[],"product_cat":[1895],"product_tag":[],"class_list":{"0":"post-27607","1":"product","2":"type-product","3":"status-publish","4":"has-post-thumbnail","6":"pwb-brand-milwaukee","7":"product_cat-akkukayttoiset-puutarhatyokalut","9":"first","10":"instock","11":"taxable","12":"shipping-taxable","13":"purchasable","14":"product-type-simple"},"brands":[{"id":1452,"name":"Milwaukee","slug":"milwaukee"}],"_links":{"self":[{"href":"https:\/\/silikotek.sapartners.site\/index.php\/wp-json\/wp\/v2\/product\/27607","targetHints":{"allow":["GET"]}}],"collection":[{"href":"https:\/\/silikotek.sapartners.site\/index.php\/wp-json\/wp\/v2\/product"}],"about":[{"href":"https:\/\/silikotek.sapartners.site\/index.php\/wp-json\/wp\/v2\/types\/product"}],"wp:featuredmedia":[{"embeddable":true,"href":"https:\/\/silikotek.sapartners.site\/index.php\/wp-json\/wp\/v2\/media\/27608"}],"wp:attachment":[{"href":"https:\/\/silikotek.sapartners.site\/index.php\/wp-json\/wp\/v2\/media?parent=27607"}],"wp:term":[{"taxonomy":"pwb-brand","embeddable":true,"href":"https:\/\/silikotek.sapartners.site\/index.php\/wp-json\/wp\/v2\/pwb-brand?post=27607"},{"taxonomy":"product_brand","embeddable":true,"href":"https:\/\/silikotek.sapartners.site\/index.php\/wp-json\/wp\/v2\/product_brand?post=27607"},{"taxonomy":"product_cat","embeddable":true,"href":"https:\/\/silikotek.sapartners.site\/index.php\/wp-json\/wp\/v2\/product_cat?post=27607"},{"taxonomy":"product_tag","embeddable":true,"href":"https:\/\/silikotek.sapartners.site\/index.php\/wp-json\/wp\/v2\/product_tag?post=27607"}],"curies":[{"name":"wp","href":"https:\/\/api.w.org\/{rel}","templated":true}]}}