{"id":27602,"date":"2022-03-04T10:37:46","date_gmt":"2022-03-04T08:37:46","guid":{"rendered":"https:\/\/www.silikotek.fi\/?post_type=product&#038;p=27602"},"modified":"2022-03-04T10:57:16","modified_gmt":"2022-03-04T08:57:16","slug":"flex-sms-190-18-0-ec-akkujiirisaha","status":"publish","type":"product","link":"https:\/\/silikotek.sapartners.site\/index.php\/tuote\/flex-sms-190-18-0-ec-akkujiirisaha\/","title":{"rendered":"Flex SMS 190 18.0-EC akkujiirisaha"},"content":{"rendered":"<ul class=\"contentlist productDetail__featureList js-toggle-list\">\n<li class=\"productDetail__featureListItem \">Tarkat leikkaustulokset puisten pylv\u00e4s- ja palkkirakenteiden, kipsilevyrakenteiden, laminaatti-\/parkettilattian sek\u00e4 puupaneelien, peitelevyjen sahaukseen<\/li>\n<li class=\"productDetail__featureListItem \">Hiiliharjaton moottori, enemm\u00e4n tehoa ja pidempi huoltov\u00e4li<\/li>\n<li class=\"productDetail__featureListItem \">S\u00e4hk\u00f6inen hallintaj\u00e4rjestelm\u00e4 suojelee konetta, pident\u00e4\u00e4 k\u00e4ytt\u00f6ik\u00e4\u00e4 ja lis\u00e4\u00e4 tehokkuutta<\/li>\n<li class=\"productDetail__featureListItem fadeInDown\">Moottorijarru pys\u00e4ytt\u00e4\u00e4 sahanter\u00e4n 3 sekunnissa<\/li>\n<li class=\"productDetail__featureListItem fadeInDown\">Leikkauslinjan tarkka merkint\u00e4 laserilla sahanter\u00e4n vasemmalla puolella<\/li>\n<li class=\"productDetail__featureListItem fadeInDown\">Laser- kulma-asteikko 48 \u00b0 vasen\/oikea. Kulman esis\u00e4\u00e4d\u00f6ll\u00e4 0-15 \u00b0 -22,5 \u00b0 \/ 5 \u00b0 -31,6 \u00b0 -45 \u00b0. Helppolukuinen ja tarkasti s\u00e4\u00e4dett\u00e4v\u00e4 selkeiden k\u00e4ytt\u00f6elementtien ansiosta<\/li>\n<li class=\"productDetail__featureListItem fadeInDown\">K\u00e4\u00e4ntyv\u00e4 segmentti jopa 48 \u00b0 vasemmalle\/oikealle, 0 \u00b0, 45 \u00b0, 48 \u00b0 kulmasuljin alle-, kulma- ja schifter -leikkauksiin<\/li>\n<li class=\"productDetail__featureListItem fadeInDown\">Vankka ja kest\u00e4v\u00e4 jatkuvaan raskaaseen k\u00e4ytt\u00f6\u00f6n<\/li>\n<li class=\"productDetail__featureListItem fadeInDown\">Imuriliitos takaa puhtaamman ja n\u00e4kyv\u00e4mm\u00e4n ty\u00f6kohteen, \u00d8 36 mm<\/li>\n<li class=\"productDetail__featureListItem fadeInDown\">Vankka kaksisuuntainen ohjain<\/li>\n<li class=\"productDetail__featureListItem fadeInDown\">Ergonominen kahva pikalukituksella vasenk\u00e4tisille ja oikeak\u00e4tisille k\u00e4ytt\u00e4jille<\/li>\n<li class=\"productDetail__featureListItem fadeInDown\">Pikakiinnityspidike ty\u00f6kappaleen turvalliseen kiinnitt\u00e4miseen sahap\u00f6yd\u00e4lle<\/li>\n<li class=\"productDetail__featureListItem fadeInDown\">LED-ilmaisin osoittaa akun varaustilan<\/li>\n<li class=\"productDetail__featureListItem fadeInDown\">FLEX akkuj\u00e4rjestelm\u00e4 soveltuu kaikkiin uusiin 18,0 V FLEX-ty\u00f6kaluihin. Toimitus ilman akkua ja laturia<\/li>\n<\/ul>\n","protected":false},"excerpt":{"rendered":"<p>Flex SMS 190 18.0-EC akkujiirisaha tarkkaan jiiraukseen<\/p>\n","protected":false},"featured_media":27604,"template":"","meta":{"_et_pb_use_builder":"","_et_pb_old_content":"","_et_gb_content_width":""},"pwb-brand":[1458],"product_brand":[],"product_cat":[1892,737],"product_tag":[],"class_list":{"0":"post-27602","1":"product","2":"type-product","3":"status-publish","4":"has-post-thumbnail","6":"pwb-brand-flex","7":"product_cat-akkujiirisahat","8":"product_cat-akkupyorosahat","10":"first","11":"instock","12":"taxable","13":"shipping-taxable","14":"purchasable","15":"product-type-simple"},"brands":[{"id":1458,"name":"Flex","slug":"flex"}],"_links":{"self":[{"href":"https:\/\/silikotek.sapartners.site\/index.php\/wp-json\/wp\/v2\/product\/27602","targetHints":{"allow":["GET"]}}],"collection":[{"href":"https:\/\/silikotek.sapartners.site\/index.php\/wp-json\/wp\/v2\/product"}],"about":[{"href":"https:\/\/silikotek.sapartners.site\/index.php\/wp-json\/wp\/v2\/types\/product"}],"wp:featuredmedia":[{"embeddable":true,"href":"https:\/\/silikotek.sapartners.site\/index.php\/wp-json\/wp\/v2\/media\/27604"}],"wp:attachment":[{"href":"https:\/\/silikotek.sapartners.site\/index.php\/wp-json\/wp\/v2\/media?parent=27602"}],"wp:term":[{"taxonomy":"pwb-brand","embeddable":true,"href":"https:\/\/silikotek.sapartners.site\/index.php\/wp-json\/wp\/v2\/pwb-brand?post=27602"},{"taxonomy":"product_brand","embeddable":true,"href":"https:\/\/silikotek.sapartners.site\/index.php\/wp-json\/wp\/v2\/product_brand?post=27602"},{"taxonomy":"product_cat","embeddable":true,"href":"https:\/\/silikotek.sapartners.site\/index.php\/wp-json\/wp\/v2\/product_cat?post=27602"},{"taxonomy":"product_tag","embeddable":true,"href":"https:\/\/silikotek.sapartners.site\/index.php\/wp-json\/wp\/v2\/product_tag?post=27602"}],"curies":[{"name":"wp","href":"https:\/\/api.w.org\/{rel}","templated":true}]}}