{"id":27600,"date":"2022-03-04T10:17:11","date_gmt":"2022-03-04T08:17:11","guid":{"rendered":"https:\/\/www.silikotek.fi\/?post_type=product&#038;p=27600"},"modified":"2022-03-04T10:17:11","modified_gmt":"2022-03-04T08:17:11","slug":"flex-mxe-18-0-ec-akkusekoituskone-2x50-ah-akkuja","status":"publish","type":"product","link":"https:\/\/silikotek.sapartners.site\/index.php\/tuote\/flex-mxe-18-0-ec-akkusekoituskone-2x50-ah-akkuja\/","title":{"rendered":"Flex MXE 18.0-EC akkusekoituskone 2&#215;5,0 Ah akkuja,"},"content":{"rendered":"<p>EAN:4030293204492<\/p>\n<p>Tuotekoodi:459372<\/p>\n<p>&nbsp;<\/p>\n<ul class=\"contentlist productDetail__featureList js-toggle-list\">\n<li class=\"productDetail__featureListItem \">S\u00e4hk\u00f6inen hallintaj\u00e4rjestelm\u00e4 suojelee konetta, pident\u00e4\u00e4 k\u00e4ytt\u00f6ik\u00e4\u00e4 ja lis\u00e4\u00e4 tehokkuutta<\/li>\n<li class=\"productDetail__featureListItem \">Hiiliharjaton moottori, enemm\u00e4n tehoa ja pidempi huoltov\u00e4li<\/li>\n<li class=\"productDetail__featureListItem \">Vankka kaksinopeusvaihteisto: Ylimitoitettu hammastus ja vahva v\u00e4\u00e4nt\u00f6 l\u00e4pi kierrosalueen takaa my\u00f6s pitk\u00e4n k\u00e4ytt\u00f6i\u00e4n ja oikean nopeuden eri materiaaleille<\/li>\n<li class=\"productDetail__featureListItem fadeInDown\">Miellytt\u00e4v\u00e4 kolmen kierrosalueen k\u00e4ytt\u00f6kytkin. Suojatun kytkimen s\u00e4\u00e4t\u00f6 k\u00e4tt\u00e4 irroittamatta kytkimest\u00e4. Taso 1: puhdistus, taso 2: sekoituksen aloitus, taso 3: sekoitus<\/li>\n<li class=\"productDetail__featureListItem fadeInDown\">Kiertokytkin, optimaalisen sekoitusnopeuden valintaan. Vaihde vaihe 1: eritt\u00e4in viskoosiset materiaalit, vaihde vaihe 2: keskipitk\u00e4n ja alhaisen viskositeetin materiaalit<\/li>\n<li class=\"productDetail__featureListItem fadeInDown\">Portaaton nopeuden s\u00e4\u00e4t\u00f6 mahdollistaa hitaan ja varovaisen aloituksen<\/li>\n<li class=\"productDetail__featureListItem fadeInDown\">K\u00e4ynnistyskatkaisija lukituksella<\/li>\n<li class=\"productDetail__featureListItem fadeInDown\">ON\/OFF kytkimen p\u00e4\u00e4ll\u00e4 oleva kumisuoja est\u00e4\u00e4 p\u00f6ly\u00e4 ja likaa p\u00e4\u00e4sem\u00e4st\u00e4 kytkimeen. Ei juuttuneen kytkimen aiheuttamia toimintah\u00e4iri\u00f6it\u00e4.<\/li>\n<li class=\"productDetail__featureListItem fadeInDown\">Ergonominen ote: Kevyt, rasittamaton ty\u00f6asento takaa miellytt\u00e4v\u00e4n ty\u00f6skentelyn<\/li>\n<li class=\"productDetail__featureListItem fadeInDown\">Nelj\u00e4 kumipuskuria suojaa konetta iskuilta ty\u00f6maalla, kuljetuksessa ja varastoinnissa<\/li>\n<li class=\"productDetail__featureListItem fadeInDown\">Moottorin suojakotelo ohjaa j\u00e4\u00e4hdytysilman virtausta ja est\u00e4\u00e4 veden p\u00e4\u00e4syn moottoriin.<\/li>\n<li class=\"productDetail__featureListItem fadeInDown\">Patentoitu karalukitus, jossa k\u00e4ynnistymissuoja. Sekoitusvispil\u00e4n avaimeton vaihto.<\/li>\n<li class=\"productDetail__featureListItem fadeInDown\">Eri applikaatiot 30 kg asti<\/li>\n<li class=\"productDetail__featureListItem fadeInDown\">FLEX akkuj\u00e4rjestelm\u00e4 soveltuu kaikkiin uusiin 18,0 V FLEX-ty\u00f6kaluihin. Toimitus ilman akkua ja laturia<\/li>\n<li class=\"productDetail__featureListItem fadeInDown\">2 akkua 5,0Ah<\/li>\n<li class=\"productDetail__featureListItem fadeInDown\">\u00c4lylaturi<\/li>\n<li class=\"productDetail__featureListItem fadeInDown\">Nopeudet 1. vaihde:\u00a0<span class=\"tabs__attribute tabs__attribute--right\">0-210\/325\/530 \/min<\/span><\/li>\n<li class=\"productDetail__featureListItem fadeInDown\">Nopeudet 2. vaihde:\u00a0<span class=\"tabs__attribute tabs__attribute--right\">0-320\/490\/780 \/min<\/span><\/li>\n<li class=\"productDetail__featureListItem fadeInDown\">Max vispil\u00e4koko\u00a0\u00a0 120mm<\/li>\n<li class=\"productDetail__featureListItem fadeInDown\">Paino ilman akkua\u00a0 4,1kg<\/li>\n<\/ul>\n","protected":false},"excerpt":{"rendered":"<p>Flex MXE 18.0-EC akkusekoituskone s\u00e4\u00e4st\u00e4\u00e4 aikaa ja vaivaa kun johtojen vet\u00e4minen j\u00e4\u00e4 pois ja saat keskitty\u00e4 itse ty\u00f6h\u00f6n<\/p>\n","protected":false},"featured_media":27601,"template":"","meta":{"_et_pb_use_builder":"","_et_pb_old_content":"","_et_gb_content_width":""},"pwb-brand":[1458],"product_brand":[],"product_cat":[1891],"product_tag":[],"class_list":{"0":"post-27600","1":"product","2":"type-product","3":"status-publish","4":"has-post-thumbnail","6":"pwb-brand-flex","7":"product_cat-sekoituskoneet","9":"first","10":"instock","11":"taxable","12":"shipping-taxable","13":"purchasable","14":"product-type-simple"},"brands":[{"id":1458,"name":"Flex","slug":"flex"}],"_links":{"self":[{"href":"https:\/\/silikotek.sapartners.site\/index.php\/wp-json\/wp\/v2\/product\/27600","targetHints":{"allow":["GET"]}}],"collection":[{"href":"https:\/\/silikotek.sapartners.site\/index.php\/wp-json\/wp\/v2\/product"}],"about":[{"href":"https:\/\/silikotek.sapartners.site\/index.php\/wp-json\/wp\/v2\/types\/product"}],"wp:featuredmedia":[{"embeddable":true,"href":"https:\/\/silikotek.sapartners.site\/index.php\/wp-json\/wp\/v2\/media\/27601"}],"wp:attachment":[{"href":"https:\/\/silikotek.sapartners.site\/index.php\/wp-json\/wp\/v2\/media?parent=27600"}],"wp:term":[{"taxonomy":"pwb-brand","embeddable":true,"href":"https:\/\/silikotek.sapartners.site\/index.php\/wp-json\/wp\/v2\/pwb-brand?post=27600"},{"taxonomy":"product_brand","embeddable":true,"href":"https:\/\/silikotek.sapartners.site\/index.php\/wp-json\/wp\/v2\/product_brand?post=27600"},{"taxonomy":"product_cat","embeddable":true,"href":"https:\/\/silikotek.sapartners.site\/index.php\/wp-json\/wp\/v2\/product_cat?post=27600"},{"taxonomy":"product_tag","embeddable":true,"href":"https:\/\/silikotek.sapartners.site\/index.php\/wp-json\/wp\/v2\/product_tag?post=27600"}],"curies":[{"name":"wp","href":"https:\/\/api.w.org\/{rel}","templated":true}]}}