{"id":27595,"date":"2022-03-04T09:41:29","date_gmt":"2022-03-04T07:41:29","guid":{"rendered":"https:\/\/www.silikotek.fi\/?post_type=product&#038;p=27595"},"modified":"2022-03-04T09:41:29","modified_gmt":"2022-03-04T07:41:29","slug":"flex-mxe-1200-sekoituskone-230-ceewr3r-140-vispila","status":"publish","type":"product","link":"https:\/\/silikotek.sapartners.site\/index.php\/tuote\/flex-mxe-1200-sekoituskone-230-ceewr3r-140-vispila\/","title":{"rendered":"Flex MXE 1200 sekoituskone 230\/CEE+WR3R 140 vispil\u00e4"},"content":{"rendered":"<p>EAN:4030293190467<\/p>\n<p>Tuotekoodi:433225<\/p>\n<p><span class=\"productDetail__subheader\"><span class=\"productDetail__teaser\">1200 watin 1-nopeussekoitin kolmen kierrosalueen k\u00e4ytt\u00f6kytkimell\u00e4<\/span><\/span>.<br \/>\nVispil\u00e4 max. 140mm. M14 sis\u00e4kierre. Paino 4,5kg<\/p>\n<ul class=\"contentlist productDetail__featureList js-toggle-list\">\n<li class=\"productDetail__featureListItem \">Vankka yksinopeuksinen vaihdeyksikk\u00f6, optimoitu hammastus jolla aikaansaadaan korkea v\u00e4\u00e4nt\u00f6kyky<\/li>\n<li class=\"productDetail__featureListItem \">Kokoaaltoelektroniikka: K\u00e4ynnistysvirran rajoitin, l\u00e4mp\u00f6tilan valvonta, ylikuormitussuoja ja portaaton kierrosnopeuden s\u00e4\u00e4t\u00f6 kytkimess\u00e4 &#8211; t\u00e4m\u00e4 mahdollistaa optimaalisen kiihdytyksen haluttuun sekoitusnopeuteen. Korkea v\u00e4\u00e4ntomomentti koko kierrosalueella<\/li>\n<li class=\"productDetail__featureListItem \">Miellytt\u00e4v\u00e4 kolmen kierrosalueen k\u00e4ytt\u00f6kytkin. Suojatun kytkimen s\u00e4\u00e4t\u00f6 k\u00e4tt\u00e4 irroittamatta kytkimest\u00e4. Taso 1: puhdistus, taso 2: sekoituksen aloitus, taso 3: sekoitus<\/li>\n<li class=\"productDetail__featureListItem fadeInDown\">K\u00e4ynnistyskatkaisija lukituksella ja vikavirtasuojalla. Soveltuu erityisesti paikalliseen k\u00e4ytt\u00f6\u00f6n.<\/li>\n<li class=\"productDetail__featureListItem fadeInDown\">ON\/OFF kytkimen p\u00e4\u00e4ll\u00e4 oleva kumisuoja est\u00e4\u00e4 p\u00f6ly\u00e4 ja likaa p\u00e4\u00e4sem\u00e4st\u00e4 kytkimeen. Ei juuttuneen kytkimen aiheuttamia toimintah\u00e4iri\u00f6it\u00e4.<\/li>\n<li class=\"productDetail__featureListItem fadeInDown\">Ergonominen ote: Kevyt, rasittamaton ty\u00f6asento takaa miellytt\u00e4v\u00e4n ty\u00f6skentelyn<\/li>\n<li class=\"productDetail__featureListItem fadeInDown\">Nelj\u00e4 kumipuskuria suojaa konetta iskuilta ty\u00f6maalla, kuljetuksessa ja varastoinnissa<\/li>\n<li class=\"productDetail__featureListItem fadeInDown\">Moottorin suojakotelo ohjaa j\u00e4\u00e4hdytysilman virtausta ja est\u00e4\u00e4 veden p\u00e4\u00e4syn moottoriin.<\/li>\n<li class=\"productDetail__featureListItem fadeInDown\">Karalukitus k\u00e4ynnistyksen estolla. Helpottaa sekoittimen vaihtoa<\/li>\n<li class=\"productDetail__featureListItem fadeInDown\">Eri applikaatiot 60 kg asti<\/li>\n<li class=\"productDetail__featureListItem fadeInDown\">Seos: Kovasta painavaan materiaaliin, kuten laastit ja betoni<\/li>\n<\/ul>\n","protected":false},"excerpt":{"rendered":"<p>Flex MXE 1200 sekoituskone ammattik\u00e4ytt\u00f6\u00f6n<\/p>\n","protected":false},"featured_media":27594,"template":"","meta":{"_et_pb_use_builder":"","_et_pb_old_content":"","_et_gb_content_width":""},"pwb-brand":[1458],"product_brand":[],"product_cat":[1891],"product_tag":[],"class_list":{"0":"post-27595","1":"product","2":"type-product","3":"status-publish","4":"has-post-thumbnail","6":"pwb-brand-flex","7":"product_cat-sekoituskoneet","9":"first","10":"instock","11":"taxable","12":"shipping-taxable","13":"purchasable","14":"product-type-simple"},"brands":[{"id":1458,"name":"Flex","slug":"flex"}],"_links":{"self":[{"href":"https:\/\/silikotek.sapartners.site\/index.php\/wp-json\/wp\/v2\/product\/27595","targetHints":{"allow":["GET"]}}],"collection":[{"href":"https:\/\/silikotek.sapartners.site\/index.php\/wp-json\/wp\/v2\/product"}],"about":[{"href":"https:\/\/silikotek.sapartners.site\/index.php\/wp-json\/wp\/v2\/types\/product"}],"wp:featuredmedia":[{"embeddable":true,"href":"https:\/\/silikotek.sapartners.site\/index.php\/wp-json\/wp\/v2\/media\/27594"}],"wp:attachment":[{"href":"https:\/\/silikotek.sapartners.site\/index.php\/wp-json\/wp\/v2\/media?parent=27595"}],"wp:term":[{"taxonomy":"pwb-brand","embeddable":true,"href":"https:\/\/silikotek.sapartners.site\/index.php\/wp-json\/wp\/v2\/pwb-brand?post=27595"},{"taxonomy":"product_brand","embeddable":true,"href":"https:\/\/silikotek.sapartners.site\/index.php\/wp-json\/wp\/v2\/product_brand?post=27595"},{"taxonomy":"product_cat","embeddable":true,"href":"https:\/\/silikotek.sapartners.site\/index.php\/wp-json\/wp\/v2\/product_cat?post=27595"},{"taxonomy":"product_tag","embeddable":true,"href":"https:\/\/silikotek.sapartners.site\/index.php\/wp-json\/wp\/v2\/product_tag?post=27595"}],"curies":[{"name":"wp","href":"https:\/\/api.w.org\/{rel}","templated":true}]}}