{"id":27580,"date":"2022-03-03T10:53:48","date_gmt":"2022-03-03T08:53:48","guid":{"rendered":"https:\/\/www.silikotek.fi\/?post_type=product&#038;p=27580"},"modified":"2022-03-03T10:53:49","modified_gmt":"2022-03-03T08:53:49","slug":"flex-ore-5-150-ec-epakeskohiomakone-150-mm","status":"publish","type":"product","link":"https:\/\/silikotek.sapartners.site\/index.php\/tuote\/flex-ore-5-150-ec-epakeskohiomakone-150-mm\/","title":{"rendered":"Flex ORE 5-150 EC ep\u00e4keskohiomakone 150 mm"},"content":{"rendered":"<p>EAN:4030293197305<\/p>\n<p>Tuotekoodi:447706<\/p>\n<p>&nbsp;<\/p>\n<p><span class=\"productDetail__subheader\"><span class=\"productDetail__teaser\">Voimakas ep\u00e4keskohiomakone portaattomalla nopeudens\u00e4\u00e4d\u00f6ll\u00e4, 150 mm<\/span><\/span><\/p>\n<ul class=\"contentlist productDetail__featureList js-toggle-list\">\n<li class=\"productDetail__featureListItem \">Hiiliharjaton moottori, enemm\u00e4n tehoa ja pidempi huoltov\u00e4li<\/li>\n<li class=\"productDetail__featureListItem \">Hiontanopeuden s\u00e4\u00e4t\u00f6 materiaalin mukaan<\/li>\n<li class=\"productDetail__featureListItem \">Tehokas p\u00f6lynimu integroidun imurin ansiosta &#8211; p\u00f6lyt\u00f6nt\u00e4 ty\u00f6skentely\u00e4 suodatinpatruunan kanssa<\/li>\n<li class=\"productDetail__featureListItem fadeInDown\">Ergonomisesti suunniteltu, soft grip- p\u00e4\u00e4llystetty k\u00e4densija takaa varman otteen ja hyv\u00e4n ohjattavuuden.<\/li>\n<li class=\"productDetail__featureListItem fadeInDown\">Iskunkest\u00e4v\u00e4 suodatinpatruuna vaihdettavalla PES suodattimella. Helppo tyhjennys ja suodattimenpuhdistus takaavat maksimaalisen huoltov\u00e4lin<\/li>\n<li class=\"productDetail__featureListItem fadeInDown\">PES suodatinpatruuna jossa cycloni-toiminto p\u00f6lytt\u00f6m\u00e4\u00e4n ja tehokkaaseen ty\u00f6skentelyyn<\/li>\n<li class=\"productDetail__featureListItem fadeInDown\">Kevyt yhdenk\u00e4den ty\u00f6kalu. Hyv\u00e4 ergonomia ja erityinen vakautusj\u00e4rjestelm\u00e4 matalakierroksiseen ty\u00f6skentelyyn. Mukavaa ty\u00f6skentely\u00e4 niveli\u00e4 rasittamatta.<\/li>\n<li class=\"productDetail__featureListItem fadeInDown\">Liit\u00e4nt\u00e4 ulkoiselle p\u00f6lynimuj\u00e4rjestelm\u00e4lle \u00d8 27 mm, adapterit SAD-C 27 AS tai antistaattinen imuletku SH 27x4m AS (379.395)<\/li>\n<li class=\"productDetail__featureListItem fadeInDown\">Tarra hioma-alusta saatavilla kolmessa eri kovuudessa: eritt\u00e4in pehme\u00e4, pehme\u00e4 ja kova<\/li>\n<li class=\"productDetail__featureListItem fadeInDown\">Tarra hioma-alusta jossa multi -imusysteemi, optimaaliseen p\u00f6lynpoistoon, soveltuu kaikille standardi 150 halk. hiomatarvikkeille<\/li>\n<li class=\"productDetail__featureListItem fadeInDown\">Varustettu laikanpys\u00e4ytysmekanismilla, t\u00e4m\u00e4n ansiosta pinnoille ei synny ep\u00e4toivottuja hiomaj\u00e4lki\u00e4, eik\u00e4 kalliita korjailutoimenpiteit\u00e4 tarvita.<\/li>\n<li class=\"productDetail__featureListItem fadeInDown\">Soveltuu hyvin p\u00e4\u00e4n yl\u00e4puolella olevien kohteiden ty\u00f6st\u00f6\u00f6n<\/li>\n<li class=\"productDetail__featureListItem fadeInDown\">Ottoteho 400w<\/li>\n<li class=\"productDetail__featureListItem fadeInDown\">Isku 5 mm<\/li>\n<li class=\"productDetail__featureListItem fadeInDown\">Kuormittamaton kierrosluku\u00a0<span class=\"tabs__attribute tabs__attribute--right\">6000 &#8211; 10000 \/min<\/span><\/li>\n<li class=\"productDetail__featureListItem fadeInDown\">Ep\u00e4keskoliike\u00a0<span class=\"tabs__attribute tabs__attribute--right\">12000 &#8211; 20000 \/min<\/span><\/li>\n<li class=\"productDetail__featureListItem fadeInDown\"><span class=\"tabs__attribute tabs__attribute--right\">Paino 1,65 kg<br \/>\n<\/span><\/li>\n<li class=\"productDetail__featureListItem fadeInDown\"><span class=\"tabs__attribute tabs__attribute--right\">Johdon pituus 4,0 m<\/span><\/li>\n<\/ul>\n","protected":false},"excerpt":{"rendered":"<p>Voimakas ep\u00e4keskohiomakone portaattomalla nopeudens\u00e4\u00e4d\u00f6ll\u00e4, 5 mm ep\u00e4keskoliikkeell\u00e4. Soveltuu p\u00e4ivitt\u00e4iseen ammattik\u00e4ytt\u00f6\u00f6n.<\/p>\n","protected":false},"featured_media":27581,"template":"","meta":{"_et_pb_use_builder":"","_et_pb_old_content":"","_et_gb_content_width":""},"pwb-brand":[1458],"product_brand":[],"product_cat":[892],"product_tag":[],"class_list":{"0":"post-27580","1":"product","2":"type-product","3":"status-publish","4":"has-post-thumbnail","6":"pwb-brand-flex","7":"product_cat-epakeskohiomakoneet-sahko","9":"first","10":"instock","11":"taxable","12":"shipping-taxable","13":"purchasable","14":"product-type-simple"},"brands":[{"id":1458,"name":"Flex","slug":"flex"}],"_links":{"self":[{"href":"https:\/\/silikotek.sapartners.site\/index.php\/wp-json\/wp\/v2\/product\/27580","targetHints":{"allow":["GET"]}}],"collection":[{"href":"https:\/\/silikotek.sapartners.site\/index.php\/wp-json\/wp\/v2\/product"}],"about":[{"href":"https:\/\/silikotek.sapartners.site\/index.php\/wp-json\/wp\/v2\/types\/product"}],"wp:featuredmedia":[{"embeddable":true,"href":"https:\/\/silikotek.sapartners.site\/index.php\/wp-json\/wp\/v2\/media\/27581"}],"wp:attachment":[{"href":"https:\/\/silikotek.sapartners.site\/index.php\/wp-json\/wp\/v2\/media?parent=27580"}],"wp:term":[{"taxonomy":"pwb-brand","embeddable":true,"href":"https:\/\/silikotek.sapartners.site\/index.php\/wp-json\/wp\/v2\/pwb-brand?post=27580"},{"taxonomy":"product_brand","embeddable":true,"href":"https:\/\/silikotek.sapartners.site\/index.php\/wp-json\/wp\/v2\/product_brand?post=27580"},{"taxonomy":"product_cat","embeddable":true,"href":"https:\/\/silikotek.sapartners.site\/index.php\/wp-json\/wp\/v2\/product_cat?post=27580"},{"taxonomy":"product_tag","embeddable":true,"href":"https:\/\/silikotek.sapartners.site\/index.php\/wp-json\/wp\/v2\/product_tag?post=27580"}],"curies":[{"name":"wp","href":"https:\/\/api.w.org\/{rel}","templated":true}]}}