{"id":27562,"date":"2022-03-03T09:24:21","date_gmt":"2022-03-03T07:24:21","guid":{"rendered":"https:\/\/www.silikotek.fi\/?post_type=product&#038;p=27562"},"modified":"2022-03-03T09:24:21","modified_gmt":"2022-03-03T07:24:21","slug":"flex-vc-6-l-mc-imuri-230v","status":"publish","type":"product","link":"https:\/\/silikotek.sapartners.site\/index.php\/tuote\/flex-vc-6-l-mc-imuri-230v\/","title":{"rendered":"Flex VC 6 L MC imuri 230V"},"content":{"rendered":"<p>EAN:4030293215641<\/p>\n<p>Tuotekoodi:481513<\/p>\n<h1>Flex VC 6 L MC imuri 230V<\/h1>\n<p><span class=\"productDetail__subheader\"><span class=\"productDetail__teaser\">Kompakti imuri manuaalisella suodattimenpuhdistuksella, 6 l, luokka L<\/span><\/span><\/p>\n<ul class=\"contentlist productDetail__featureList js-toggle-list\">\n<li class=\"productDetail__featureListItem \">Eritt\u00e4in k\u00e4tev\u00e4 ja kevyt imuri jossa kantohihna. K\u00e4tev\u00e4 kuljettaa mukana.<\/li>\n<li class=\"productDetail__featureListItem \">Vahva moottori varmistaa tehokkaan imukyvyn. Tuloksena erinomainen p\u00f6lynpoisto<\/li>\n<li class=\"productDetail__featureListItem \">K\u00e4ynnist\u00e4m\u00e4ll\u00e4 suodattimen puhdistus manuaalisesti m\u00e4\u00e4r\u00e4v\u00e4lein, saadaan suodattimeen kertynyt p\u00f6ly poistettua kohdistetulla ilmanpurkauksella.<\/li>\n<li class=\"productDetail__featureListItem fadeInDown\">Tasosuodatin, optimoitu siivous tulos ja parannettu s\u00e4ili\u00f6n t\u00e4ytt\u00f6<\/li>\n<li class=\"productDetail__featureListItem fadeInDown\">Tarvikelokero, jossa on integroitu imup\u00e4\u00e4n asennusjalusta<\/li>\n<li class=\"productDetail__featureListItem fadeInDown\">Halkaisijaltaan 32 mm kompakti letku, pituus 0,5 m, voidaan pident\u00e4\u00e4 2,5 metriin.<\/li>\n<li class=\"productDetail__featureListItem fadeInDown\">Sis\u00e4lt\u00e4\u00e4 helposti asennettavan alustan<\/li>\n<li class=\"productDetail__featureListItem fadeInDown\">Tehokas imuri ammattik\u00e4ytt\u00f6\u00f6n, kokoonpanot, ajoneuvojen siivous ym. FLEX ty\u00f6kalujen liitt\u00e4minen on helppoa FLEX clip -j\u00e4rjestelm\u00e4n avulla<\/li>\n<li class=\"productDetail__featureListItem fadeInDown\">Ihanteellinen puhdistusty\u00f6h\u00f6n toimistoissa, varastotiloissa, ty\u00f6pajoissa ja ajoneuvoiss<\/li>\n<\/ul>\n<p><span class=\"productDetail__subheader\">Ottoteho P. max.1200 Watt<br \/>\nMaksimaalinen virtaus\u00a02280 l\/min<br \/>\nMaksimi alipaine\u00a023000 Pa<br \/>\nSuodattimen pinta-ala\u00a03000 cm\u00b2<br \/>\nS\u00e4ili\u00f6n tilavuus\u00a06 l<br \/>\nKoko (L x P x K)300 x 230 x\u00a0440 mm<br \/>\nJohdon pituus\u00a05,0 m<br \/>\nPaino sis. tarvikkeet\u00a04,7 kg<\/span><\/p>\n","protected":false},"excerpt":{"rendered":"<p>K\u00e4tev\u00e4 kompakti Flex imuri lattiasuulakesarjalla<\/p>\n","protected":false},"featured_media":27563,"template":"","meta":{"_et_pb_use_builder":"","_et_pb_old_content":"","_et_gb_content_width":""},"pwb-brand":[],"product_brand":[],"product_cat":[834,444],"product_tag":[],"class_list":{"0":"post-27562","1":"product","2":"type-product","3":"status-publish","4":"has-post-thumbnail","6":"product_cat-imurit","7":"product_cat-flex","9":"first","10":"instock","11":"taxable","12":"shipping-taxable","13":"purchasable","14":"product-type-simple"},"brands":[],"_links":{"self":[{"href":"https:\/\/silikotek.sapartners.site\/index.php\/wp-json\/wp\/v2\/product\/27562","targetHints":{"allow":["GET"]}}],"collection":[{"href":"https:\/\/silikotek.sapartners.site\/index.php\/wp-json\/wp\/v2\/product"}],"about":[{"href":"https:\/\/silikotek.sapartners.site\/index.php\/wp-json\/wp\/v2\/types\/product"}],"wp:featuredmedia":[{"embeddable":true,"href":"https:\/\/silikotek.sapartners.site\/index.php\/wp-json\/wp\/v2\/media\/27563"}],"wp:attachment":[{"href":"https:\/\/silikotek.sapartners.site\/index.php\/wp-json\/wp\/v2\/media?parent=27562"}],"wp:term":[{"taxonomy":"pwb-brand","embeddable":true,"href":"https:\/\/silikotek.sapartners.site\/index.php\/wp-json\/wp\/v2\/pwb-brand?post=27562"},{"taxonomy":"product_brand","embeddable":true,"href":"https:\/\/silikotek.sapartners.site\/index.php\/wp-json\/wp\/v2\/product_brand?post=27562"},{"taxonomy":"product_cat","embeddable":true,"href":"https:\/\/silikotek.sapartners.site\/index.php\/wp-json\/wp\/v2\/product_cat?post=27562"},{"taxonomy":"product_tag","embeddable":true,"href":"https:\/\/silikotek.sapartners.site\/index.php\/wp-json\/wp\/v2\/product_tag?post=27562"}],"curies":[{"name":"wp","href":"https:\/\/api.w.org\/{rel}","templated":true}]}}