{"id":27519,"date":"2022-02-28T11:03:39","date_gmt":"2022-02-28T09:03:39","guid":{"rendered":"https:\/\/www.silikotek.fi\/?post_type=product&#038;p=27519"},"modified":"2022-02-28T11:03:39","modified_gmt":"2022-02-28T09:03:39","slug":"suojalasi-uvex-i-3-9190","status":"publish","type":"product","link":"https:\/\/silikotek.sapartners.site\/index.php\/tuote\/suojalasi-uvex-i-3-9190\/","title":{"rendered":"Suojalasi Uvex i-3 9190"},"content":{"rendered":"<p><span class=\"media-container__box-title hide_mobile\">Tuotekuvaus<\/span><\/p>\n<ul>\n<li>Polykarbonaattilinssi<\/li>\n<li>Linssin kulma s\u00e4\u00e4dett\u00e4viss\u00e4<\/li>\n<li>Integroitu Softflex-vy\u00f6hyke tuntuu miellytt\u00e4v\u00e4lt\u00e4<\/li>\n<li>Pehme\u00e4 Softflex nen\u00e4silta<\/li>\n<li>UV 400 antaa 100 % UV suojauksen<\/li>\n<li>Supravision excellence &#8211; huurtumissuoja linssin sis\u00e4puolella, naarmuuntumissuoja ulkopinnalla ja hyv\u00e4 kemikaalien vastustuskyky<\/li>\n<li>Supravision plus &#8211; huurtumissuoja linssin molemmin puolin, antistaattinen ja naarmuuntumaton<\/li>\n<li>Supravision AR &#8211; antireflex molemmin puolin<\/li>\n<li>Supravision variomatic &#8211; Reagoi valolle ja muuttaa v\u00e4ri\u00e4 riippuen siit\u00e4 oletko ulkona tai sis\u00e4ll\u00e4, tummentuu automaattisesti 10 sekunnissa ja palauttaa normaalit v\u00e4rit 30 sekunnin sis\u00e4ll\u00e4. Linsseiss\u00e4 on my\u00f6s h\u00e4ik\u00e4isysuoja.<\/li>\n<\/ul>\n<p>Vastaa EN 166, luokka 1FT, K, N vaatimuksia. Kirkas ja keltainen linssi my\u00f6s EN 170. Harmaa linssi my\u00f6s EN 172.<\/p>\n","protected":false},"excerpt":{"rendered":"<p>Tuotekuvaus Polykarbonaattilinssi Linssin kulma s\u00e4\u00e4dett\u00e4viss\u00e4 Integroitu Softflex-vy\u00f6hyke tuntuu miellytt\u00e4v\u00e4lt\u00e4 Pehme\u00e4 Softflex nen\u00e4silta UV 400 antaa 100 % UV suojauksen Supravision excellence &#8211; huurtumissuoja linssin sis\u00e4puolella, naarmuuntumissuoja ulkopinnalla ja hyv\u00e4 kemikaalien vastustuskyky Supravision plus &#8211; huurtumissuoja linssin molemmin puolin, antistaattinen ja naarmuuntumaton Supravision AR &#8211; antireflex molemmin puolin Supravision variomatic &#8211; Reagoi valolle ja muuttaa v\u00e4ri\u00e4 [&hellip;]<\/p>\n","protected":false},"featured_media":27520,"template":"","meta":{"_et_pb_use_builder":"","_et_pb_old_content":"","_et_gb_content_width":""},"pwb-brand":[1888],"product_brand":[],"product_cat":[1542],"product_tag":[],"class_list":{"0":"post-27519","1":"product","2":"type-product","3":"status-publish","4":"has-post-thumbnail","6":"pwb-brand-uvex","7":"product_cat-suojalasit","9":"first","10":"instock","11":"taxable","12":"shipping-taxable","13":"purchasable","14":"product-type-simple"},"brands":[{"id":1888,"name":"Uvex","slug":"uvex"}],"_links":{"self":[{"href":"https:\/\/silikotek.sapartners.site\/index.php\/wp-json\/wp\/v2\/product\/27519","targetHints":{"allow":["GET"]}}],"collection":[{"href":"https:\/\/silikotek.sapartners.site\/index.php\/wp-json\/wp\/v2\/product"}],"about":[{"href":"https:\/\/silikotek.sapartners.site\/index.php\/wp-json\/wp\/v2\/types\/product"}],"wp:featuredmedia":[{"embeddable":true,"href":"https:\/\/silikotek.sapartners.site\/index.php\/wp-json\/wp\/v2\/media\/27520"}],"wp:attachment":[{"href":"https:\/\/silikotek.sapartners.site\/index.php\/wp-json\/wp\/v2\/media?parent=27519"}],"wp:term":[{"taxonomy":"pwb-brand","embeddable":true,"href":"https:\/\/silikotek.sapartners.site\/index.php\/wp-json\/wp\/v2\/pwb-brand?post=27519"},{"taxonomy":"product_brand","embeddable":true,"href":"https:\/\/silikotek.sapartners.site\/index.php\/wp-json\/wp\/v2\/product_brand?post=27519"},{"taxonomy":"product_cat","embeddable":true,"href":"https:\/\/silikotek.sapartners.site\/index.php\/wp-json\/wp\/v2\/product_cat?post=27519"},{"taxonomy":"product_tag","embeddable":true,"href":"https:\/\/silikotek.sapartners.site\/index.php\/wp-json\/wp\/v2\/product_tag?post=27519"}],"curies":[{"name":"wp","href":"https:\/\/api.w.org\/{rel}","templated":true}]}}