{"id":2746,"date":"2014-03-31T10:48:09","date_gmt":"2014-03-31T10:48:09","guid":{"rendered":"http:\/\/192.168.100.222\/target_carts\/wordpress\/wordpress495\/wordpress\/?product=ruuvipenkki-100-mm-magnat"},"modified":"2019-01-31T16:03:23","modified_gmt":"2019-01-31T14:03:23","slug":"ruuvipenkki-100-mm-magnat","status":"publish","type":"product","link":"https:\/\/silikotek.sapartners.site\/index.php\/tuote\/ruuvipenkki-100-mm-magnat\/","title":{"rendered":"Magnat Ruuvipenkki 100 mm"},"content":{"rendered":"<p>\u2022 Laaturuuvipenkki MAGNAT<br \/>\n\u2022 ter\u00e4ksest\u00e4 taottu<br \/>\n\u2022 karkaistu<br \/>\n\u2022 rikkoutumaton<br \/>\n\u2022 s\u00e4\u00e4dett\u00e4v\u00e4 ohjaus<br \/>\n\u2022 eritt\u00e4in suuri kiinnityspituus<\/p>\n<p>\u2022 Suuri alasin oikaisu- ja tyss\u00e4ysty\u00f6skentely\u00e4 varten<br \/>\n\u2022 jyrsityt, karkaistut kiristysleuat<br \/>\n\u2022 kiinnityskorvat erikoisleukoja varten<br \/>\n\u2022 patentoitu \u00bd\u201d MDS-kara<\/p>\n<p>\u2022 Koko 100 mm<br \/>\n\u2022 Paino 5,5 kg<\/p>\n<p>Tuotenumero: 3010000100<\/p>\n","protected":false},"excerpt":{"rendered":"<p>Ruuvipenkki 100 mm<\/p>\n","protected":false},"featured_media":19623,"template":"","meta":{"_et_pb_use_builder":"","_et_pb_old_content":"","_et_gb_content_width":""},"pwb-brand":[],"product_brand":[],"product_cat":[318],"product_tag":[],"class_list":{"0":"post-2746","1":"product","2":"type-product","3":"status-publish","4":"has-post-thumbnail","6":"product_cat-ruuvipenkit","8":"first","9":"instock","10":"taxable","11":"shipping-taxable","12":"purchasable","13":"product-type-simple"},"brands":[],"_links":{"self":[{"href":"https:\/\/silikotek.sapartners.site\/index.php\/wp-json\/wp\/v2\/product\/2746","targetHints":{"allow":["GET"]}}],"collection":[{"href":"https:\/\/silikotek.sapartners.site\/index.php\/wp-json\/wp\/v2\/product"}],"about":[{"href":"https:\/\/silikotek.sapartners.site\/index.php\/wp-json\/wp\/v2\/types\/product"}],"wp:featuredmedia":[{"embeddable":true,"href":"https:\/\/silikotek.sapartners.site\/index.php\/wp-json\/wp\/v2\/media\/19623"}],"wp:attachment":[{"href":"https:\/\/silikotek.sapartners.site\/index.php\/wp-json\/wp\/v2\/media?parent=2746"}],"wp:term":[{"taxonomy":"pwb-brand","embeddable":true,"href":"https:\/\/silikotek.sapartners.site\/index.php\/wp-json\/wp\/v2\/pwb-brand?post=2746"},{"taxonomy":"product_brand","embeddable":true,"href":"https:\/\/silikotek.sapartners.site\/index.php\/wp-json\/wp\/v2\/product_brand?post=2746"},{"taxonomy":"product_cat","embeddable":true,"href":"https:\/\/silikotek.sapartners.site\/index.php\/wp-json\/wp\/v2\/product_cat?post=2746"},{"taxonomy":"product_tag","embeddable":true,"href":"https:\/\/silikotek.sapartners.site\/index.php\/wp-json\/wp\/v2\/product_tag?post=2746"}],"curies":[{"name":"wp","href":"https:\/\/api.w.org\/{rel}","templated":true}]}}