{"id":27435,"date":"2022-02-23T15:20:53","date_gmt":"2022-02-23T13:20:53","guid":{"rendered":"https:\/\/www.silikotek.fi\/?post_type=product&#038;p=27435"},"modified":"2022-02-23T15:50:16","modified_gmt":"2022-02-23T13:50:16","slug":"3m-aura-9322-ffp2-suodattava-puolinaamari-ventiililla-yksittaispakattu","status":"publish","type":"product","link":"https:\/\/silikotek.sapartners.site\/index.php\/tuote\/3m-aura-9322-ffp2-suodattava-puolinaamari-ventiililla-yksittaispakattu\/","title":{"rendered":"3M Aura 9322+ FFP2 Suodattava Puolinaamari Ventiilill\u00e4 yksitt\u00e4ispakattu"},"content":{"rendered":"<ul>\n<li>Suojausluokka FFP2, suojaa kiinteilt\u00e4 ja nestem\u00e4isilt\u00e4 hiukkasilta 12x nimellinen HTP.<\/li>\n<li>K\u00e4ytett\u00e4v\u00e4ksi enint\u00e4\u00e4n yhden ty\u00f6vuoron ajan. (NR)<\/li>\n<li>Dolomiittitestattu (D).<\/li>\n<li>Joustava ja mukava nen\u00e4silta.<\/li>\n<li>Uudella tavalla muotoiltu leukaosa, helpottaa paikoilleen asettamista.<\/li>\n<li>S\u00e4\u00e4dett\u00e4v\u00e4 kuminauha.<\/li>\n<li>V\u00e4rikoodattu kuminauha suojaustason tunnistamista varten.<\/li>\n<li>Hygieenisesti pakattu.<\/li>\n<\/ul>\n<p>Vastaa EN 149:2001 + A1:2009 vaatimuksia.<\/p>\n","protected":false},"excerpt":{"rendered":"<p>K\u00e4tev\u00e4, suodattava hengityssuojain 3M Aura 9322 plus FFP2 venttillill\u00e4, taitettava malli. Tehokas suodatin, ja alhainen sis\u00e4\u00e4nhengitysvastus. Joustava s\u00e4\u00e4t\u00f6nauha. Uloshengitysventtiili, joka p\u00e4\u00e4st\u00e4\u00e4 ulos kosteutta, l\u00e4mp\u00f6\u00e4 ja hiilidioksidia. Mukava k\u00e4ytt\u00e4\u00e4 koko ty\u00f6vuoron ajan. Kohokuvioitu yl\u00e4reuna pienent\u00e4\u00e4 silm\u00e4lasien huurtumisen riski\u00e4.<\/p>\n<p>Myyd\u00e4\u00e4n 10, 50 ja 330 kpl pakkauksissa<\/p>\n","protected":false},"featured_media":23136,"template":"","meta":{"_et_pb_use_builder":"","_et_pb_old_content":"","_et_gb_content_width":""},"pwb-brand":[1875],"product_brand":[],"product_cat":[813],"product_tag":[1878],"class_list":{"0":"post-27435","1":"product","2":"type-product","3":"status-publish","4":"has-post-thumbnail","6":"pwb-brand-3m","7":"product_cat-kertakayttoiset-hengityssuojaimet","8":"product_tag-9322-plus","9":"pa_pakkauskoko-973","10":"pa_pakkauskoko-1877","11":"pa_pakkauskoko-1874","13":"first","14":"instock","15":"taxable","16":"shipping-taxable","17":"purchasable","18":"product-type-variable"},"brands":[{"id":1875,"name":"3M","slug":"3m"}],"_links":{"self":[{"href":"https:\/\/silikotek.sapartners.site\/index.php\/wp-json\/wp\/v2\/product\/27435","targetHints":{"allow":["GET"]}}],"collection":[{"href":"https:\/\/silikotek.sapartners.site\/index.php\/wp-json\/wp\/v2\/product"}],"about":[{"href":"https:\/\/silikotek.sapartners.site\/index.php\/wp-json\/wp\/v2\/types\/product"}],"wp:featuredmedia":[{"embeddable":true,"href":"https:\/\/silikotek.sapartners.site\/index.php\/wp-json\/wp\/v2\/media\/23136"}],"wp:attachment":[{"href":"https:\/\/silikotek.sapartners.site\/index.php\/wp-json\/wp\/v2\/media?parent=27435"}],"wp:term":[{"taxonomy":"pwb-brand","embeddable":true,"href":"https:\/\/silikotek.sapartners.site\/index.php\/wp-json\/wp\/v2\/pwb-brand?post=27435"},{"taxonomy":"product_brand","embeddable":true,"href":"https:\/\/silikotek.sapartners.site\/index.php\/wp-json\/wp\/v2\/product_brand?post=27435"},{"taxonomy":"product_cat","embeddable":true,"href":"https:\/\/silikotek.sapartners.site\/index.php\/wp-json\/wp\/v2\/product_cat?post=27435"},{"taxonomy":"product_tag","embeddable":true,"href":"https:\/\/silikotek.sapartners.site\/index.php\/wp-json\/wp\/v2\/product_tag?post=27435"}],"curies":[{"name":"wp","href":"https:\/\/api.w.org\/{rel}","templated":true}]}}