{"id":27355,"date":"2022-02-22T14:57:26","date_gmt":"2022-02-22T12:57:26","guid":{"rendered":"https:\/\/www.silikotek.fi\/?post_type=product&#038;p=27355"},"modified":"2022-03-22T16:04:04","modified_gmt":"2022-03-22T14:04:04","slug":"milwaukee-m12-fhs-602x-ketjusaha-2x60-ah-akuilla","status":"publish","type":"product","link":"https:\/\/silikotek.sapartners.site\/index.php\/tuote\/milwaukee-m12-fhs-602x-ketjusaha-2x60-ah-akuilla\/","title":{"rendered":"Milwaukee M12 FHS-602X ketjusaha 2&#215;6,0 ah akuilla"},"content":{"rendered":"<table class=\"NormalTable\" style=\"width: 378px;\">\n<tbody>\n<tr>\n<td style=\"width: 368px;\"><span class=\"fontstyle0\">M12 FUEL&#x2122; HATCHET&#x2122; -ketjusahassa on voimaa katkaista 75 mm kovapuuta, ja se<br \/>\ntuottaa jopa 120 katkaisua yhdell\u00e4 M12&#x2122; B4 -akun latauksella. Automaattinen voitelulaite<br \/>\nhelpottaa k\u00e4ytt\u00f6\u00e4 ja ketjun asianmukaista voitelua. S\u00e4\u00e4delt\u00e4v\u00e4 nopeuskytkin. Helppo<br \/>\nketjun kiristin mahdollistaa nopean ketjun kireyden s\u00e4\u00e4t\u00e4misen. L\u00e4pikuultava \u00f6ljys\u00e4ili\u00f6<br \/>\nhelpottaa \u00f6ljytason tarkastamista. Paino akun kanssa 2,3 kg. Mukana toimitetaan 2 x 6,0<br \/>\nAh REDLITHIUM&#x2122;-akut, 90 min. laturi, 15 cm (6\u02dd) Oregon-laippa ja -ketju, tulppa-avain,<br \/>\nlaipan suojus ja HD Box -salkku.<\/span><\/td>\n<\/tr>\n<\/tbody>\n<\/table>\n<p>&nbsp;<\/p>\n","protected":false},"excerpt":{"rendered":"<p>\u00c4rh\u00e4kk\u00e4 pieni oksasaha isoilla 6,0 ah akuilla. Mainio ketjusaha erilaisten puiden ja pensaiden siistimiseen<\/p>\n","protected":false},"featured_media":27356,"template":"","meta":{"_et_pb_use_builder":"","_et_pb_old_content":"","_et_gb_content_width":""},"pwb-brand":[1452],"product_brand":[],"product_cat":[1895,743],"product_tag":[],"class_list":{"0":"post-27355","1":"product","2":"type-product","3":"status-publish","4":"has-post-thumbnail","6":"pwb-brand-milwaukee","7":"product_cat-akkukayttoiset-puutarhatyokalut","8":"product_cat-muut-akkukayttoiset-laitteet","10":"first","11":"instock","12":"taxable","13":"shipping-taxable","14":"purchasable","15":"product-type-simple"},"brands":[{"id":1452,"name":"Milwaukee","slug":"milwaukee"}],"_links":{"self":[{"href":"https:\/\/silikotek.sapartners.site\/index.php\/wp-json\/wp\/v2\/product\/27355","targetHints":{"allow":["GET"]}}],"collection":[{"href":"https:\/\/silikotek.sapartners.site\/index.php\/wp-json\/wp\/v2\/product"}],"about":[{"href":"https:\/\/silikotek.sapartners.site\/index.php\/wp-json\/wp\/v2\/types\/product"}],"wp:featuredmedia":[{"embeddable":true,"href":"https:\/\/silikotek.sapartners.site\/index.php\/wp-json\/wp\/v2\/media\/27356"}],"wp:attachment":[{"href":"https:\/\/silikotek.sapartners.site\/index.php\/wp-json\/wp\/v2\/media?parent=27355"}],"wp:term":[{"taxonomy":"pwb-brand","embeddable":true,"href":"https:\/\/silikotek.sapartners.site\/index.php\/wp-json\/wp\/v2\/pwb-brand?post=27355"},{"taxonomy":"product_brand","embeddable":true,"href":"https:\/\/silikotek.sapartners.site\/index.php\/wp-json\/wp\/v2\/product_brand?post=27355"},{"taxonomy":"product_cat","embeddable":true,"href":"https:\/\/silikotek.sapartners.site\/index.php\/wp-json\/wp\/v2\/product_cat?post=27355"},{"taxonomy":"product_tag","embeddable":true,"href":"https:\/\/silikotek.sapartners.site\/index.php\/wp-json\/wp\/v2\/product_tag?post=27355"}],"curies":[{"name":"wp","href":"https:\/\/api.w.org\/{rel}","templated":true}]}}