{"id":27352,"date":"2022-02-22T14:29:41","date_gmt":"2022-02-22T12:29:41","guid":{"rendered":"https:\/\/www.silikotek.fi\/?post_type=product&#038;p=27352"},"modified":"2022-03-22T16:13:20","modified_gmt":"2022-03-22T14:13:20","slug":"milwaukee-m12-fhs-0-akkuketjusaha","status":"publish","type":"product","link":"https:\/\/silikotek.sapartners.site\/index.php\/tuote\/milwaukee-m12-fhs-0-akkuketjusaha\/","title":{"rendered":"Milwaukee M12 FHS- 0 akkuketjusaha"},"content":{"rendered":"<table class=\"NormalTable\" style=\"width: 373px;\">\n<tbody>\n<tr>\n<td style=\"width: 363px;\"><span class=\"fontstyle0\">M12 FUEL&#x2122; HATCHET&#x2122; -ketjusahassa on voimaa katkaista 75 mm kovapuuta, ja se<br \/>\ntuottaa jopa 120 katkaisua yhdell\u00e4 M12&#x2122; B4 -akun latauksella. Automaattinen voitelulaite<br \/>\nhelpottaa k\u00e4ytt\u00f6\u00e4 ja ketjun asianmukaista voitelua. S\u00e4\u00e4delt\u00e4v\u00e4 nopeuskytkin. Helppo<br \/>\nketjun kiristin mahdollistaa nopean ketjun kireyden s\u00e4\u00e4t\u00e4misen. L\u00e4pikuultava \u00f6ljys\u00e4ili\u00f6<br \/>\nhelpottaa \u00f6ljytason tarkastamista. Paino akun kanssa 2,3 kg. Mukana toimitetaan 15 cm<br \/>\n(6\u02dd) Oregon-laippa ja -ketju, tulppa-avain, laipan suojus ja pahvilaatikko (ilman akkuja ja<br \/>\nlaturia)<\/span><\/td>\n<\/tr>\n<\/tbody>\n<\/table>\n<p>&nbsp;<\/p>\n","protected":false},"excerpt":{"rendered":"<p>N\u00e4pp\u00e4r\u00e4 akkuk\u00e4ytt\u00f6inen oksasaha vaikka omenapuiden oksien leikkaamiseen.<\/p>\n","protected":false},"featured_media":27354,"template":"","meta":{"_et_pb_use_builder":"","_et_pb_old_content":"","_et_gb_content_width":""},"pwb-brand":[1452],"product_brand":[],"product_cat":[1895,743],"product_tag":[1856],"class_list":{"0":"post-27352","1":"product","2":"type-product","3":"status-publish","4":"has-post-thumbnail","6":"pwb-brand-milwaukee","7":"product_cat-akkukayttoiset-puutarhatyokalut","8":"product_cat-muut-akkukayttoiset-laitteet","9":"product_tag-oksasaha","11":"first","12":"instock","13":"taxable","14":"shipping-taxable","15":"purchasable","16":"product-type-simple"},"brands":[{"id":1452,"name":"Milwaukee","slug":"milwaukee"}],"_links":{"self":[{"href":"https:\/\/silikotek.sapartners.site\/index.php\/wp-json\/wp\/v2\/product\/27352","targetHints":{"allow":["GET"]}}],"collection":[{"href":"https:\/\/silikotek.sapartners.site\/index.php\/wp-json\/wp\/v2\/product"}],"about":[{"href":"https:\/\/silikotek.sapartners.site\/index.php\/wp-json\/wp\/v2\/types\/product"}],"wp:featuredmedia":[{"embeddable":true,"href":"https:\/\/silikotek.sapartners.site\/index.php\/wp-json\/wp\/v2\/media\/27354"}],"wp:attachment":[{"href":"https:\/\/silikotek.sapartners.site\/index.php\/wp-json\/wp\/v2\/media?parent=27352"}],"wp:term":[{"taxonomy":"pwb-brand","embeddable":true,"href":"https:\/\/silikotek.sapartners.site\/index.php\/wp-json\/wp\/v2\/pwb-brand?post=27352"},{"taxonomy":"product_brand","embeddable":true,"href":"https:\/\/silikotek.sapartners.site\/index.php\/wp-json\/wp\/v2\/product_brand?post=27352"},{"taxonomy":"product_cat","embeddable":true,"href":"https:\/\/silikotek.sapartners.site\/index.php\/wp-json\/wp\/v2\/product_cat?post=27352"},{"taxonomy":"product_tag","embeddable":true,"href":"https:\/\/silikotek.sapartners.site\/index.php\/wp-json\/wp\/v2\/product_tag?post=27352"}],"curies":[{"name":"wp","href":"https:\/\/api.w.org\/{rel}","templated":true}]}}