{"id":27336,"date":"2022-02-21T15:43:04","date_gmt":"2022-02-21T13:43:04","guid":{"rendered":"https:\/\/www.silikotek.fi\/?post_type=product&#038;p=27336"},"modified":"2022-02-21T15:43:04","modified_gmt":"2022-02-21T13:43:04","slug":"milwaukee-m18-fid2-ox-iskeva-akkuruuvinvaannin","status":"publish","type":"product","link":"https:\/\/silikotek.sapartners.site\/index.php\/tuote\/milwaukee-m18-fid2-ox-iskeva-akkuruuvinvaannin\/","title":{"rendered":"Milwaukee M18 FID2-OX iskev\u00e4 akkuruuvinv\u00e4\u00e4nnin"},"content":{"rendered":"<table class=\"NormalTable\" style=\"width: 418px;\">\n<tbody>\n<tr>\n<td style=\"width: 408px;\"><span class=\"fontstyle0\">Kompakti M18 FUEL&#x2122; 1\/4\u02dd Hex iskev\u00e4 ruuvinv\u00e4\u00e4nnin hiiliharjattomalla POWERSTATE&#x2122;-<br \/>\nmoottorilla, enemm\u00e4n voimaa sek\u00e4 pidempi k\u00e4ytt\u00f6ik\u00e4. Vain 117 mm pitk\u00e4. MILWAUKEE\u00ae<br \/>\nDRIVE CONTROL&#x2122; mahdollistaa siirtymiset nelj\u00e4n eri vaihteen v\u00e4lill\u00e4, s\u00e4\u00e4t\u00e4\u00e4 my\u00f6s<br \/>\nv\u00e4\u00e4nt\u00f6momentin kullekin ty\u00f6lle sopivaksi &#8211; jopa 3600 r\/min, 4300 isk.\/min ja 226Nm.<br \/>\nREDLINK PLUS&#x2122; -elektroniikka tarjoa edistyksellisint\u00e4 digitaalista ylikuormitussuojaa<br \/>\nsek\u00e4 ty\u00f6kalulle ett\u00e4 akulle joka parantaa ty\u00f6kalun suorituskyky\u00e4 kuormituksessa.<br \/>\nREDLITHIUM&#x2122;-akku takaa pitk\u00e4 k\u00e4ytt\u00f6ajan ja optimoi kest\u00e4vyyden. LED-ty\u00f6valo. Paino akun kanssa 1,7 kg. Toimitetaan HD Box -salkussa (ilman akkua ja laturia).<\/span><\/td>\n<\/tr>\n<\/tbody>\n<\/table>\n<p>&nbsp;<\/p>\n","protected":false},"excerpt":{"rendered":"<p>Kompakti M18 FUEL&#x2122; 1\/4\u02dd Hex iskev\u00e4 ruuvinv\u00e4\u00e4nnin hiiliharjattomalla POWERSTATE&#x2122;- moottorilla, enemm\u00e4n voimaa sek\u00e4 pidempi k\u00e4ytt\u00f6ik\u00e4. Vain 117 mm pitk\u00e4. MILWAUKEE\u00ae DRIVE CONTROL&#x2122; mahdollistaa siirtymiset nelj\u00e4n eri vaihteen v\u00e4lill\u00e4, s\u00e4\u00e4t\u00e4\u00e4 my\u00f6s v\u00e4\u00e4nt\u00f6momentin kullekin ty\u00f6lle sopivaksi &#8211; jopa 3600 r\/min, 4300 isk.\/min ja 226Nm. REDLINK PLUS&#x2122; -elektroniikka tarjoa edistyksellisint\u00e4 digitaalista ylikuormitussuojaa sek\u00e4 ty\u00f6kalulle ett\u00e4 akulle joka parantaa [&hellip;]<\/p>\n","protected":false},"featured_media":27337,"template":"","meta":{"_et_pb_use_builder":"","_et_pb_old_content":"","_et_gb_content_width":""},"pwb-brand":[1452],"product_brand":[],"product_cat":[897],"product_tag":[],"class_list":{"0":"post-27336","1":"product","2":"type-product","3":"status-publish","4":"has-post-thumbnail","6":"pwb-brand-milwaukee","7":"product_cat-akkuruuvinvaantimet","9":"first","10":"instock","11":"taxable","12":"shipping-taxable","13":"purchasable","14":"product-type-simple"},"brands":[{"id":1452,"name":"Milwaukee","slug":"milwaukee"}],"_links":{"self":[{"href":"https:\/\/silikotek.sapartners.site\/index.php\/wp-json\/wp\/v2\/product\/27336","targetHints":{"allow":["GET"]}}],"collection":[{"href":"https:\/\/silikotek.sapartners.site\/index.php\/wp-json\/wp\/v2\/product"}],"about":[{"href":"https:\/\/silikotek.sapartners.site\/index.php\/wp-json\/wp\/v2\/types\/product"}],"wp:featuredmedia":[{"embeddable":true,"href":"https:\/\/silikotek.sapartners.site\/index.php\/wp-json\/wp\/v2\/media\/27337"}],"wp:attachment":[{"href":"https:\/\/silikotek.sapartners.site\/index.php\/wp-json\/wp\/v2\/media?parent=27336"}],"wp:term":[{"taxonomy":"pwb-brand","embeddable":true,"href":"https:\/\/silikotek.sapartners.site\/index.php\/wp-json\/wp\/v2\/pwb-brand?post=27336"},{"taxonomy":"product_brand","embeddable":true,"href":"https:\/\/silikotek.sapartners.site\/index.php\/wp-json\/wp\/v2\/product_brand?post=27336"},{"taxonomy":"product_cat","embeddable":true,"href":"https:\/\/silikotek.sapartners.site\/index.php\/wp-json\/wp\/v2\/product_cat?post=27336"},{"taxonomy":"product_tag","embeddable":true,"href":"https:\/\/silikotek.sapartners.site\/index.php\/wp-json\/wp\/v2\/product_tag?post=27336"}],"curies":[{"name":"wp","href":"https:\/\/api.w.org\/{rel}","templated":true}]}}