{"id":27321,"date":"2022-02-21T11:44:06","date_gmt":"2022-02-21T09:44:06","guid":{"rendered":"https:\/\/www.silikotek.fi\/?post_type=product&#038;p=27321"},"modified":"2022-02-22T11:21:21","modified_gmt":"2022-02-22T09:21:21","slug":"milwaukee-m18-cv-0-akkuimuri-suulakkeilla","status":"publish","type":"product","link":"https:\/\/silikotek.sapartners.site\/index.php\/tuote\/milwaukee-m18-cv-0-akkuimuri-suulakkeilla\/","title":{"rendered":"Milwaukee M18 CV-0 akkuimuri suulakkeilla"},"content":{"rendered":"<table class=\"NormalTable\" style=\"width: 515px;\">\n<tbody>\n<tr>\n<td style=\"width: 505px;\"><span class=\"fontstyle0\">Kompakti M18-rikkaimuri. Erinomainen imuteho puu-, metalli- ja muille roskille. HEPA<br \/>\nsuodattimet ker\u00e4\u00e4v\u00e4t 99,97 % hiukkasista jopa 0,3 mikroniin saakka. S\u00e4ili\u00f6n tilavuus 2,5 l.<br \/>\nLukittava kytkin v\u00e4hent\u00e4\u00e4 k\u00e4den v\u00e4symist\u00e4 pitk\u00e4aikaisessa k\u00e4yt\u00f6ss\u00e4. Monipuoliset<br \/>\ntarvikkeet niin pieni\u00e4 kuin suuriakin puhdistettavia alueita ajatellen. L\u00e4pin\u00e4kyv\u00e4<br \/>\nkatseluikkuna antaa k\u00e4ytt\u00e4j\u00e4lle mahdollisuuden n\u00e4hd\u00e4 roskien m\u00e4\u00e4r\u00e4n. Jopa 23 minuuttia<br \/>\njatkuvaa k\u00e4ytt\u00f6aikaa 5,0 Ah REDLITHIUM&#x2122; -akulla. Maks. imuteho 84,8 mbar.<br \/>\nIlmatilavuus 1019 l\/min. Paino akun kanssa 1,9 kg. Toimitetaan pahvilaatikossa (ilman<br \/>\nakkua ja laturia).<\/span><\/td>\n<\/tr>\n<\/tbody>\n<\/table>\n<p>&nbsp;<\/p>\n","protected":false},"excerpt":{"rendered":"<p>Tehokas akkuimuri hyvill\u00e4 suulakkeilla. HEPA suodattimilla, suodattaa 99,97 % jopa 0,3 microniin asti<\/p>\n<p>&nbsp;<\/p>\n","protected":false},"featured_media":27347,"template":"","meta":{"_et_pb_use_builder":"","_et_pb_old_content":"","_et_gb_content_width":""},"pwb-brand":[1452],"product_brand":[],"product_cat":[899],"product_tag":[],"class_list":{"0":"post-27321","1":"product","2":"type-product","3":"status-publish","4":"has-post-thumbnail","6":"pwb-brand-milwaukee","7":"product_cat-akkuimurit","9":"first","10":"instock","11":"taxable","12":"shipping-taxable","13":"purchasable","14":"product-type-simple"},"brands":[{"id":1452,"name":"Milwaukee","slug":"milwaukee"}],"_links":{"self":[{"href":"https:\/\/silikotek.sapartners.site\/index.php\/wp-json\/wp\/v2\/product\/27321","targetHints":{"allow":["GET"]}}],"collection":[{"href":"https:\/\/silikotek.sapartners.site\/index.php\/wp-json\/wp\/v2\/product"}],"about":[{"href":"https:\/\/silikotek.sapartners.site\/index.php\/wp-json\/wp\/v2\/types\/product"}],"wp:featuredmedia":[{"embeddable":true,"href":"https:\/\/silikotek.sapartners.site\/index.php\/wp-json\/wp\/v2\/media\/27347"}],"wp:attachment":[{"href":"https:\/\/silikotek.sapartners.site\/index.php\/wp-json\/wp\/v2\/media?parent=27321"}],"wp:term":[{"taxonomy":"pwb-brand","embeddable":true,"href":"https:\/\/silikotek.sapartners.site\/index.php\/wp-json\/wp\/v2\/pwb-brand?post=27321"},{"taxonomy":"product_brand","embeddable":true,"href":"https:\/\/silikotek.sapartners.site\/index.php\/wp-json\/wp\/v2\/product_brand?post=27321"},{"taxonomy":"product_cat","embeddable":true,"href":"https:\/\/silikotek.sapartners.site\/index.php\/wp-json\/wp\/v2\/product_cat?post=27321"},{"taxonomy":"product_tag","embeddable":true,"href":"https:\/\/silikotek.sapartners.site\/index.php\/wp-json\/wp\/v2\/product_tag?post=27321"}],"curies":[{"name":"wp","href":"https:\/\/api.w.org\/{rel}","templated":true}]}}