{"id":27315,"date":"2022-02-21T09:32:34","date_gmt":"2022-02-21T07:32:34","guid":{"rendered":"https:\/\/www.silikotek.fi\/?post_type=product&#038;p=27315"},"modified":"2022-02-21T09:57:16","modified_gmt":"2022-02-21T07:57:16","slug":"milwaukee-m18-fsag125x-0-akkukulmahuomakone-runko","status":"publish","type":"product","link":"https:\/\/silikotek.sapartners.site\/index.php\/tuote\/milwaukee-m18-fsag125x-0-akkukulmahuomakone-runko\/","title":{"rendered":"Milwaukee M18 FSAG125X-0 akkukulmahiomakone runko"},"content":{"rendered":"<table class=\"NormalTable\" style=\"width: 647px;\">\n<tbody>\n<tr>\n<td style=\"width: 637px;\"><span class=\"fontstyle0\">M18 FUEL&#x2122; 125 mm -kulmahiomakone tuottaa 1200 W s\u00e4hk\u00f6k\u00e4ytt\u00f6ist\u00e4 ty\u00f6kalua<br \/>\nvastaavan tehon. Pienempi vaihdep\u00e4\u00e4n koko ja akkukotelon matalampi kulma parantavat<br \/>\ntasapainoa ja ergonomiaa. Integroitu FIXTEC&#x2122;-j\u00e4rjestelm\u00e4. Lukittava liukukytkin,<br \/>\nylikuormitussuoja, takapotkusuoja ja turvakytkin j\u00e4lleenk\u00e4ynnistymissuojalla.<br \/>\nKuormittamaton nopeus 8500 kierr.\/min. Paino akun kanssa 2,7 kg. Mukana toimitetaan<br \/>\nrikkomasuoja pikaliittimell\u00e4, AVS-sivukahva, p\u00f6lyikkuna ja pahvilaatikko (ilman akkua ja<br \/>\nlaturia).<\/span><\/td>\n<\/tr>\n<\/tbody>\n<\/table>\n<p>&nbsp;<\/p>\n","protected":false},"excerpt":{"rendered":"<p>Tehokas akkukulmahiomakone 125 mm laikoille 1200 W ja 8500 kierr\/min. Saat t\u00e4h\u00e4n koneeseen 3 vuoden takuun my\u00f6s ammattik\u00e4yt\u00f6ss\u00e4 rekister\u00f6im\u00e4ll\u00e4 koneen.<\/p>\n","protected":false},"featured_media":27314,"template":"","meta":{"_et_pb_use_builder":"on","_et_pb_old_content":"<table class=\"NormalTable\" style=\"width: 647px;\">\r\n<tbody>\r\n<tr>\r\n<td style=\"width: 637px;\"><span class=\"fontstyle0\">M18 FUEL&#x2122; 125 mm -kulmahiomakone tuottaa 1200 W s\u00e4hk\u00f6k\u00e4ytt\u00f6ist\u00e4 ty\u00f6kalua\r\nvastaavan tehon. Pienempi vaihdep\u00e4\u00e4n koko ja akkukotelon matalampi kulma parantavat\r\ntasapainoa ja ergonomiaa. Integroitu FIXTEC&#x2122;-j\u00e4rjestelm\u00e4. Lukittava liukukytkin,\r\nylikuormitussuoja, takapotkusuoja ja turvakytkin j\u00e4lleenk\u00e4ynnistymissuojalla.\r\nKuormittamaton nopeus 8500 kierr.\/min. Paino akun kanssa 2,7 kg. Mukana toimitetaan\r\nrikkomasuoja pikaliittimell\u00e4, AVS-sivukahva, p\u00f6lyikkuna ja pahvilaatikko (ilman akkua ja\r\nlaturia).<\/span><\/td>\r\n<\/tr>\r\n<\/tbody>\r\n<\/table>\r\n&nbsp;","_et_gb_content_width":""},"pwb-brand":[1452],"product_brand":[],"product_cat":[738],"product_tag":[1854],"class_list":{"0":"post-27315","1":"product","2":"type-product","3":"status-publish","4":"has-post-thumbnail","6":"pwb-brand-milwaukee","7":"product_cat-akkukulmahiomakoneet","8":"product_tag-akkukulmuri","10":"first","11":"instock","12":"taxable","13":"shipping-taxable","14":"purchasable","15":"product-type-simple"},"brands":[{"id":1452,"name":"Milwaukee","slug":"milwaukee"}],"_links":{"self":[{"href":"https:\/\/silikotek.sapartners.site\/index.php\/wp-json\/wp\/v2\/product\/27315","targetHints":{"allow":["GET"]}}],"collection":[{"href":"https:\/\/silikotek.sapartners.site\/index.php\/wp-json\/wp\/v2\/product"}],"about":[{"href":"https:\/\/silikotek.sapartners.site\/index.php\/wp-json\/wp\/v2\/types\/product"}],"wp:featuredmedia":[{"embeddable":true,"href":"https:\/\/silikotek.sapartners.site\/index.php\/wp-json\/wp\/v2\/media\/27314"}],"wp:attachment":[{"href":"https:\/\/silikotek.sapartners.site\/index.php\/wp-json\/wp\/v2\/media?parent=27315"}],"wp:term":[{"taxonomy":"pwb-brand","embeddable":true,"href":"https:\/\/silikotek.sapartners.site\/index.php\/wp-json\/wp\/v2\/pwb-brand?post=27315"},{"taxonomy":"product_brand","embeddable":true,"href":"https:\/\/silikotek.sapartners.site\/index.php\/wp-json\/wp\/v2\/product_brand?post=27315"},{"taxonomy":"product_cat","embeddable":true,"href":"https:\/\/silikotek.sapartners.site\/index.php\/wp-json\/wp\/v2\/product_cat?post=27315"},{"taxonomy":"product_tag","embeddable":true,"href":"https:\/\/silikotek.sapartners.site\/index.php\/wp-json\/wp\/v2\/product_tag?post=27315"}],"curies":[{"name":"wp","href":"https:\/\/api.w.org\/{rel}","templated":true}]}}