{"id":27130,"date":"2022-01-28T15:18:23","date_gmt":"2022-01-28T13:18:23","guid":{"rendered":"https:\/\/www.silikotek.fi\/?post_type=product&#038;p=27130"},"modified":"2023-01-04T23:26:23","modified_gmt":"2023-01-04T21:26:23","slug":"kstools-117-6155-performanceplus-korjaamovanu-hybridi-ja-sahkoajoneuvoille","status":"publish","type":"product","link":"https:\/\/silikotek.sapartners.site\/index.php\/tuote\/kstools-117-6155-performanceplus-korjaamovanu-hybridi-ja-sahkoajoneuvoille\/","title":{"rendered":"Kstools 117.6155 PERFORMANCEplus korjaamovanu hybridi ja s\u00e4hk\u00f6ajoneuvoille"},"content":{"rendered":"<ul>\n<li class=\"liste\">ihanteellinen valikoima hybridi- ja s\u00e4hk\u00f6ajoneuvoille<\/li>\n<li class=\"liste\">lokeroiden ansiosta ty\u00f6kalut pysyv\u00e4t hyvin paikoillaan<\/li>\n<li class=\"liste\">IEC 60900:n mukaisesti eristetty<\/li>\n<li class=\"liste\">ABS-reunus pikkuosien tasku<\/li>\n<li class=\"liste\">eritt\u00e4in vakaa ter\u00e4srakenne, ter\u00e4slevyn paksuus 0,8 mm \u2013 v\u00e4\u00e4nt\u00f6varma<\/li>\n<li class=\"liste\">eritt\u00e4in turvallinen<\/li>\n<li class=\"liste\">sivuseiniss\u00e4 rei\u00e4t ty\u00f6kalujen ripustamista varten<\/li>\n<li class=\"liste\">lukko est\u00e4\u00e4 aukeamisen vahingossa<\/li>\n<li class=\"liste\">kaikkien vetolaatikoiden lukitus sylinterilukolla<\/li>\n<li class=\"liste\">kuulalaakeroitu vetolaatikon liikuttaminen<\/li>\n<li class=\"liste\">polyuretaaninen kulma-reunasuoja<\/li>\n<li class=\"liste\">vetolaatikoissa 100% ulosveto<\/li>\n<li class=\"liste\">sivussa oleva metallikahva<\/li>\n<li class=\"liste\">kaksi rengasta \u00e0 \u00d8 125 mm<\/li>\n<li class=\"liste\">kaksi rullapy\u00f6r\u00e4\u00e4 \u00e0 \u00d8 125 mm, jarrulla<\/li>\n<li class=\"liste\">l\u00e4pimenev\u00e4 kahvan tanko<\/li>\n<li><\/li>\n<li class=\"liste\">s\u00e4hk\u00f6staattisesti jauhepinnoitettu<br \/>\n<table class=\"product--properties-table\">\n<tbody>\n<tr class=\"product--properties-item\">\n<td class=\"product--properties-label\">V\u00e4ri:<\/td>\n<td><span class=\"product--properties-value\">Mustanpunainen<\/span><\/td>\n<\/tr>\n<tr class=\"product--properties-item\">\n<td class=\"product--properties-label\">Pakkauksen sis\u00e4lt\u00f6:<\/td>\n<td><span class=\"product--properties-value\">1<\/span><\/td>\n<\/tr>\n<tr class=\"product--properties-item\">\n<td class=\"product--properties-label\">Osia sarjassa:<\/td>\n<td><span class=\"product--properties-value\">164<\/span><\/td>\n<\/tr>\n<tr class=\"product--properties-item\">\n<td class=\"product--properties-label\">Videolinkki k\u00e4ytt\u00f6:<\/td>\n<td><span class=\"product--properties-value\"><a href=\"https:\/\/youtu.be\/D9N6mk_iVpI\" target=\"_blank\" rel=\"nofollow noopener\">Video<\/a><\/span><\/td>\n<\/tr>\n<\/tbody>\n<\/table>\n<table class=\"product--associations-table\">\n<tbody>\n<tr class=\"product--associations-row\">\n<td class=\"product--associations-order-number\"><a class=\"product--title\" title=\"J\u00e4rjestelm\u00e4sis\u00e4ke henkil\u00f6nsuojaimille, 6-os\" href=\"https:\/\/www.kstools.com\/fi\/tuotteet\/kaesityoekalut\/korjaamovaunut-sisaemoduulijaerjestelmaet\/performanceplus-tyoekalumuotit\/m-568-x-398-mm\/18807\/jaerjestelmaesisaeke-henkiloensuojaimille-6-os?number=117.6104\" data-modalbox=\"true\" data-content=\"https:\/\/www.kstools.com\/fi\/detail\/productQuickView\/ordernumber\/117.6104\" data-mode=\"ajax\" data-width=\"750\" data-sizing=\"content\" data-title=\"J\u00e4rjestelm\u00e4sis\u00e4ke henkil\u00f6nsuojaimille, 6-os\" data-updateimages=\"true\">117.6104<\/a><\/td>\n<td class=\"product--associations-qty\">1 x<\/td>\n<td class=\"td-c\"><a class=\"product--title\" title=\"J\u00e4rjestelm\u00e4sis\u00e4ke henkil\u00f6nsuojaimille, 6-os\" href=\"https:\/\/www.kstools.com\/fi\/tuotteet\/kaesityoekalut\/korjaamovaunut-sisaemoduulijaerjestelmaet\/performanceplus-tyoekalumuotit\/m-568-x-398-mm\/18807\/jaerjestelmaesisaeke-henkiloensuojaimille-6-os?number=117.6104\" data-modalbox=\"true\" data-content=\"https:\/\/www.kstools.com\/fi\/detail\/productQuickView\/ordernumber\/117.6104\" data-mode=\"ajax\" data-width=\"750\" data-sizing=\"content\" data-title=\"J\u00e4rjestelm\u00e4sis\u00e4ke henkil\u00f6nsuojaimille, 6-os\" data-updateimages=\"true\"><img title=\"FOT_PRO_ALG_EINR_117.6104\" srcset=\"https:\/\/www.kstools.com\/media\/image\/23\/ce\/c8\/FOT_PRO_ALG_EINR_117-6104_SALL_AING_V1_200x200.jpg, https:\/\/www.kstools.com\/media\/image\/28\/58\/33\/FOT_PRO_ALG_EINR_117-6104_SALL_AING_V1_200x200@2x.jpg 2x\" alt=\"FOT_PRO_ALG_EINR_117.6104_SALL_AING_V1\" \/><\/a><\/td>\n<td class=\"product--associations-name\"><a class=\"product--title\" title=\"J\u00e4rjestelm\u00e4sis\u00e4ke henkil\u00f6nsuojaimille, 6-os\" href=\"https:\/\/www.kstools.com\/fi\/tuotteet\/kaesityoekalut\/korjaamovaunut-sisaemoduulijaerjestelmaet\/performanceplus-tyoekalumuotit\/m-568-x-398-mm\/18807\/jaerjestelmaesisaeke-henkiloensuojaimille-6-os?number=117.6104\" data-modalbox=\"true\" data-content=\"https:\/\/www.kstools.com\/fi\/detail\/productQuickView\/ordernumber\/117.6104\" data-mode=\"ajax\" data-width=\"750\" data-sizing=\"content\" data-title=\"J\u00e4rjestelm\u00e4sis\u00e4ke henkil\u00f6nsuojaimille, 6-os\" data-updateimages=\"true\">J\u00e4rjestelm\u00e4sis\u00e4ke henkil\u00f6nsuojaimille, 6-os<\/a><\/td>\n<td class=\"td-c\"><a class=\"btn is--primary stock-request--trigger\" href=\"https:\/\/www.kstools.com\/fi\/tuotteet\/kaesityoekalut\/korjaamovaunut-sisaemoduulijaerjestelmaet\/performanceplus-tyoekaluvaunu\/p10\/18812\/performanceplus-korjaamovaunu-e10-164-eristettyae-tyoekalua-hybridi-ja-saehkoeajoneuvoille?number=117.6155#\" data-stock-request=\"true\" data-articlenumber=\"117.6104\">Kysely<\/a><\/td>\n<td class=\"td-r is--nowrap\">691,40\u00a0\u20ac *<\/td>\n<td class=\"td-c\">\n<form class=\"buybox--variant-form\" action=\"https:\/\/www.kstools.com\/fi\/checkout\/addArticle\" method=\"post\" data-add-article=\"true\" data-eventname=\"submit\" data-showmodal=\"false\" data-addarticleurl=\"https:\/\/www.kstools.com\/fi\/checkout\/ajaxAddArticleCart\"><input class=\"variant-qty\" title=\"qty\" autocomplete=\"off\" min=\"1\" name=\"sQuantity\" type=\"number\" \/>\u00a0<button class=\"btn\" type=\"submit\"><i class=\"icon--basket\"><\/i><\/button><\/form>\n<\/td>\n<\/tr>\n<tr class=\"product--associations-row\">\n<td class=\"product--associations-order-number\">117.6108<\/td>\n<td class=\"product--associations-qty\">1 x<\/td>\n<td class=\"td-c\"><img decoding=\"async\" title=\"Systemeinlage zur\" src=\"https:\/\/www.kstools.com\/themes\/Frontend\/Responsive\/frontend\/_public\/src\/img\/no-picture.jpg\" alt=\"Systemeinlage zur Arbeitsplatzabsicherung, 15-tlg\" \/><\/td>\n<td class=\"product--associations-name\">Systemeinlage zur Arbeitsplatzabsicherung, 15-tlg<\/td>\n<td class=\"td-c\"><\/td>\n<td class=\"td-r is--nowrap\"><\/td>\n<td class=\"td-c\">Tuotetta ei ole saatavana erikseen<\/td>\n<\/tr>\n<tr class=\"product--associations-row\">\n<td class=\"product--associations-order-number\"><a class=\"product--title\" title=\"ERGOTORQUE VDE -pihtisarja vaahtomuovisis\u00e4kkeess\u00e4, 17-os\" href=\"https:\/\/www.kstools.com\/fi\/tuotteet\/kaesityoekalut\/korjaamovaunut-sisaemoduulijaerjestelmaet\/performanceplus-tyoekalumuotit\/m-568-x-398-mm\/18809\/ergotorque-vde-pihtisarja-vaahtomuovisisaekkeessae-17-os?number=117.6117\" data-modalbox=\"true\" data-content=\"https:\/\/www.kstools.com\/fi\/detail\/productQuickView\/ordernumber\/117.6117\" data-mode=\"ajax\" data-width=\"750\" data-sizing=\"content\" data-title=\"ERGOTORQUE VDE -pihtisarja vaahtomuovisis\u00e4kkeess\u00e4, 17-os\" data-updateimages=\"true\">117.6117<\/a><\/td>\n<td class=\"product--associations-qty\">1 x<\/td>\n<td class=\"td-c\"><a class=\"product--title\" title=\"ERGOTORQUE VDE -pihtisarja vaahtomuovisis\u00e4kkeess\u00e4, 17-os\" href=\"https:\/\/www.kstools.com\/fi\/tuotteet\/kaesityoekalut\/korjaamovaunut-sisaemoduulijaerjestelmaet\/performanceplus-tyoekalumuotit\/m-568-x-398-mm\/18809\/ergotorque-vde-pihtisarja-vaahtomuovisisaekkeessae-17-os?number=117.6117\" data-modalbox=\"true\" data-content=\"https:\/\/www.kstools.com\/fi\/detail\/productQuickView\/ordernumber\/117.6117\" data-mode=\"ajax\" data-width=\"750\" data-sizing=\"content\" data-title=\"ERGOTORQUE VDE -pihtisarja vaahtomuovisis\u00e4kkeess\u00e4, 17-os\" data-updateimages=\"true\"><img title=\"FOT_PRO_ALG_117.6117_SALL\" srcset=\"https:\/\/www.kstools.com\/media\/image\/c2\/23\/36\/FOT_PRO_ALG_117-6117_SALL_AING_V1_200x200.jpg, https:\/\/www.kstools.com\/media\/image\/f6\/1c\/7a\/FOT_PRO_ALG_117-6117_SALL_AING_V1_200x200@2x.jpg 2x\" alt=\"FOT_PRO_ALG_117.6117_SALL_AING_V1\" \/><\/a><\/td>\n<td class=\"product--associations-name\"><a class=\"product--title\" title=\"ERGOTORQUE VDE -pihtisarja vaahtomuovisis\u00e4kkeess\u00e4, 17-os\" href=\"https:\/\/www.kstools.com\/fi\/tuotteet\/kaesityoekalut\/korjaamovaunut-sisaemoduulijaerjestelmaet\/performanceplus-tyoekalumuotit\/m-568-x-398-mm\/18809\/ergotorque-vde-pihtisarja-vaahtomuovisisaekkeessae-17-os?number=117.6117\" data-modalbox=\"true\" data-content=\"https:\/\/www.kstools.com\/fi\/detail\/productQuickView\/ordernumber\/117.6117\" data-mode=\"ajax\" data-width=\"750\" data-sizing=\"content\" data-title=\"ERGOTORQUE VDE -pihtisarja vaahtomuovisis\u00e4kkeess\u00e4, 17-os\" data-updateimages=\"true\">ERGOTORQUE VDE -pihtisarja vaahtomuovisis\u00e4kkeess\u00e4, 17-os<\/a><\/td>\n<td class=\"td-c\"><a class=\"btn is--primary stock-request--trigger\" href=\"https:\/\/www.kstools.com\/fi\/tuotteet\/kaesityoekalut\/korjaamovaunut-sisaemoduulijaerjestelmaet\/performanceplus-tyoekaluvaunu\/p10\/18812\/performanceplus-korjaamovaunu-e10-164-eristettyae-tyoekalua-hybridi-ja-saehkoeajoneuvoille?number=117.6155#\" data-stock-request=\"true\" data-articlenumber=\"117.6117\">Kysely<\/a><\/td>\n<td class=\"td-r is--nowrap\">1\u00a0041,60\u00a0\u20ac *<\/td>\n<td class=\"td-c\">\n<form class=\"buybox--variant-form\" action=\"https:\/\/www.kstools.com\/fi\/checkout\/addArticle\" method=\"post\" data-add-article=\"true\" data-eventname=\"submit\" data-showmodal=\"false\" data-addarticleurl=\"https:\/\/www.kstools.com\/fi\/checkout\/ajaxAddArticleCart\"><input class=\"variant-qty\" title=\"qty\" autocomplete=\"off\" min=\"1\" name=\"sQuantity\" type=\"number\" \/>\u00a0<button class=\"btn\" type=\"submit\"><i class=\"icon--basket\"><\/i><\/button><\/form>\n<\/td>\n<\/tr>\n<tr class=\"product--associations-row\">\n<td class=\"product--associations-order-number\"><a class=\"product--title\" title=\"ERGOTORQUE VDE -ruuviavainsarja vaahtomuovisis\u00e4kkeess\u00e4, 21-os\" href=\"https:\/\/www.kstools.com\/fi\/tuotteet\/kaesityoekalut\/korjaamovaunut-sisaemoduulijaerjestelmaet\/performanceplus-tyoekalumuotit\/m-568-x-398-mm\/18810\/ergotorque-vde-ruuviavainsarja-vaahtomuovisisaekkeessae-21-os?number=117.6121\" data-modalbox=\"true\" data-content=\"https:\/\/www.kstools.com\/fi\/detail\/productQuickView\/ordernumber\/117.6121\" data-mode=\"ajax\" data-width=\"750\" data-sizing=\"content\" data-title=\"ERGOTORQUE VDE -ruuviavainsarja vaahtomuovisis\u00e4kkeess\u00e4, 21-os\" data-updateimages=\"true\">117.6121<\/a><\/td>\n<td class=\"product--associations-qty\">1 x<\/td>\n<td class=\"td-c\"><a class=\"product--title\" title=\"ERGOTORQUE VDE -ruuviavainsarja vaahtomuovisis\u00e4kkeess\u00e4, 21-os\" href=\"https:\/\/www.kstools.com\/fi\/tuotteet\/kaesityoekalut\/korjaamovaunut-sisaemoduulijaerjestelmaet\/performanceplus-tyoekalumuotit\/m-568-x-398-mm\/18810\/ergotorque-vde-ruuviavainsarja-vaahtomuovisisaekkeessae-21-os?number=117.6121\" data-modalbox=\"true\" data-content=\"https:\/\/www.kstools.com\/fi\/detail\/productQuickView\/ordernumber\/117.6121\" data-mode=\"ajax\" data-width=\"750\" data-sizing=\"content\" data-title=\"ERGOTORQUE VDE -ruuviavainsarja vaahtomuovisis\u00e4kkeess\u00e4, 21-os\" data-updateimages=\"true\"><img title=\"FOT_PRO_ALG_117.6121_SALL\" srcset=\"https:\/\/www.kstools.com\/media\/image\/47\/dc\/40\/FOT_PRO_ALG_117-6121_SALL_AING_V1_200x200.jpg, https:\/\/www.kstools.com\/media\/image\/5b\/23\/fd\/FOT_PRO_ALG_117-6121_SALL_AING_V1_200x200@2x.jpg 2x\" alt=\"FOT_PRO_ALG_117.6121_SALL_AING_V1\" \/><\/a><\/td>\n<td class=\"product--associations-name\"><a class=\"product--title\" title=\"ERGOTORQUE VDE -ruuviavainsarja vaahtomuovisis\u00e4kkeess\u00e4, 21-os\" href=\"https:\/\/www.kstools.com\/fi\/tuotteet\/kaesityoekalut\/korjaamovaunut-sisaemoduulijaerjestelmaet\/performanceplus-tyoekalumuotit\/m-568-x-398-mm\/18810\/ergotorque-vde-ruuviavainsarja-vaahtomuovisisaekkeessae-21-os?number=117.6121\" data-modalbox=\"true\" data-content=\"https:\/\/www.kstools.com\/fi\/detail\/productQuickView\/ordernumber\/117.6121\" data-mode=\"ajax\" data-width=\"750\" data-sizing=\"content\" data-title=\"ERGOTORQUE VDE -ruuviavainsarja vaahtomuovisis\u00e4kkeess\u00e4, 21-os\" data-updateimages=\"true\">ERGOTORQUE VDE -ruuviavainsarja vaahtomuovisis\u00e4kkeess\u00e4, 21-os<\/a><\/td>\n<td class=\"td-c\"><a class=\"btn is--primary stock-request--trigger\" href=\"https:\/\/www.kstools.com\/fi\/tuotteet\/kaesityoekalut\/korjaamovaunut-sisaemoduulijaerjestelmaet\/performanceplus-tyoekaluvaunu\/p10\/18812\/performanceplus-korjaamovaunu-e10-164-eristettyae-tyoekalua-hybridi-ja-saehkoeajoneuvoille?number=117.6155#\" data-stock-request=\"true\" data-articlenumber=\"117.6121\">Kysely<\/a><\/td>\n<td class=\"td-r is--nowrap\">230,04\u00a0\u20ac *<\/td>\n<td class=\"td-c\">\n<form class=\"buybox--variant-form\" action=\"https:\/\/www.kstools.com\/fi\/checkout\/addArticle\" method=\"post\" data-add-article=\"true\" data-eventname=\"submit\" data-showmodal=\"false\" data-addarticleurl=\"https:\/\/www.kstools.com\/fi\/checkout\/ajaxAddArticleCart\"><input class=\"variant-qty\" title=\"qty\" autocomplete=\"off\" min=\"1\" name=\"sQuantity\" type=\"number\" \/>\u00a0<button class=\"btn\" type=\"submit\"><i class=\"icon--basket\"><\/i><\/button><\/form>\n<\/td>\n<\/tr>\n<tr class=\"product--associations-row\">\n<td class=\"product--associations-order-number\"><a class=\"product--title\" title=\"Eristetty avainsarja vaahtomuovisis\u00e4kkeess\u00e4, 33-os\" href=\"https:\/\/www.kstools.com\/fi\/tuotteet\/kaesityoekalut\/korjaamovaunut-sisaemoduulijaerjestelmaet\/performanceplus-tyoekalumuotit\/m-568-x-398-mm\/18811\/eristetty-avainsarja-vaahtomuovisisaekkeessae-33-os?number=117.6133\" data-modalbox=\"true\" data-content=\"https:\/\/www.kstools.com\/fi\/detail\/productQuickView\/ordernumber\/117.6133\" data-mode=\"ajax\" data-width=\"750\" data-sizing=\"content\" data-title=\"Eristetty avainsarja vaahtomuovisis\u00e4kkeess\u00e4, 33-os\" data-updateimages=\"true\">117.6133<\/a><\/td>\n<td class=\"product--associations-qty\">1 x<\/td>\n<td class=\"td-c\"><a class=\"product--title\" title=\"Eristetty avainsarja vaahtomuovisis\u00e4kkeess\u00e4, 33-os\" href=\"https:\/\/www.kstools.com\/fi\/tuotteet\/kaesityoekalut\/korjaamovaunut-sisaemoduulijaerjestelmaet\/performanceplus-tyoekalumuotit\/m-568-x-398-mm\/18811\/eristetty-avainsarja-vaahtomuovisisaekkeessae-33-os?number=117.6133\" data-modalbox=\"true\" data-content=\"https:\/\/www.kstools.com\/fi\/detail\/productQuickView\/ordernumber\/117.6133\" data-mode=\"ajax\" data-width=\"750\" data-sizing=\"content\" data-title=\"Eristetty avainsarja vaahtomuovisis\u00e4kkeess\u00e4, 33-os\" data-updateimages=\"true\"><img title=\"FOT_PRO_ALG_117.6133_SALL\" srcset=\"https:\/\/www.kstools.com\/media\/image\/8f\/e1\/71\/FOT_PRO_ALG_117-6133_SALL_AING_V1_200x200.jpg, https:\/\/www.kstools.com\/media\/image\/30\/d3\/cd\/FOT_PRO_ALG_117-6133_SALL_AING_V1_200x200@2x.jpg 2x\" alt=\"FOT_PRO_ALG_117.6133_SALL_AING_V1\" \/><\/a><\/td>\n<td class=\"product--associations-name\"><a class=\"product--title\" title=\"Eristetty avainsarja vaahtomuovisis\u00e4kkeess\u00e4, 33-os\" href=\"https:\/\/www.kstools.com\/fi\/tuotteet\/kaesityoekalut\/korjaamovaunut-sisaemoduulijaerjestelmaet\/performanceplus-tyoekalumuotit\/m-568-x-398-mm\/18811\/eristetty-avainsarja-vaahtomuovisisaekkeessae-33-os?number=117.6133\" data-modalbox=\"true\" data-content=\"https:\/\/www.kstools.com\/fi\/detail\/productQuickView\/ordernumber\/117.6133\" data-mode=\"ajax\" data-width=\"750\" data-sizing=\"content\" data-title=\"Eristetty avainsarja vaahtomuovisis\u00e4kkeess\u00e4, 33-os\" data-updateimages=\"true\">Eristetty avainsarja vaahtomuovisis\u00e4kkeess\u00e4, 33-os<\/a><\/td>\n<td class=\"td-c\"><a class=\"btn is--primary stock-request--trigger\" href=\"https:\/\/www.kstools.com\/fi\/tuotteet\/kaesityoekalut\/korjaamovaunut-sisaemoduulijaerjestelmaet\/performanceplus-tyoekaluvaunu\/p10\/18812\/performanceplus-korjaamovaunu-e10-164-eristettyae-tyoekalua-hybridi-ja-saehkoeajoneuvoille?number=117.6155#\" data-stock-request=\"true\" data-articlenumber=\"117.6133\">Kysely<\/a><\/td>\n<td class=\"td-r is--nowrap\">1\u00a0218,52\u00a0\u20ac *<\/td>\n<td class=\"td-c\">\n<form class=\"buybox--variant-form\" action=\"https:\/\/www.kstools.com\/fi\/checkout\/addArticle\" method=\"post\" data-add-article=\"true\" data-eventname=\"submit\" data-showmodal=\"false\" data-addarticleurl=\"https:\/\/www.kstools.com\/fi\/checkout\/ajaxAddArticleCart\"><input class=\"variant-qty\" title=\"qty\" autocomplete=\"off\" min=\"1\" name=\"sQuantity\" type=\"number\" \/>\u00a0<button class=\"btn\" type=\"submit\"><i class=\"icon--basket\"><\/i><\/button><\/form>\n<\/td>\n<\/tr>\n<tr class=\"product--associations-row\">\n<td class=\"product--associations-order-number\"><a class=\"product--title\" title=\"3\/8+1\/2 tuuman eristetty hylsyavainsarja ja v\u00e4\u00e4nt\u00f6momenttiavain vaahtomuovisis\u00e4kkeess\u00e4, 72-os\" href=\"https:\/\/www.kstools.com\/fi\/tuotteet\/kaesityoekalut\/korjaamovaunut-sisaemoduulijaerjestelmaet\/performanceplus-tyoekalumuotit\/m-568-x-398-mm\/18813\/3\/8-1\/2-tuuman-eristetty-hylsyavainsarja-ja-vaeaentoemomenttiavain-vaahtomuovisisaekkeessae-72-os?number=117.6172\" data-modalbox=\"true\" data-content=\"https:\/\/www.kstools.com\/fi\/detail\/productQuickView\/ordernumber\/117.6172\" data-mode=\"ajax\" data-width=\"750\" data-sizing=\"content\" data-title=\"3\/8+1\/2 tuuman eristetty hylsyavainsarja ja v\u00e4\u00e4nt\u00f6momenttiavain vaahtomuovisis\u00e4kkeess\u00e4, 72-os\" data-updateimages=\"true\">117.6172<\/a><\/td>\n<td class=\"product--associations-qty\">1 x<\/td>\n<td class=\"td-c\"><a class=\"product--title\" title=\"3\/8+1\/2 tuuman eristetty hylsyavainsarja ja v\u00e4\u00e4nt\u00f6momenttiavain vaahtomuovisis\u00e4kkeess\u00e4, 72-os\" href=\"https:\/\/www.kstools.com\/fi\/tuotteet\/kaesityoekalut\/korjaamovaunut-sisaemoduulijaerjestelmaet\/performanceplus-tyoekalumuotit\/m-568-x-398-mm\/18813\/3\/8-1\/2-tuuman-eristetty-hylsyavainsarja-ja-vaeaentoemomenttiavain-vaahtomuovisisaekkeessae-72-os?number=117.6172\" data-modalbox=\"true\" data-content=\"https:\/\/www.kstools.com\/fi\/detail\/productQuickView\/ordernumber\/117.6172\" data-mode=\"ajax\" data-width=\"750\" data-sizing=\"content\" data-title=\"3\/8+1\/2 tuuman eristetty hylsyavainsarja ja v\u00e4\u00e4nt\u00f6momenttiavain vaahtomuovisis\u00e4kkeess\u00e4, 72-os\" data-updateimages=\"true\"><img title=\"FOT_PRO_ALG_117.6172_SALL\" srcset=\"https:\/\/www.kstools.com\/media\/image\/bb\/8c\/1b\/FOT_PRO_ALG_117-6172_SALL_AING_V1_200x200.jpg, https:\/\/www.kstools.com\/media\/image\/ab\/b7\/0b\/FOT_PRO_ALG_117-6172_SALL_AING_V1_200x200@2x.jpg 2x\" alt=\"FOT_PRO_ALG_117.6172_SALL_AING_V1\" \/><\/a><\/td>\n<td class=\"product--associations-name\"><a class=\"product--title\" title=\"3\/8+1\/2 tuuman eristetty hylsyavainsarja ja v\u00e4\u00e4nt\u00f6momenttiavain vaahtomuovisis\u00e4kkeess\u00e4, 72-os\" href=\"https:\/\/www.kstools.com\/fi\/tuotteet\/kaesityoekalut\/korjaamovaunut-sisaemoduulijaerjestelmaet\/performanceplus-tyoekalumuotit\/m-568-x-398-mm\/18813\/3\/8-1\/2-tuuman-eristetty-hylsyavainsarja-ja-vaeaentoemomenttiavain-vaahtomuovisisaekkeessae-72-os?number=117.6172\" data-modalbox=\"true\" data-content=\"https:\/\/www.kstools.com\/fi\/detail\/productQuickView\/ordernumber\/117.6172\" data-mode=\"ajax\" data-width=\"750\" data-sizing=\"content\" data-title=\"3\/8+1\/2 tuuman eristetty hylsyavainsarja ja v\u00e4\u00e4nt\u00f6momenttiavain vaahtomuovisis\u00e4kkeess\u00e4, 72-os\" data-updateimages=\"true\">3\/8+1\/2 tuuman eristetty hylsyavainsarja ja v\u00e4\u00e4nt\u00f6momenttiavain&#8230;<\/a><\/td>\n<td class=\"td-c\"><a class=\"btn is--primary stock-request--trigger\" href=\"https:\/\/www.kstools.com\/fi\/tuotteet\/kaesityoekalut\/korjaamovaunut-sisaemoduulijaerjestelmaet\/performanceplus-tyoekaluvaunu\/p10\/18812\/performanceplus-korjaamovaunu-e10-164-eristettyae-tyoekalua-hybridi-ja-saehkoeajoneuvoille?number=117.6155#\" data-stock-request=\"true\" data-articlenumber=\"117.6172\">Kysely<\/a><\/td>\n<td class=\"td-r is--nowrap\">2\u00a0507,24\u00a0\u20ac *<\/td>\n<td class=\"td-c\">\n<form class=\"buybox--variant-form\" action=\"https:\/\/www.kstools.com\/fi\/checkout\/addArticle\" method=\"post\" data-add-article=\"true\" data-eventname=\"submit\" data-showmodal=\"false\" data-addarticleurl=\"https:\/\/www.kstools.com\/fi\/checkout\/ajaxAddArticleCart\"><input class=\"variant-qty\" title=\"qty\" autocomplete=\"off\" min=\"1\" name=\"sQuantity\" type=\"number\" \/>\u00a0<button class=\"btn\" type=\"submit\"><i class=\"icon--basket\"><\/i><\/button><\/form>\n<\/td>\n<\/tr>\n<tr class=\"product--associations-row\">\n<td class=\"product--associations-order-number\"><a class=\"product--title\" title=\"PERFORMANCEplus e10 MUSTA\/PUNAINEN ty\u00f6kaluvaunu 7 vetolaatikolla\" href=\"https:\/\/www.kstools.com\/fi\/tuotteet\/kaesityoekalut\/korjaamovaunut-sisaemoduulijaerjestelmaet\/performanceplus-tyoekaluvaunu\/p10\/19049\/performanceplus-e10-musta\/punainen-tyoekaluvaunu-7-vetolaatikolla?number=873.0007\" data-modalbox=\"true\" data-content=\"https:\/\/www.kstools.com\/fi\/detail\/productQuickView\/ordernumber\/873.0007\" data-mode=\"ajax\" data-width=\"750\" data-sizing=\"content\" data-title=\"PERFORMANCEplus e10 MUSTA\/PUNAINEN ty\u00f6kaluvaunu 7 vetolaatikolla\" data-updateimages=\"true\">873.0007<\/a><\/td>\n<td class=\"product--associations-qty\">1 x<\/td>\n<td class=\"td-c\"><a class=\"product--title\" title=\"PERFORMANCEplus e10 MUSTA\/PUNAINEN ty\u00f6kaluvaunu 7 vetolaatikolla\" href=\"https:\/\/www.kstools.com\/fi\/tuotteet\/kaesityoekalut\/korjaamovaunut-sisaemoduulijaerjestelmaet\/performanceplus-tyoekaluvaunu\/p10\/19049\/performanceplus-e10-musta\/punainen-tyoekaluvaunu-7-vetolaatikolla?number=873.0007\" data-modalbox=\"true\" data-content=\"https:\/\/www.kstools.com\/fi\/detail\/productQuickView\/ordernumber\/873.0007\" data-mode=\"ajax\" data-width=\"750\" data-sizing=\"content\" data-title=\"PERFORMANCEplus e10 MUSTA\/PUNAINEN ty\u00f6kaluvaunu 7 vetolaatikolla\" data-updateimages=\"true\"><img title=\"FOT_PRO_ALG_873.0007_SALL\" srcset=\"https:\/\/www.kstools.com\/media\/image\/68\/f6\/e5\/FOT_PRO_ALG_873-0007_SALL_AING_V1_200x200.jpg, https:\/\/www.kstools.com\/media\/image\/57\/70\/dc\/FOT_PRO_ALG_873-0007_SALL_AING_V1_200x200@2x.jpg 2x\" alt=\"FOT_PRO_ALG_873.0007_SALL_AING_V1\" \/><\/a><\/td>\n<td class=\"product--associations-name\"><a class=\"product--title\" title=\"PERFORMANCEplus e10 MUSTA\/PUNAINEN ty\u00f6kaluvaunu 7 vetolaatikolla\" href=\"https:\/\/www.kstools.com\/fi\/tuotteet\/kaesityoekalut\/korjaamovaunut-sisaemoduulijaerjestelmaet\/performanceplus-tyoekaluvaunu\/p10\/19049\/performanceplus-e10-musta\/punainen-tyoekaluvaunu-7-vetolaatikolla?number=873.0007\" data-modalbox=\"true\" data-content=\"https:\/\/www.kstools.com\/fi\/detail\/productQuickView\/ordernumber\/873.0007\" data-mode=\"ajax\" data-width=\"750\" data-sizing=\"content\" data-title=\"PERFORMANCEplus e10 MUSTA\/PUNAINEN ty\u00f6kaluvaunu 7 vetolaatikolla\" data-updateimages=\"true\">PERFORMANCEplus e10 MUSTA\/PUNAINEN ty\u00f6kaluvaunu 7 vetolaatikolla<\/a><\/td>\n<td class=\"td-c\"><a class=\"btn is--primary stock-request--trigger\" href=\"https:\/\/www.kstools.com\/fi\/tuotteet\/kaesityoekalut\/korjaamovaunut-sisaemoduulijaerjestelmaet\/performanceplus-tyoekaluvaunu\/p10\/18812\/performanceplus-korjaamovaunu-e10-164-eristettyae-tyoekalua-hybridi-ja-saehkoeajoneuvoille?number=117.6155#\" data-stock-request=\"true\" data-articlenumber=\"873.0007\">Kysely<\/a><\/td>\n<td class=\"td-r is--nowrap\">1\u00a0547,44\u00a0\u20ac *<\/td>\n<td class=\"td-c\">\n<form class=\"buybox--variant-form\" action=\"https:\/\/www.kstools.com\/fi\/checkout\/addArticle\" method=\"post\" data-add-article=\"true\" data-eventname=\"submit\" data-showmodal=\"false\" data-addarticleurl=\"https:\/\/www.kstools.com\/fi\/checkout\/ajaxAddArticleCart\"><input class=\"variant-qty\" title=\"qty\" autocomplete=\"off\" min=\"1\" name=\"sQuantity\" type=\"number\" \/>\u00a0<button class=\"btn\" type=\"submit\"><i class=\"icon--basket\"><\/i><\/button><\/form>\n<\/td>\n<\/tr>\n<\/tbody>\n<tfoot><\/tfoot>\n<\/table>\n<\/li>\n<\/ul>\n","protected":false},"excerpt":{"rendered":"<p>Kysy toimitusaikaa.<\/p>\n","protected":false},"featured_media":27131,"template":"","meta":{"_et_pb_use_builder":"","_et_pb_old_content":"","_et_gb_content_width":""},"pwb-brand":[],"product_brand":[],"product_cat":[313,753],"product_tag":[],"class_list":{"0":"post-27130","1":"product","2":"type-product","3":"status-publish","4":"has-post-thumbnail","6":"product_cat-tyokaluvaunut","7":"product_cat-autosahkotyokalut","9":"first","10":"instock","11":"taxable","12":"shipping-taxable","13":"purchasable","14":"product-type-simple"},"brands":[],"_links":{"self":[{"href":"https:\/\/silikotek.sapartners.site\/index.php\/wp-json\/wp\/v2\/product\/27130","targetHints":{"allow":["GET"]}}],"collection":[{"href":"https:\/\/silikotek.sapartners.site\/index.php\/wp-json\/wp\/v2\/product"}],"about":[{"href":"https:\/\/silikotek.sapartners.site\/index.php\/wp-json\/wp\/v2\/types\/product"}],"wp:featuredmedia":[{"embeddable":true,"href":"https:\/\/silikotek.sapartners.site\/index.php\/wp-json\/wp\/v2\/media\/27131"}],"wp:attachment":[{"href":"https:\/\/silikotek.sapartners.site\/index.php\/wp-json\/wp\/v2\/media?parent=27130"}],"wp:term":[{"taxonomy":"pwb-brand","embeddable":true,"href":"https:\/\/silikotek.sapartners.site\/index.php\/wp-json\/wp\/v2\/pwb-brand?post=27130"},{"taxonomy":"product_brand","embeddable":true,"href":"https:\/\/silikotek.sapartners.site\/index.php\/wp-json\/wp\/v2\/product_brand?post=27130"},{"taxonomy":"product_cat","embeddable":true,"href":"https:\/\/silikotek.sapartners.site\/index.php\/wp-json\/wp\/v2\/product_cat?post=27130"},{"taxonomy":"product_tag","embeddable":true,"href":"https:\/\/silikotek.sapartners.site\/index.php\/wp-json\/wp\/v2\/product_tag?post=27130"}],"curies":[{"name":"wp","href":"https:\/\/api.w.org\/{rel}","templated":true}]}}