{"id":27117,"date":"2022-01-28T12:22:51","date_gmt":"2022-01-28T10:22:51","guid":{"rendered":"https:\/\/www.silikotek.fi\/?post_type=product&#038;p=27117"},"modified":"2023-01-04T23:26:21","modified_gmt":"2023-01-04T21:26:21","slug":"kstools-115-1230-abiko-liitinpihtisarja","status":"publish","type":"product","link":"https:\/\/silikotek.sapartners.site\/index.php\/tuote\/kstools-115-1230-abiko-liitinpihtisarja\/","title":{"rendered":"Kstools 115.1230 Abiko liitinpihtisarja"},"content":{"rendered":"<ul>\n<li class=\"liste\">eristetyille ja erist\u00e4m\u00e4tt\u00f6mille kaapelikengille<\/li>\n<li class=\"liste\">sis\u00e4lt\u00e4\u00e4 270-osaisen k\u00e4ytt\u00f6materiaalivalikoiman<\/li>\n<li class=\"liste\">0,75\u20136,0 mm\u00b2:n johtojen asianmukaiseen leikkaamiseen kuorimiseen<\/li>\n<li class=\"liste\">kaapelikenkien ja pistoliittimien (1,5\u20136,0 mm\u00b2) asianmukaiseen puristusliitt\u00e4miseen<\/li>\n<li class=\"liste\">leikkaustoiminto<\/li>\n<li class=\"liste\">kaksikomponenttikahva<\/li>\n<li class=\"liste\">pihtien runko lattater\u00e4st\u00e4<\/li>\n<li class=\"liste\">tukevassa muovilaukussa<br \/>\n<table class=\"product--properties-table\">\n<tbody>\n<tr class=\"product--properties-item\">\n<td class=\"product--properties-label\">Kahva:<\/td>\n<td><span class=\"product--properties-value\">2-komponenttikahva<\/span><\/td>\n<\/tr>\n<tr class=\"product--properties-item\">\n<td class=\"product--properties-label\">Pakkaus:<\/td>\n<td><span class=\"product--properties-value\">Muovilaukku, eritt\u00e4in tukeva<\/span><\/td>\n<\/tr>\n<tr class=\"product--properties-item\">\n<td class=\"product--properties-label\">Materiaali1:<\/td>\n<td><span class=\"product--properties-value\">Kuumavalssatut levyt<\/span><\/td>\n<\/tr>\n<tr class=\"product--properties-item\">\n<td class=\"product--properties-label\">L\u00e4pimitta, mm\u00b2:<\/td>\n<td><span class=\"product--properties-value\">0,75-6,0\/1,5-6,0<\/span><\/td>\n<\/tr>\n<tr class=\"product--properties-item\">\n<td class=\"product--properties-label\">Pakkauksen sis\u00e4lt\u00f6:<\/td>\n<td><span class=\"product--properties-value\">1<\/span><\/td>\n<\/tr>\n<tr class=\"product--properties-item\">\n<td class=\"product--properties-label\">Osia sarjassa:<\/td>\n<td><span class=\"product--properties-value\">271<\/span><\/td>\n<\/tr>\n<tr class=\"product--properties-item\">\n<td class=\"product--properties-label\">Toimintoattribuutti 1:<\/td>\n<td><span class=\"product--properties-value\">Leikkaustoiminto<\/span><\/td>\n<\/tr>\n<tr class=\"product--properties-item\">\n<td class=\"product--properties-label\">Paino g:<\/td>\n<td><span class=\"product--properties-value\">560<\/span><\/td>\n<\/tr>\n<\/tbody>\n<\/table>\n<\/li>\n<\/ul>\n","protected":false},"excerpt":{"rendered":"<p>Abiko liitinpihdit liittimill\u00e4<\/p>\n","protected":false},"featured_media":27118,"template":"","meta":{"_et_pb_use_builder":"","_et_pb_old_content":"","_et_gb_content_width":""},"pwb-brand":[1454],"product_brand":[],"product_cat":[874,753],"product_tag":[],"class_list":{"0":"post-27117","1":"product","2":"type-product","3":"status-publish","4":"has-post-thumbnail","6":"pwb-brand-kstools","7":"product_cat-kuorintapihdit","8":"product_cat-autosahkotyokalut","10":"first","11":"instock","12":"taxable","13":"shipping-taxable","14":"purchasable","15":"product-type-simple"},"brands":[{"id":1454,"name":"Kstools","slug":"kstools"}],"_links":{"self":[{"href":"https:\/\/silikotek.sapartners.site\/index.php\/wp-json\/wp\/v2\/product\/27117","targetHints":{"allow":["GET"]}}],"collection":[{"href":"https:\/\/silikotek.sapartners.site\/index.php\/wp-json\/wp\/v2\/product"}],"about":[{"href":"https:\/\/silikotek.sapartners.site\/index.php\/wp-json\/wp\/v2\/types\/product"}],"wp:featuredmedia":[{"embeddable":true,"href":"https:\/\/silikotek.sapartners.site\/index.php\/wp-json\/wp\/v2\/media\/27118"}],"wp:attachment":[{"href":"https:\/\/silikotek.sapartners.site\/index.php\/wp-json\/wp\/v2\/media?parent=27117"}],"wp:term":[{"taxonomy":"pwb-brand","embeddable":true,"href":"https:\/\/silikotek.sapartners.site\/index.php\/wp-json\/wp\/v2\/pwb-brand?post=27117"},{"taxonomy":"product_brand","embeddable":true,"href":"https:\/\/silikotek.sapartners.site\/index.php\/wp-json\/wp\/v2\/product_brand?post=27117"},{"taxonomy":"product_cat","embeddable":true,"href":"https:\/\/silikotek.sapartners.site\/index.php\/wp-json\/wp\/v2\/product_cat?post=27117"},{"taxonomy":"product_tag","embeddable":true,"href":"https:\/\/silikotek.sapartners.site\/index.php\/wp-json\/wp\/v2\/product_tag?post=27117"}],"curies":[{"name":"wp","href":"https:\/\/api.w.org\/{rel}","templated":true}]}}