{"id":27083,"date":"2022-01-27T14:08:27","date_gmt":"2022-01-27T12:08:27","guid":{"rendered":"https:\/\/www.silikotek.fi\/?post_type=product&#038;p=27083"},"modified":"2023-01-04T23:26:31","modified_gmt":"2023-01-04T21:26:31","slug":"kstoools-826-7515-racingline-tyokaluvaunu-7-vetolaatikkoa-ja-515-os-ammattityokaluilla-varustettuna","status":"publish","type":"product","link":"https:\/\/silikotek.sapartners.site\/index.php\/tuote\/kstoools-826-7515-racingline-tyokaluvaunu-7-vetolaatikkoa-ja-515-os-ammattityokaluilla-varustettuna\/","title":{"rendered":"Kstoools 826.7515 RACINGline -ty\u00f6kaluvaunu, 7 vetolaatikkoa ja 515-os ammattity\u00f6kaluilla varustettuna"},"content":{"rendered":"<div class=\"container\">\n<div class=\"detail-middle--properties\">\n<div class=\"product--properties panel\">\n<table class=\"product--properties-table\">\n<tbody>\n<tr class=\"product--properties-item\">\n<td class=\"product--properties-label\">V\u00e4ri:<\/td>\n<td><span class=\"product--properties-value\">Mustanpunainen<\/span><\/td>\n<\/tr>\n<tr class=\"product--properties-item\">\n<td class=\"product--properties-label\">Kuormitettavuus lokeroa kohti:<\/td>\n<td><span class=\"product--properties-value\">30,0<\/span><\/td>\n<\/tr>\n<tr class=\"product--properties-item\">\n<td class=\"product--properties-label\">Korkeus H:<\/td>\n<td><span class=\"product--properties-value\">976<\/span><\/td>\n<\/tr>\n<tr class=\"product--properties-item\">\n<td class=\"product--properties-label\">Mitta yhteens\u00e4:<\/td>\n<td><span class=\"product--properties-value\">L 788 x K 976 x S 496 mm<\/span><\/td>\n<\/tr>\n<tr class=\"product--properties-item\">\n<td class=\"product--properties-label\">Leveys B:<\/td>\n<td><span class=\"product--properties-value\">788<\/span><\/td>\n<\/tr>\n<tr class=\"product--properties-item\">\n<td class=\"product--properties-label\">Paino g:<\/td>\n<td><span class=\"product--properties-value\">74500<\/span><\/td>\n<\/tr>\n<tr class=\"product--properties-item\">\n<td class=\"product--properties-label\">Toimintoattribuutti 1:<\/td>\n<td><span class=\"product--properties-value\">Suljettava<\/span><\/td>\n<\/tr>\n<tr class=\"product--properties-item\">\n<td class=\"product--properties-label\">Kokonaiskantavuus kg:<\/td>\n<td><span class=\"product--properties-value\">350,0<\/span><\/td>\n<\/tr>\n<tr class=\"product--properties-item\">\n<td class=\"product--properties-label\">Osia sarjassa:<\/td>\n<td><span class=\"product--properties-value\">515<\/span><\/td>\n<\/tr>\n<tr class=\"product--properties-item\">\n<td class=\"product--properties-label\">Py\u00f6r\u00e4n l\u00e4pimitta (mm):<\/td>\n<td><span class=\"product--properties-value\">125.0<\/span><\/td>\n<\/tr>\n<tr class=\"product--properties-item\">\n<td class=\"product--properties-label\">Pakkauksen sis\u00e4lt\u00f6:<\/td>\n<td><span class=\"product--properties-value\">1<\/span><\/td>\n<\/tr>\n<tr class=\"product--properties-item\">\n<td class=\"product--properties-label\">Materiaali1:<\/td>\n<td><span class=\"product--properties-value\">Ter\u00e4slevy<\/span><\/td>\n<\/tr>\n<tr class=\"product--properties-item\">\n<td class=\"product--properties-label\">Vetolaatikon sis\u00e4mitta:<\/td>\n<td><span class=\"product--properties-value\">565 x 395 mm<\/span><\/td>\n<\/tr>\n<tr class=\"product--properties-item\">\n<td class=\"product--properties-label\">Vetolaatikoiden m\u00e4\u00e4r\u00e4 yhteens\u00e4:<\/td>\n<td><span class=\"product--properties-value\">7<\/span><\/td>\n<\/tr>\n<tr class=\"product--properties-item\">\n<td class=\"product--properties-label\">Vetolaatikoiden m\u00e4\u00e4r\u00e4, 75mm:<\/td>\n<td><span class=\"product--properties-value\">5<\/span><\/td>\n<\/tr>\n<tr class=\"product--properties-item\">\n<td class=\"product--properties-label\">Vetolaatikoiden m\u00e4\u00e4r\u00e4, 150mm:<\/td>\n<td><span class=\"product--properties-value\">2<\/span><\/td>\n<\/tr>\n<tr class=\"product--properties-item\">\n<td class=\"product--properties-label\">Sis\u00e4osien koot:<\/td>\n<td><span class=\"product--properties-value\">Sis\u00e4ke, koko vetolaatikko<\/span><\/td>\n<\/tr>\n<tr class=\"product--properties-item\">\n<td class=\"product--properties-label\">Rengastustyyppi:<\/td>\n<td><span class=\"product--properties-value\">Muovi<\/span><\/td>\n<\/tr>\n<tr class=\"product--properties-item\">\n<td class=\"product--properties-label\">Rullapy\u00f6rien m\u00e4\u00e4r\u00e4:<\/td>\n<td><span class=\"product--properties-value\">2<\/span><\/td>\n<\/tr>\n<tr class=\"product--properties-item\">\n<td class=\"product--properties-label\">Py\u00f6r\u00e4n pys\u00e4ytin:<\/td>\n<td><span class=\"product--properties-value\">Kyll\u00e4<\/span><\/td>\n<\/tr>\n<tr class=\"product--properties-item\">\n<td class=\"product--properties-label\">Syvyys, mm:<\/td>\n<td><span class=\"product--properties-value\">496<\/span><\/td>\n<\/tr>\n<\/tbody>\n<\/table>\n<\/div>\n<\/div>\n<\/div>\n<div class=\"toggle-overlay\">\n<div class=\"toggle-hint\"><\/div>\n<\/div>\n","protected":false},"excerpt":{"rendered":"<p>Tyylik\u00e4s Racingline ty\u00f6kaluvaunu vaativalle asentajalle<\/p>\n","protected":false},"featured_media":27084,"template":"","meta":{"_et_pb_use_builder":"","_et_pb_old_content":"","_et_gb_content_width":""},"pwb-brand":[],"product_brand":[],"product_cat":[313],"product_tag":[],"class_list":{"0":"post-27083","1":"product","2":"type-product","3":"status-publish","4":"has-post-thumbnail","6":"product_cat-tyokaluvaunut","8":"first","9":"instock","10":"taxable","11":"shipping-taxable","12":"purchasable","13":"product-type-simple"},"brands":[],"_links":{"self":[{"href":"https:\/\/silikotek.sapartners.site\/index.php\/wp-json\/wp\/v2\/product\/27083","targetHints":{"allow":["GET"]}}],"collection":[{"href":"https:\/\/silikotek.sapartners.site\/index.php\/wp-json\/wp\/v2\/product"}],"about":[{"href":"https:\/\/silikotek.sapartners.site\/index.php\/wp-json\/wp\/v2\/types\/product"}],"wp:featuredmedia":[{"embeddable":true,"href":"https:\/\/silikotek.sapartners.site\/index.php\/wp-json\/wp\/v2\/media\/27084"}],"wp:attachment":[{"href":"https:\/\/silikotek.sapartners.site\/index.php\/wp-json\/wp\/v2\/media?parent=27083"}],"wp:term":[{"taxonomy":"pwb-brand","embeddable":true,"href":"https:\/\/silikotek.sapartners.site\/index.php\/wp-json\/wp\/v2\/pwb-brand?post=27083"},{"taxonomy":"product_brand","embeddable":true,"href":"https:\/\/silikotek.sapartners.site\/index.php\/wp-json\/wp\/v2\/product_brand?post=27083"},{"taxonomy":"product_cat","embeddable":true,"href":"https:\/\/silikotek.sapartners.site\/index.php\/wp-json\/wp\/v2\/product_cat?post=27083"},{"taxonomy":"product_tag","embeddable":true,"href":"https:\/\/silikotek.sapartners.site\/index.php\/wp-json\/wp\/v2\/product_tag?post=27083"}],"curies":[{"name":"wp","href":"https:\/\/api.w.org\/{rel}","templated":true}]}}