{"id":26972,"date":"2022-01-19T16:04:21","date_gmt":"2022-01-19T14:04:21","guid":{"rendered":"https:\/\/www.silikotek.fi\/?post_type=product&#038;p=26972"},"modified":"2022-01-19T16:04:22","modified_gmt":"2022-01-19T14:04:22","slug":"dcg72600-massapuristin-600-ml","status":"publish","type":"product","link":"https:\/\/silikotek.sapartners.site\/index.php\/tuote\/dcg72600-massapuristin-600-ml\/","title":{"rendered":"DCG72600 massapuristin 600 ml"},"content":{"rendered":"<p>EAN:6419821321159<br \/>\nTeston DCG72600<br \/>\nmassapuristin 600 ml, 2 x lion akkua<br \/>\nS\u00e4\u00e4dett\u00e4v\u00e4 sy\u00f6tt\u00f6nopeus, paineen vapautus<br \/>\npys\u00e4ytyksess\u00e4, LED valo, 1,79 kg.<br \/>\nLaukku, laturi, 2 lion akkua.<\/p>\n","protected":false},"excerpt":{"rendered":"<p>Teston akkumassapuristin 600 ml uskomaton hintalaatusuhde.\u00a0 Toimitussis\u00e4lt\u00f6: 2&#215;7,2V lion akkua, laturi ja laukku<\/p>\n","protected":false},"featured_media":26973,"template":"","meta":{"_et_pb_use_builder":"","_et_pb_old_content":"","_et_gb_content_width":""},"pwb-brand":[],"product_brand":[],"product_cat":[739],"product_tag":[1830],"class_list":{"0":"post-26972","1":"product","2":"type-product","3":"status-publish","4":"has-post-thumbnail","6":"product_cat-akkumassapuristimet","7":"product_tag-silikonipuristin","9":"first","10":"instock","11":"taxable","12":"shipping-taxable","13":"purchasable","14":"product-type-simple"},"brands":[],"_links":{"self":[{"href":"https:\/\/silikotek.sapartners.site\/index.php\/wp-json\/wp\/v2\/product\/26972","targetHints":{"allow":["GET"]}}],"collection":[{"href":"https:\/\/silikotek.sapartners.site\/index.php\/wp-json\/wp\/v2\/product"}],"about":[{"href":"https:\/\/silikotek.sapartners.site\/index.php\/wp-json\/wp\/v2\/types\/product"}],"wp:featuredmedia":[{"embeddable":true,"href":"https:\/\/silikotek.sapartners.site\/index.php\/wp-json\/wp\/v2\/media\/26973"}],"wp:attachment":[{"href":"https:\/\/silikotek.sapartners.site\/index.php\/wp-json\/wp\/v2\/media?parent=26972"}],"wp:term":[{"taxonomy":"pwb-brand","embeddable":true,"href":"https:\/\/silikotek.sapartners.site\/index.php\/wp-json\/wp\/v2\/pwb-brand?post=26972"},{"taxonomy":"product_brand","embeddable":true,"href":"https:\/\/silikotek.sapartners.site\/index.php\/wp-json\/wp\/v2\/product_brand?post=26972"},{"taxonomy":"product_cat","embeddable":true,"href":"https:\/\/silikotek.sapartners.site\/index.php\/wp-json\/wp\/v2\/product_cat?post=26972"},{"taxonomy":"product_tag","embeddable":true,"href":"https:\/\/silikotek.sapartners.site\/index.php\/wp-json\/wp\/v2\/product_tag?post=26972"}],"curies":[{"name":"wp","href":"https:\/\/api.w.org\/{rel}","templated":true}]}}