{"id":26477,"date":"2021-11-26T10:19:09","date_gmt":"2021-11-26T08:19:09","guid":{"rendered":"https:\/\/www.silikotek.fi\/?post_type=product&#038;p=26477"},"modified":"2021-11-26T10:46:04","modified_gmt":"2021-11-26T08:46:04","slug":"mirka-hiomanauha-hiolit-xo-75x457mm-10-kpl-pakkaus","status":"publish","type":"product","link":"https:\/\/silikotek.sapartners.site\/index.php\/tuote\/mirka-hiomanauha-hiolit-xo-75x457mm-10-kpl-pakkaus\/","title":{"rendered":"Mirka hiomanauha HIOLIT XO 75x457mm, 10 kpl pakkaus"},"content":{"rendered":"<header>Hiolit XO on yleislaatuinen tuote nauha- ja muuhun konehiontaan. J\u00e4m\u00e4k\u00e4n tuntuinen hiomamateriaali, jossa puoliavoin sirottelu ja erinomainen reunojen kulutuskest\u00e4vyys. Soveltuu erityisen hyvin haastavien materiaalien hiontaan tarjoten ensiluokkaisen hiontatuloksen. Karkeudet P36 \u2013 P80 soveltuvat aggressiiviseen hiontaan kuten vaikean ruostevaurion poistoon tai muihin hiontasovelluksiin, joissa vaaditaan aineen poistoa suurelta alueelta.<\/p>\n<h2>Tekniset tiedot<\/h2>\n<table width=\"100%\">\n<tbody>\n<tr>\n<td width=\"60%\">Sideaine<\/td>\n<td width=\"40%\">Synteettinen hartsi<\/td>\n<\/tr>\n<tr>\n<td width=\"60%\">Karkeudet<\/td>\n<td width=\"40%\">P36-P240<\/td>\n<\/tr>\n<tr>\n<td width=\"60%\">Sirottelu<\/td>\n<td width=\"40%\">Puoliavoin<\/td>\n<\/tr>\n<tr>\n<td width=\"60%\">Hiomajyv\u00e4<\/td>\n<td width=\"40%\">Sinikarkaistu alumiinioksidi<\/td>\n<\/tr>\n<tr>\n<td width=\"60%\">V\u00e4ri<\/td>\n<td width=\"40%\">Punaruskea<\/td>\n<\/tr>\n<tr>\n<td width=\"60%\">Selk\u00e4materiaali<\/td>\n<td width=\"40%\">Polyesterikangas P36-P80, X-puuvillakangas P100-P240<\/td>\n<\/tr>\n<\/tbody>\n<\/table>\n<p>&nbsp;<\/p>\n<p>&nbsp;<\/p>\n<p>&nbsp;<\/p>\n<\/header>\n","protected":false},"excerpt":{"rendered":"<p>Hiolit XO on yleislaatuinen tuote nauha- ja muuhun konehiontaan. J\u00e4m\u00e4k\u00e4n tuntuinen hiomamateriaali, jossa puoliavoin sirottelu ja erinomainen reunojen kulutuskest\u00e4vyys. Soveltuu erityisen hyvin haastavien materiaalien hiontaan tarjoten ensiluokkaisen hiontatuloksen. Karkeudet P36 \u2013 P80 soveltuvat aggressiiviseen hiontaan kuten vaikean ruostevaurion poistoon tai muihin hiontasovelluksiin, joissa vaaditaan aineen poistoa suurelta alueelta. Tekniset tiedot Sideaine Synteettinen hartsi Karkeudet P36-P240 [&hellip;]<\/p>\n","protected":false},"featured_media":26479,"template":"","meta":{"_et_pb_use_builder":"","_et_pb_old_content":"","_et_gb_content_width":""},"pwb-brand":[1794],"product_brand":[],"product_cat":[746],"product_tag":[],"class_list":{"0":"post-26477","1":"product","2":"type-product","3":"status-publish","4":"has-post-thumbnail","6":"pwb-brand-mirka","7":"product_cat-katkaisu-ja-hionta","8":"pa_karkeus-p100","9":"pa_karkeus-p120","10":"pa_karkeus-p140","11":"pa_karkeus-p180","12":"pa_karkeus-p220","13":"pa_karkeus-p240","14":"pa_karkeus-p36","15":"pa_karkeus-p40","16":"pa_karkeus-p60","17":"pa_karkeus-p80","19":"first","20":"instock","21":"taxable","22":"shipping-taxable","23":"purchasable","24":"product-type-variable"},"brands":[{"id":1794,"name":"Mirka","slug":"mirka"}],"_links":{"self":[{"href":"https:\/\/silikotek.sapartners.site\/index.php\/wp-json\/wp\/v2\/product\/26477","targetHints":{"allow":["GET"]}}],"collection":[{"href":"https:\/\/silikotek.sapartners.site\/index.php\/wp-json\/wp\/v2\/product"}],"about":[{"href":"https:\/\/silikotek.sapartners.site\/index.php\/wp-json\/wp\/v2\/types\/product"}],"wp:featuredmedia":[{"embeddable":true,"href":"https:\/\/silikotek.sapartners.site\/index.php\/wp-json\/wp\/v2\/media\/26479"}],"wp:attachment":[{"href":"https:\/\/silikotek.sapartners.site\/index.php\/wp-json\/wp\/v2\/media?parent=26477"}],"wp:term":[{"taxonomy":"pwb-brand","embeddable":true,"href":"https:\/\/silikotek.sapartners.site\/index.php\/wp-json\/wp\/v2\/pwb-brand?post=26477"},{"taxonomy":"product_brand","embeddable":true,"href":"https:\/\/silikotek.sapartners.site\/index.php\/wp-json\/wp\/v2\/product_brand?post=26477"},{"taxonomy":"product_cat","embeddable":true,"href":"https:\/\/silikotek.sapartners.site\/index.php\/wp-json\/wp\/v2\/product_cat?post=26477"},{"taxonomy":"product_tag","embeddable":true,"href":"https:\/\/silikotek.sapartners.site\/index.php\/wp-json\/wp\/v2\/product_tag?post=26477"}],"curies":[{"name":"wp","href":"https:\/\/api.w.org\/{rel}","templated":true}]}}