{"id":26290,"date":"2021-11-19T11:18:14","date_gmt":"2021-11-19T09:18:14","guid":{"rendered":"https:\/\/www.silikotek.fi\/?post_type=product&#038;p=26290"},"modified":"2021-11-19T11:18:15","modified_gmt":"2021-11-19T09:18:15","slug":"katkaisulaikka-m-pro-180x20x222mm-m1a24v-bf-inox","status":"publish","type":"product","link":"https:\/\/silikotek.sapartners.site\/index.php\/tuote\/katkaisulaikka-m-pro-180x20x222mm-m1a24v-bf-inox\/","title":{"rendered":"Katkaisulaikka M-PRO 180&#215;2,0x22,2mm M1A24V-BF Inox"},"content":{"rendered":"<table>\n<tbody>\n<tr>\n<td>Mirka tuotekoodi:<\/td>\n<td>7562516022<\/td>\n<\/tr>\n<tr>\n<td>EAN-koodi:<\/td>\n<td>6416868930764<\/td>\n<\/tr>\n<\/tbody>\n<\/table>\n<p>Korkealaatuinen katkaisulaikka ruostumattomalle ja haponkest\u00e4v\u00e4lle ter\u00e4kselle. Erinomainen kest\u00e4vyys sek\u00e4 nopea ja tehokas leikkuu. Optimoitu tehokkaille koneille.<\/p>\n","protected":false},"excerpt":{"rendered":"<p>Mirkan katkaisulaikka ruostumattomille ja haponkest\u00e4ville ter\u00e4ksille. Pakkauskoko 50 kpl<\/p>\n","protected":false},"featured_media":26291,"template":"","meta":{"_et_pb_use_builder":"","_et_pb_old_content":"","_et_gb_content_width":""},"pwb-brand":[1794],"product_brand":[],"product_cat":[746],"product_tag":[],"class_list":{"0":"post-26290","1":"product","2":"type-product","3":"status-publish","4":"has-post-thumbnail","6":"pwb-brand-mirka","7":"product_cat-katkaisu-ja-hionta","9":"first","10":"instock","11":"taxable","12":"shipping-taxable","13":"purchasable","14":"product-type-simple"},"brands":[{"id":1794,"name":"Mirka","slug":"mirka"}],"_links":{"self":[{"href":"https:\/\/silikotek.sapartners.site\/index.php\/wp-json\/wp\/v2\/product\/26290","targetHints":{"allow":["GET"]}}],"collection":[{"href":"https:\/\/silikotek.sapartners.site\/index.php\/wp-json\/wp\/v2\/product"}],"about":[{"href":"https:\/\/silikotek.sapartners.site\/index.php\/wp-json\/wp\/v2\/types\/product"}],"wp:featuredmedia":[{"embeddable":true,"href":"https:\/\/silikotek.sapartners.site\/index.php\/wp-json\/wp\/v2\/media\/26291"}],"wp:attachment":[{"href":"https:\/\/silikotek.sapartners.site\/index.php\/wp-json\/wp\/v2\/media?parent=26290"}],"wp:term":[{"taxonomy":"pwb-brand","embeddable":true,"href":"https:\/\/silikotek.sapartners.site\/index.php\/wp-json\/wp\/v2\/pwb-brand?post=26290"},{"taxonomy":"product_brand","embeddable":true,"href":"https:\/\/silikotek.sapartners.site\/index.php\/wp-json\/wp\/v2\/product_brand?post=26290"},{"taxonomy":"product_cat","embeddable":true,"href":"https:\/\/silikotek.sapartners.site\/index.php\/wp-json\/wp\/v2\/product_cat?post=26290"},{"taxonomy":"product_tag","embeddable":true,"href":"https:\/\/silikotek.sapartners.site\/index.php\/wp-json\/wp\/v2\/product_tag?post=26290"}],"curies":[{"name":"wp","href":"https:\/\/api.w.org\/{rel}","templated":true}]}}