{"id":26287,"date":"2021-11-19T10:59:28","date_gmt":"2021-11-19T08:59:28","guid":{"rendered":"https:\/\/www.silikotek.fi\/?post_type=product&#038;p=26287"},"modified":"2021-11-19T10:59:28","modified_gmt":"2021-11-19T08:59:28","slug":"puhdistuslaikka-cbs-fv-127x22mm-mirka","status":"publish","type":"product","link":"https:\/\/silikotek.sapartners.site\/index.php\/tuote\/puhdistuslaikka-cbs-fv-127x22mm-mirka\/","title":{"rendered":"Puhdistuslaikka CBS FV 127x22mm Mirka"},"content":{"rendered":"<table>\n<tbody>\n<tr>\n<td>Mirka tuotekoodi:<\/td>\n<td>8094200111<\/td>\n<\/tr>\n<tr>\n<td>EAN-koodi:<\/td>\n<td>6416868930528<\/td>\n<\/tr>\n<\/tbody>\n<\/table>\n<p>Puhdistuslaikka kulmahiomakoneeseen. K\u00e4ytet\u00e4\u00e4n maalien ja ruosteen poistoon, sek\u00e4 hitsaussaumojen hiontaan ja strukturointiin. RPM max 9800.<\/p>\n","protected":false},"excerpt":{"rendered":"<p>Mirka puhdistuslaikka joka sopii suoraan kulmahiomakoneeseen. Pakkauskoko 10 kpl<\/p>\n","protected":false},"featured_media":26288,"template":"","meta":{"_et_pb_use_builder":"","_et_pb_old_content":"","_et_gb_content_width":""},"pwb-brand":[1794],"product_brand":[],"product_cat":[746],"product_tag":[],"class_list":{"0":"post-26287","1":"product","2":"type-product","3":"status-publish","4":"has-post-thumbnail","6":"pwb-brand-mirka","7":"product_cat-katkaisu-ja-hionta","9":"first","10":"instock","11":"taxable","12":"shipping-taxable","13":"purchasable","14":"product-type-simple"},"brands":[{"id":1794,"name":"Mirka","slug":"mirka"}],"_links":{"self":[{"href":"https:\/\/silikotek.sapartners.site\/index.php\/wp-json\/wp\/v2\/product\/26287","targetHints":{"allow":["GET"]}}],"collection":[{"href":"https:\/\/silikotek.sapartners.site\/index.php\/wp-json\/wp\/v2\/product"}],"about":[{"href":"https:\/\/silikotek.sapartners.site\/index.php\/wp-json\/wp\/v2\/types\/product"}],"wp:featuredmedia":[{"embeddable":true,"href":"https:\/\/silikotek.sapartners.site\/index.php\/wp-json\/wp\/v2\/media\/26288"}],"wp:attachment":[{"href":"https:\/\/silikotek.sapartners.site\/index.php\/wp-json\/wp\/v2\/media?parent=26287"}],"wp:term":[{"taxonomy":"pwb-brand","embeddable":true,"href":"https:\/\/silikotek.sapartners.site\/index.php\/wp-json\/wp\/v2\/pwb-brand?post=26287"},{"taxonomy":"product_brand","embeddable":true,"href":"https:\/\/silikotek.sapartners.site\/index.php\/wp-json\/wp\/v2\/product_brand?post=26287"},{"taxonomy":"product_cat","embeddable":true,"href":"https:\/\/silikotek.sapartners.site\/index.php\/wp-json\/wp\/v2\/product_cat?post=26287"},{"taxonomy":"product_tag","embeddable":true,"href":"https:\/\/silikotek.sapartners.site\/index.php\/wp-json\/wp\/v2\/product_tag?post=26287"}],"curies":[{"name":"wp","href":"https:\/\/api.w.org\/{rel}","templated":true}]}}