{"id":26255,"date":"2021-11-18T15:37:30","date_gmt":"2021-11-18T13:37:30","guid":{"rendered":"https:\/\/www.silikotek.fi\/?post_type=product&#038;p=26255"},"modified":"2021-11-29T00:01:01","modified_gmt":"2021-11-28T22:01:01","slug":"katkaisulaikka-125x10-abra-pro-inox","status":"publish","type":"product","link":"https:\/\/silikotek.sapartners.site\/index.php\/tuote\/katkaisulaikka-125x10-abra-pro-inox\/","title":{"rendered":"Katkaisulaikka 125&#215;1,0 ABRA Pro Inox"},"content":{"rendered":"<h6 id=\"tw-target-text\" class=\"tw-data-text tw-text-large tw-ta\" dir=\"ltr\" data-placeholder=\"K\u00e4\u00e4nn\u00f6s\"><span class=\"Y2IQFc\" lang=\"fi\">Vahvistetut ohuet 1,0 mm PRO-sarjan katkaisulaikat\u00a0 takaavat nopean leikkauksen ja eritt\u00e4in hyv\u00e4n kest\u00e4vyyden. Leikkausnopeus ja pitk\u00e4 kesto ovat vahvistetun katkaisulaikan parhaat ominaisuudet. Vahvistettu katkaisulaikka tuottaa vain v\u00e4h\u00e4n l\u00e4mp\u00f6\u00e4 katkaistaessa ja leikkaa ilman purseita mittatarkasti. Tarkoitettu raskaaseen ammattik\u00e4ytt\u00f6\u00f6n.Haemme j\u00e4lleenmyyji\u00e4 ABRA hiomatuotteille.<\/span><\/h6>\n","protected":false},"excerpt":{"rendered":"<p>Soveltuu ruostumattoman ja mustan ter\u00e4ksen katkaisuun.<\/p>\n","protected":false},"featured_media":26256,"template":"","meta":{"_et_pb_use_builder":"","_et_pb_old_content":"","_et_gb_content_width":""},"pwb-brand":[1790],"product_brand":[],"product_cat":[746],"product_tag":[],"class_list":{"0":"post-26255","1":"product","2":"type-product","3":"status-publish","4":"has-post-thumbnail","6":"pwb-brand-i-co-mec","7":"product_cat-katkaisu-ja-hionta","9":"first","10":"instock","11":"taxable","12":"shipping-taxable","13":"purchasable","14":"product-type-simple"},"brands":[{"id":1790,"name":"I.CO.MEC","slug":"i-co-mec"}],"_links":{"self":[{"href":"https:\/\/silikotek.sapartners.site\/index.php\/wp-json\/wp\/v2\/product\/26255","targetHints":{"allow":["GET"]}}],"collection":[{"href":"https:\/\/silikotek.sapartners.site\/index.php\/wp-json\/wp\/v2\/product"}],"about":[{"href":"https:\/\/silikotek.sapartners.site\/index.php\/wp-json\/wp\/v2\/types\/product"}],"wp:featuredmedia":[{"embeddable":true,"href":"https:\/\/silikotek.sapartners.site\/index.php\/wp-json\/wp\/v2\/media\/26256"}],"wp:attachment":[{"href":"https:\/\/silikotek.sapartners.site\/index.php\/wp-json\/wp\/v2\/media?parent=26255"}],"wp:term":[{"taxonomy":"pwb-brand","embeddable":true,"href":"https:\/\/silikotek.sapartners.site\/index.php\/wp-json\/wp\/v2\/pwb-brand?post=26255"},{"taxonomy":"product_brand","embeddable":true,"href":"https:\/\/silikotek.sapartners.site\/index.php\/wp-json\/wp\/v2\/product_brand?post=26255"},{"taxonomy":"product_cat","embeddable":true,"href":"https:\/\/silikotek.sapartners.site\/index.php\/wp-json\/wp\/v2\/product_cat?post=26255"},{"taxonomy":"product_tag","embeddable":true,"href":"https:\/\/silikotek.sapartners.site\/index.php\/wp-json\/wp\/v2\/product_tag?post=26255"}],"curies":[{"name":"wp","href":"https:\/\/api.w.org\/{rel}","templated":true}]}}