{"id":26249,"date":"2021-11-18T14:44:23","date_gmt":"2021-11-18T12:44:23","guid":{"rendered":"https:\/\/www.silikotek.fi\/?post_type=product&#038;p=26249"},"modified":"2021-11-18T15:16:22","modified_gmt":"2021-11-18T13:16:22","slug":"lamellilaikka-180-mm-abra","status":"publish","type":"product","link":"https:\/\/silikotek.sapartners.site\/index.php\/tuote\/lamellilaikka-180-mm-abra\/","title":{"rendered":"Lamellilaikka 180 mm Abra"},"content":{"rendered":"<p>Lamellilaikka 936-180 mm, 120 liuskaa keh\u00e4ll\u00e4. Lasikuiturungolla teollisuuslaatua.<\/p>\n<div class=\"supporto\">\n<p><img decoding=\"async\" src=\"https:\/\/www.icomec.it\/wp-content\/uploads\/2018\/07\/conic.png\" \/><\/p>\n<div class=\"nomesupporto\">CONIC<\/div>\n<\/div>\n","protected":false},"excerpt":{"rendered":"<p>Lamellilaikka 125 mm joka on suunniteltu raskaaseen ammattik\u00e4ytt\u00f6\u00f6n. Sopii niin ruostumattoman kuin mustankin ter\u00e4ksen hiontaan. Pitk\u00e4t lamellit takaavat kustannustehokkaan hiomatuloksen. Yksi markkinoiden kustannustehokkaimmista lamellilaikoista.<\/p>\n","protected":false},"featured_media":26244,"template":"","meta":{"_et_pb_use_builder":"","_et_pb_old_content":"","_et_gb_content_width":""},"pwb-brand":[1790],"product_brand":[],"product_cat":[746],"product_tag":[],"class_list":{"0":"post-26249","1":"product","2":"type-product","3":"status-publish","4":"has-post-thumbnail","6":"pwb-brand-i-co-mec","7":"product_cat-katkaisu-ja-hionta","8":"pa_karkeus-p40","9":"pa_karkeus-p60","10":"pa_karkeus-p80","12":"first","13":"instock","14":"taxable","15":"shipping-taxable","16":"purchasable","17":"product-type-variable"},"brands":[{"id":1790,"name":"I.CO.MEC","slug":"i-co-mec"}],"_links":{"self":[{"href":"https:\/\/silikotek.sapartners.site\/index.php\/wp-json\/wp\/v2\/product\/26249","targetHints":{"allow":["GET"]}}],"collection":[{"href":"https:\/\/silikotek.sapartners.site\/index.php\/wp-json\/wp\/v2\/product"}],"about":[{"href":"https:\/\/silikotek.sapartners.site\/index.php\/wp-json\/wp\/v2\/types\/product"}],"wp:featuredmedia":[{"embeddable":true,"href":"https:\/\/silikotek.sapartners.site\/index.php\/wp-json\/wp\/v2\/media\/26244"}],"wp:attachment":[{"href":"https:\/\/silikotek.sapartners.site\/index.php\/wp-json\/wp\/v2\/media?parent=26249"}],"wp:term":[{"taxonomy":"pwb-brand","embeddable":true,"href":"https:\/\/silikotek.sapartners.site\/index.php\/wp-json\/wp\/v2\/pwb-brand?post=26249"},{"taxonomy":"product_brand","embeddable":true,"href":"https:\/\/silikotek.sapartners.site\/index.php\/wp-json\/wp\/v2\/product_brand?post=26249"},{"taxonomy":"product_cat","embeddable":true,"href":"https:\/\/silikotek.sapartners.site\/index.php\/wp-json\/wp\/v2\/product_cat?post=26249"},{"taxonomy":"product_tag","embeddable":true,"href":"https:\/\/silikotek.sapartners.site\/index.php\/wp-json\/wp\/v2\/product_tag?post=26249"}],"curies":[{"name":"wp","href":"https:\/\/api.w.org\/{rel}","templated":true}]}}