{"id":26226,"date":"2021-11-17T08:41:39","date_gmt":"2021-11-17T06:41:39","guid":{"rendered":"https:\/\/www.silikotek.fi\/?post_type=product&#038;p=26226"},"modified":"2021-11-17T08:48:28","modified_gmt":"2021-11-17T06:48:28","slug":"huopakyna-textmark-500-vedenkestava-tussi","status":"publish","type":"product","link":"https:\/\/silikotek.sapartners.site\/index.php\/tuote\/huopakyna-textmark-500-vedenkestava-tussi\/","title":{"rendered":"Huopakyn\u00e4 Textmark 500, vedenkest\u00e4v\u00e4 tussi"},"content":{"rendered":"<p><strong>Textmark merkkauskynill\u00e4<\/strong> ovat suomalaiset kirjoittaneet jo yli 50 vuoden ajan. <strong>Textmark 500 <\/strong>on akryylik\u00e4rkinen ja on siin\u00e4 pysyv\u00e4 muste. Viivan leveys on 0.7 mm. Pakkauskoko 12 kpl \/ ltk. Kappalehinta<\/p>\n","protected":false},"excerpt":{"rendered":"<p>Textmark merkkauskynill\u00e4 ovat suomalaiset kirjoittaneet jo yli 50 vuoden ajan. Textmark 500 on akryylik\u00e4rkinen ja on siin\u00e4 pysyv\u00e4 muste. Viivan leveys on 0.7 mm. Pakkauskoko 12 kpl \/ ltk. Kappalehinta<\/p>\n","protected":false},"featured_media":26229,"template":"","meta":{"_et_pb_use_builder":"","_et_pb_old_content":"","_et_gb_content_width":""},"pwb-brand":[],"product_brand":[],"product_cat":[1787],"product_tag":[],"class_list":{"0":"post-26226","1":"product","2":"type-product","3":"status-publish","4":"has-post-thumbnail","6":"product_cat-tussit-kynat-ja-merkinta","7":"pa_vari-musta","8":"pa_vari-punainen","10":"first","11":"instock","12":"taxable","13":"shipping-taxable","14":"purchasable","15":"product-type-variable"},"brands":[],"_links":{"self":[{"href":"https:\/\/silikotek.sapartners.site\/index.php\/wp-json\/wp\/v2\/product\/26226","targetHints":{"allow":["GET"]}}],"collection":[{"href":"https:\/\/silikotek.sapartners.site\/index.php\/wp-json\/wp\/v2\/product"}],"about":[{"href":"https:\/\/silikotek.sapartners.site\/index.php\/wp-json\/wp\/v2\/types\/product"}],"wp:featuredmedia":[{"embeddable":true,"href":"https:\/\/silikotek.sapartners.site\/index.php\/wp-json\/wp\/v2\/media\/26229"}],"wp:attachment":[{"href":"https:\/\/silikotek.sapartners.site\/index.php\/wp-json\/wp\/v2\/media?parent=26226"}],"wp:term":[{"taxonomy":"pwb-brand","embeddable":true,"href":"https:\/\/silikotek.sapartners.site\/index.php\/wp-json\/wp\/v2\/pwb-brand?post=26226"},{"taxonomy":"product_brand","embeddable":true,"href":"https:\/\/silikotek.sapartners.site\/index.php\/wp-json\/wp\/v2\/product_brand?post=26226"},{"taxonomy":"product_cat","embeddable":true,"href":"https:\/\/silikotek.sapartners.site\/index.php\/wp-json\/wp\/v2\/product_cat?post=26226"},{"taxonomy":"product_tag","embeddable":true,"href":"https:\/\/silikotek.sapartners.site\/index.php\/wp-json\/wp\/v2\/product_tag?post=26226"}],"curies":[{"name":"wp","href":"https:\/\/api.w.org\/{rel}","templated":true}]}}