{"id":26221,"date":"2021-11-17T08:26:56","date_gmt":"2021-11-17T06:26:56","guid":{"rendered":"https:\/\/www.silikotek.fi\/?post_type=product&#038;p=26221"},"modified":"2021-11-17T08:26:56","modified_gmt":"2021-11-17T06:26:56","slug":"textmark-700-musta-huopakyna-vedenkestava-tussi","status":"publish","type":"product","link":"https:\/\/silikotek.sapartners.site\/index.php\/tuote\/textmark-700-musta-huopakyna-vedenkestava-tussi\/","title":{"rendered":"Textmark 700 musta huopakyn\u00e4, vedenkest\u00e4v\u00e4 tussi"},"content":{"rendered":"","protected":false},"excerpt":{"rendered":"<p>Textmark tussi on ter\u00e4v\u00e4k\u00e4rkinen 1 mm veden ja valonkest\u00e4v\u00e4 huopakyn\u00e4. 12 kpl laatikossa. Kappalehinta.<\/p>\n","protected":false},"featured_media":26222,"template":"","meta":{"_et_pb_use_builder":"","_et_pb_old_content":"","_et_gb_content_width":""},"pwb-brand":[],"product_brand":[],"product_cat":[1787],"product_tag":[],"class_list":{"0":"post-26221","1":"product","2":"type-product","3":"status-publish","4":"has-post-thumbnail","6":"product_cat-tussit-kynat-ja-merkinta","7":"pa_vari-keltainen","8":"pa_vari-musta","9":"pa_vari-punainen","11":"first","12":"instock","13":"taxable","14":"shipping-taxable","15":"purchasable","16":"product-type-variable"},"brands":[],"_links":{"self":[{"href":"https:\/\/silikotek.sapartners.site\/index.php\/wp-json\/wp\/v2\/product\/26221","targetHints":{"allow":["GET"]}}],"collection":[{"href":"https:\/\/silikotek.sapartners.site\/index.php\/wp-json\/wp\/v2\/product"}],"about":[{"href":"https:\/\/silikotek.sapartners.site\/index.php\/wp-json\/wp\/v2\/types\/product"}],"wp:featuredmedia":[{"embeddable":true,"href":"https:\/\/silikotek.sapartners.site\/index.php\/wp-json\/wp\/v2\/media\/26222"}],"wp:attachment":[{"href":"https:\/\/silikotek.sapartners.site\/index.php\/wp-json\/wp\/v2\/media?parent=26221"}],"wp:term":[{"taxonomy":"pwb-brand","embeddable":true,"href":"https:\/\/silikotek.sapartners.site\/index.php\/wp-json\/wp\/v2\/pwb-brand?post=26221"},{"taxonomy":"product_brand","embeddable":true,"href":"https:\/\/silikotek.sapartners.site\/index.php\/wp-json\/wp\/v2\/product_brand?post=26221"},{"taxonomy":"product_cat","embeddable":true,"href":"https:\/\/silikotek.sapartners.site\/index.php\/wp-json\/wp\/v2\/product_cat?post=26221"},{"taxonomy":"product_tag","embeddable":true,"href":"https:\/\/silikotek.sapartners.site\/index.php\/wp-json\/wp\/v2\/product_tag?post=26221"}],"curies":[{"name":"wp","href":"https:\/\/api.w.org\/{rel}","templated":true}]}}