{"id":26209,"date":"2021-11-16T15:52:52","date_gmt":"2021-11-16T13:52:52","guid":{"rendered":"https:\/\/www.silikotek.fi\/?post_type=product&#038;p=26209"},"modified":"2021-11-16T15:52:53","modified_gmt":"2021-11-16T13:52:53","slug":"milwaukee-huopakyna-hienokarki-p1-musta-48223100","status":"publish","type":"product","link":"https:\/\/silikotek.sapartners.site\/index.php\/tuote\/milwaukee-huopakyna-hienokarki-p1-musta-48223100\/","title":{"rendered":"Milwaukee huopakyn\u00e4 hienok\u00e4rki P1 Musta 48223100"},"content":{"rendered":"<div class=\"keyfeatures col-100\">\n<ul>\n<li>Kuivuu nopeasti, v\u00e4hemm\u00e4n sotkua metalli- ja muovipinnoilla<\/li>\n<li>72x pidempi k\u00e4ytt\u00f6ik\u00e4, kyn\u00e4 voi olla korkitta 72+ tuntia ollen edelleen k\u00e4ytt\u00f6kelpoinen<\/li>\n<li>Korkki on helppo irroittaa hanskatkin k\u00e4dess\u00e4<\/li>\n<li>Kyp\u00e4r\u00e4klipsi<\/li>\n<li>Akryyliter\u00e4 on ihanteellinen karkeille pinnoille<\/li>\n<li>Pysyy ter\u00e4v\u00e4n\u00e4 pidemp\u00e4\u00e4n eik\u00e4 levi\u00e4 tai ty\u00f6nny sis\u00e4\u00e4n painettaessa<\/li>\n<li>Kest\u00e4v\u00e4 akryylik\u00e4rki on ihanteellinen karkeille pinnoille, kuten OSB-levylle ja betonille<\/li>\n<li>Kyn\u00e4\u00e4 voidaan k\u00e4ytt\u00e4\u00e4 vaikka sen korkki olisi ollut auki +72 tuntia<\/li>\n<li>Sopii betonille, puulle, metallille, vanerille, OSB-levylle ja muoville<\/li>\n<li>Voidaan k\u00e4ytt\u00e4\u00e4 p\u00f6lyisille, m\u00e4rille, ruosteisille ja \u00f6ljyisille pinnoille<\/li>\n<li>Nopeasti kuivuva muste, mik\u00e4 v\u00e4hent\u00e4\u00e4 sen levi\u00e4mist\u00e4 PVC- ja metallipinnoilla<\/li>\n<li>Kapea malli on k\u00e4tev\u00e4 ahtaissa tiloissa ty\u00f6skennelless\u00e4<\/li>\n<li>Klipsi kyn\u00e4n kiinnitt\u00e4miseen esim. kyp\u00e4r\u00e4\u00e4n, housuihin ja haalareihin<\/li>\n<li>Korkki on helppo irrottaa my\u00f6s yhdell\u00e4 k\u00e4dell\u00e4<\/li>\n<li>Rullaamaton rakenne est\u00e4\u00e4 kyn\u00e4n py\u00f6rimisen<\/li>\n<\/ul>\n<\/div>\n<div class=\"basket col-100 col-respxs-100\">\n<p class=\"productprice\">\n<\/div>\n","protected":false},"excerpt":{"rendered":"<p>Kuivuu nopeasti, v\u00e4hemm\u00e4n sotkua metalli- ja muovipinnoilla 72x pidempi k\u00e4ytt\u00f6ik\u00e4, kyn\u00e4 voi olla korkitta 72+ tuntia ollen edelleen k\u00e4ytt\u00f6kelpoinen Korkki on helppo irroittaa hanskatkin k\u00e4dess\u00e4 Kyp\u00e4r\u00e4klipsi Akryyliter\u00e4 on ihanteellinen karkeille pinnoille Pysyy ter\u00e4v\u00e4n\u00e4 pidemp\u00e4\u00e4n eik\u00e4 levi\u00e4 tai ty\u00f6nny sis\u00e4\u00e4n painettaessa Kest\u00e4v\u00e4 akryylik\u00e4rki on ihanteellinen karkeille pinnoille, kuten OSB-levylle ja betonille Kyn\u00e4\u00e4 voidaan k\u00e4ytt\u00e4\u00e4 vaikka sen [&hellip;]<\/p>\n","protected":false},"featured_media":26210,"template":"","meta":{"_et_pb_use_builder":"","_et_pb_old_content":"","_et_gb_content_width":""},"pwb-brand":[1452],"product_brand":[],"product_cat":[1787],"product_tag":[1789],"class_list":{"0":"post-26209","1":"product","2":"type-product","3":"status-publish","4":"has-post-thumbnail","6":"pwb-brand-milwaukee","7":"product_cat-tussit-kynat-ja-merkinta","8":"product_tag-tussi","10":"first","11":"instock","12":"taxable","13":"shipping-taxable","14":"purchasable","15":"product-type-simple"},"brands":[{"id":1452,"name":"Milwaukee","slug":"milwaukee"}],"_links":{"self":[{"href":"https:\/\/silikotek.sapartners.site\/index.php\/wp-json\/wp\/v2\/product\/26209","targetHints":{"allow":["GET"]}}],"collection":[{"href":"https:\/\/silikotek.sapartners.site\/index.php\/wp-json\/wp\/v2\/product"}],"about":[{"href":"https:\/\/silikotek.sapartners.site\/index.php\/wp-json\/wp\/v2\/types\/product"}],"wp:featuredmedia":[{"embeddable":true,"href":"https:\/\/silikotek.sapartners.site\/index.php\/wp-json\/wp\/v2\/media\/26210"}],"wp:attachment":[{"href":"https:\/\/silikotek.sapartners.site\/index.php\/wp-json\/wp\/v2\/media?parent=26209"}],"wp:term":[{"taxonomy":"pwb-brand","embeddable":true,"href":"https:\/\/silikotek.sapartners.site\/index.php\/wp-json\/wp\/v2\/pwb-brand?post=26209"},{"taxonomy":"product_brand","embeddable":true,"href":"https:\/\/silikotek.sapartners.site\/index.php\/wp-json\/wp\/v2\/product_brand?post=26209"},{"taxonomy":"product_cat","embeddable":true,"href":"https:\/\/silikotek.sapartners.site\/index.php\/wp-json\/wp\/v2\/product_cat?post=26209"},{"taxonomy":"product_tag","embeddable":true,"href":"https:\/\/silikotek.sapartners.site\/index.php\/wp-json\/wp\/v2\/product_tag?post=26209"}],"curies":[{"name":"wp","href":"https:\/\/api.w.org\/{rel}","templated":true}]}}