{"id":26202,"date":"2021-11-16T15:15:12","date_gmt":"2021-11-16T13:15:12","guid":{"rendered":"https:\/\/www.silikotek.fi\/?post_type=product&#038;p=26202"},"modified":"2021-11-16T15:15:13","modified_gmt":"2021-11-16T13:15:13","slug":"milwaukee-merkkauskyna-valkoinen-48223711","status":"publish","type":"product","link":"https:\/\/silikotek.sapartners.site\/index.php\/tuote\/milwaukee-merkkauskyna-valkoinen-48223711\/","title":{"rendered":"Milwaukee merkkauskyn\u00e4 valkoinen 48223711"},"content":{"rendered":"<ul>\n<li>Kest\u00e4v\u00e4 akryylik\u00e4rki<\/li>\n<li>Kirjoittaa my\u00f6s ep\u00e4tasaisille, likaisille ja rasvaisille pinnoille<\/li>\n<li>Metallirunko<\/li>\n<li>Maalikyn\u00e4 venttiilill\u00e4<\/li>\n<li>Kest\u00e4v\u00e4 akryylik\u00e4rki pystyy merkitsem\u00e4\u00e4n pinnoille, joiden l\u00e4mp\u00f6tila on -10\u00b0 ja +145\u00b0 v\u00e4lill\u00e4<\/li>\n<li>Kirjoittaa tummille pinnoille, joissa tavallisten maalikynien muste ei n\u00e4y<\/li>\n<li>Voidaan k\u00e4ytt\u00e4\u00e4 karkeille, likaisille ja rasvaisille pinnoille<\/li>\n<li>Soveltuu betonille, mustille putkille, alumiinille, PVC:lle, ter\u00e4kselle, ruostumattomalle ter\u00e4kselle, kumille ja renkaille<\/li>\n<li>Kuivuu 10 sekunnissa<\/li>\n<li>Veden ja UV-s\u00e4teilyn kest\u00e4v\u00e4t merkinn\u00e4t<\/li>\n<li>Pysyv\u00e4t, jopa 6 kk s\u00e4ilyv\u00e4t merkinn\u00e4t<\/li>\n<li>Metallirunko kest\u00e4\u00e4 ty\u00f6maan olosuhteita<\/li>\n<li>Ksyleeniton muste<\/li>\n<li>T\u00c4RKE\u00c4\u00c4: ravista tussia korkki kiinni ja irrota korkki sek\u00e4 heiluta tussia yl\u00f6s alas, kunnes muste valuu k\u00e4rkeen<\/li>\n<\/ul>\n","protected":false},"excerpt":{"rendered":"<p>Kest\u00e4v\u00e4 akryylik\u00e4rki Kirjoittaa my\u00f6s ep\u00e4tasaisille, likaisille ja rasvaisille pinnoille Metallirunko Maalikyn\u00e4 venttiilill\u00e4 Kest\u00e4v\u00e4 akryylik\u00e4rki pystyy merkitsem\u00e4\u00e4n pinnoille, joiden l\u00e4mp\u00f6tila on -10\u00b0 ja +145\u00b0 v\u00e4lill\u00e4 Kirjoittaa tummille pinnoille, joissa tavallisten maalikynien muste ei n\u00e4y Voidaan k\u00e4ytt\u00e4\u00e4 karkeille, likaisille ja rasvaisille pinnoille Soveltuu betonille, mustille putkille, alumiinille, PVC:lle, ter\u00e4kselle, ruostumattomalle ter\u00e4kselle, kumille ja renkaille Kuivuu 10 sekunnissa [&hellip;]<\/p>\n","protected":false},"featured_media":26203,"template":"","meta":{"_et_pb_use_builder":"","_et_pb_old_content":"","_et_gb_content_width":""},"pwb-brand":[],"product_brand":[],"product_cat":[1787],"product_tag":[1788],"class_list":{"0":"post-26202","1":"product","2":"type-product","3":"status-publish","4":"has-post-thumbnail","6":"product_cat-tussit-kynat-ja-merkinta","7":"product_tag-maalikyna","9":"first","10":"instock","11":"taxable","12":"shipping-taxable","13":"purchasable","14":"product-type-simple"},"brands":[],"_links":{"self":[{"href":"https:\/\/silikotek.sapartners.site\/index.php\/wp-json\/wp\/v2\/product\/26202","targetHints":{"allow":["GET"]}}],"collection":[{"href":"https:\/\/silikotek.sapartners.site\/index.php\/wp-json\/wp\/v2\/product"}],"about":[{"href":"https:\/\/silikotek.sapartners.site\/index.php\/wp-json\/wp\/v2\/types\/product"}],"wp:featuredmedia":[{"embeddable":true,"href":"https:\/\/silikotek.sapartners.site\/index.php\/wp-json\/wp\/v2\/media\/26203"}],"wp:attachment":[{"href":"https:\/\/silikotek.sapartners.site\/index.php\/wp-json\/wp\/v2\/media?parent=26202"}],"wp:term":[{"taxonomy":"pwb-brand","embeddable":true,"href":"https:\/\/silikotek.sapartners.site\/index.php\/wp-json\/wp\/v2\/pwb-brand?post=26202"},{"taxonomy":"product_brand","embeddable":true,"href":"https:\/\/silikotek.sapartners.site\/index.php\/wp-json\/wp\/v2\/product_brand?post=26202"},{"taxonomy":"product_cat","embeddable":true,"href":"https:\/\/silikotek.sapartners.site\/index.php\/wp-json\/wp\/v2\/product_cat?post=26202"},{"taxonomy":"product_tag","embeddable":true,"href":"https:\/\/silikotek.sapartners.site\/index.php\/wp-json\/wp\/v2\/product_tag?post=26202"}],"curies":[{"name":"wp","href":"https:\/\/api.w.org\/{rel}","templated":true}]}}