{"id":26192,"date":"2021-11-16T13:23:11","date_gmt":"2021-11-16T11:23:11","guid":{"rendered":"https:\/\/www.silikotek.fi\/?post_type=product&#038;p=26192"},"modified":"2021-11-16T13:23:12","modified_gmt":"2021-11-16T11:23:12","slug":"hultafors-hbx-22-9-sahantera","status":"publish","type":"product","link":"https:\/\/silikotek.sapartners.site\/index.php\/tuote\/hultafors-hbx-22-9-sahantera\/","title":{"rendered":"Hultafors HBX-22-9 sahanter\u00e4"},"content":{"rendered":"<section id=\"section_409\" class=\"section section_ProductDetail_Description section_409 \" data-lazysection-routevalues=\"{&quot;sectionid&quot;:409}\" data-lazyload=\"false\" data-action=\"ProductDetail\/DescriptionDetailSection\" data-sectionid=\"409\" data-view=\"ProductDetail\/_Description\">\n<div class=\"row\">\n<div class=\"col-xs-12\">\n<p>Sahanter\u00e4 HBX on saatavilla erilaisia k\u00e4ytt\u00f6tarkoituksia varten kolmessa eri hammaskoossa: 7, 9 ja 11 hammasta\/tuuma. Hultafors 3-vaihehammastettu hionta yhdist\u00e4\u00e4 tehokkuuden ja hyv\u00e4n purennan ja antaa siistin suoran sahausj\u00e4ljen. 1 mm paksuisessa ter\u00e4ksisess\u00e4 ter\u00e4ss\u00e4 on luontoyst\u00e4v\u00e4llinen vahapinnoite, joka v\u00e4hent\u00e4\u00e4 kitkaa ja voimia kuluttavaa t\u00e4rin\u00e4\u00e4.<\/p>\n<\/div>\n<\/div>\n<\/section>\n<section id=\"section_410\" class=\"section section_ProductDetail_Description section_410 pdp-description-section\" data-lazysection-routevalues=\"{&quot;sectionid&quot;:410}\" data-lazyload=\"false\" data-action=\"ProductDetail\/DescriptionDetailSection\" data-sectionid=\"410\" data-view=\"ProductDetail\/_Description\">\n<div class=\"row\">\n<div class=\"col-xs-12\">\n<p>3-vaihehammastettu hionta lis\u00e4\u00e4 tehokkuutta ja pident\u00e4\u00e4 k\u00e4ytt\u00f6ik\u00e4\u00e4.<\/p>\n<\/div>\n<\/div>\n<\/section>\n<section id=\"section_668\" class=\"section section_ProductDetail_Description section_668 pdp-description-section\" data-lazysection-routevalues=\"{&quot;sectionid&quot;:668}\" data-lazyload=\"false\" data-action=\"ProductDetail\/DescriptionDetailSection\" data-sectionid=\"668\" data-view=\"ProductDetail\/_Description\">\n<div class=\"row\">\n<div class=\"col-xs-12\">\n<p>1 mm ter\u00e4ksinen ter\u00e4 v\u00e4hent\u00e4\u00e4 kitkaa ja voimia kuluttavaa t\u00e4rin\u00e4\u00e4.<\/p>\n<\/div>\n<\/div>\n<\/section>\n<section id=\"section_669\" class=\"section section_ProductDetail_Description section_669 pdp-description-section\" data-lazysection-routevalues=\"{&quot;sectionid&quot;:669}\" data-lazyload=\"false\" data-action=\"ProductDetail\/DescriptionDetailSection\" data-sectionid=\"669\" data-view=\"ProductDetail\/_Description\">\n<div class=\"row\">\n<div class=\"col-xs-12\">\n<p>Luontoyst\u00e4v\u00e4llinen vahapinnoite suojaa ruosteelta ja v\u00e4hent\u00e4\u00e4 kitkaa.<\/p>\n<\/div>\n<\/div>\n<\/section>\n","protected":false},"excerpt":{"rendered":"<p>Sopii Hultafors HBX-22-9 k\u00e4sisahaan<\/p>\n","protected":false},"featured_media":26193,"template":"","meta":{"_et_pb_use_builder":"","_et_pb_old_content":"","_et_gb_content_width":""},"pwb-brand":[1719],"product_brand":[],"product_cat":[1786,381],"product_tag":[],"class_list":{"0":"post-26192","1":"product","2":"type-product","3":"status-publish","4":"has-post-thumbnail","6":"pwb-brand-hultafors","7":"product_cat-kasisahat","8":"product_cat-pistosahat","10":"first","11":"instock","12":"taxable","13":"shipping-taxable","14":"purchasable","15":"product-type-simple"},"brands":[{"id":1719,"name":"Hultafors","slug":"hultafors"}],"_links":{"self":[{"href":"https:\/\/silikotek.sapartners.site\/index.php\/wp-json\/wp\/v2\/product\/26192","targetHints":{"allow":["GET"]}}],"collection":[{"href":"https:\/\/silikotek.sapartners.site\/index.php\/wp-json\/wp\/v2\/product"}],"about":[{"href":"https:\/\/silikotek.sapartners.site\/index.php\/wp-json\/wp\/v2\/types\/product"}],"wp:featuredmedia":[{"embeddable":true,"href":"https:\/\/silikotek.sapartners.site\/index.php\/wp-json\/wp\/v2\/media\/26193"}],"wp:attachment":[{"href":"https:\/\/silikotek.sapartners.site\/index.php\/wp-json\/wp\/v2\/media?parent=26192"}],"wp:term":[{"taxonomy":"pwb-brand","embeddable":true,"href":"https:\/\/silikotek.sapartners.site\/index.php\/wp-json\/wp\/v2\/pwb-brand?post=26192"},{"taxonomy":"product_brand","embeddable":true,"href":"https:\/\/silikotek.sapartners.site\/index.php\/wp-json\/wp\/v2\/product_brand?post=26192"},{"taxonomy":"product_cat","embeddable":true,"href":"https:\/\/silikotek.sapartners.site\/index.php\/wp-json\/wp\/v2\/product_cat?post=26192"},{"taxonomy":"product_tag","embeddable":true,"href":"https:\/\/silikotek.sapartners.site\/index.php\/wp-json\/wp\/v2\/product_tag?post=26192"}],"curies":[{"name":"wp","href":"https:\/\/api.w.org\/{rel}","templated":true}]}}