{"id":26018,"date":"2021-10-26T12:37:09","date_gmt":"2021-10-26T09:37:09","guid":{"rendered":"https:\/\/www.silikotek.fi\/?post_type=product&#038;p=26018"},"modified":"2021-10-26T16:05:49","modified_gmt":"2021-10-26T13:05:49","slug":"ledlenser-i7r-ladattava-kasivalaisin","status":"publish","type":"product","link":"https:\/\/silikotek.sapartners.site\/index.php\/tuote\/ledlenser-i7r-ladattava-kasivalaisin\/","title":{"rendered":"Ledlenser i7R ladattava k\u00e4sivalaisin"},"content":{"rendered":"<p>Ledlenser i7R on ladattava versio i7-valaisimesta. Valintasi on i7R, kun tarvitset ladattavan monipuolisen valaisimen ammattik\u00e4ytt\u00f6\u00f6n.<\/p>\n<p><span id=\"toggle-description\"><strong>Tekniset tiedot<\/strong><\/span><\/p>\n<div class=\"product-right-column\">\n<ul>\n<li>220 \/ 25 lumenia<\/li>\n<li>4 kpl NiMH 900mAh, 1.2V akkuja<\/li>\n<li>pituus 13,0 cm<\/li>\n<li>paino 175 g<\/li>\n<li>IPX4<\/li>\n<li>Latausaika 5 h<\/li>\n<\/ul>\n<\/div>\n","protected":false},"excerpt":{"rendered":"<p>Ledlenser i7R on ladattava versio i7-valaisimesta. Valintasi on i7R, kun tarvitset ladattavan monipuolisen valaisimen ammattik\u00e4ytt\u00f6\u00f6n. Tekniset tiedot 220 \/ 25 lumenia 4 kpl NiMH 900mAh, 1.2V akkuja pituus 13,0 cm paino 175 g IPX4 Latausaika 5 h<\/p>\n","protected":false},"featured_media":26020,"template":"","meta":{"_et_pb_use_builder":"","_et_pb_old_content":"","_et_gb_content_width":""},"pwb-brand":[1602],"product_brand":[],"product_cat":[475,474],"product_tag":[1774],"class_list":{"0":"post-26018","1":"product","2":"type-product","3":"status-publish","4":"has-post-thumbnail","6":"pwb-brand-led-lensesr","7":"product_cat-ladattavat-valaisimet","8":"product_cat-kasivalaisimet","9":"product_tag-ladattava-taskulamppu","11":"first","12":"instock","13":"taxable","14":"shipping-taxable","15":"purchasable","16":"product-type-simple"},"brands":[{"id":1602,"name":"Led Lenser","slug":"led-lensesr"}],"_links":{"self":[{"href":"https:\/\/silikotek.sapartners.site\/index.php\/wp-json\/wp\/v2\/product\/26018","targetHints":{"allow":["GET"]}}],"collection":[{"href":"https:\/\/silikotek.sapartners.site\/index.php\/wp-json\/wp\/v2\/product"}],"about":[{"href":"https:\/\/silikotek.sapartners.site\/index.php\/wp-json\/wp\/v2\/types\/product"}],"wp:featuredmedia":[{"embeddable":true,"href":"https:\/\/silikotek.sapartners.site\/index.php\/wp-json\/wp\/v2\/media\/26020"}],"wp:attachment":[{"href":"https:\/\/silikotek.sapartners.site\/index.php\/wp-json\/wp\/v2\/media?parent=26018"}],"wp:term":[{"taxonomy":"pwb-brand","embeddable":true,"href":"https:\/\/silikotek.sapartners.site\/index.php\/wp-json\/wp\/v2\/pwb-brand?post=26018"},{"taxonomy":"product_brand","embeddable":true,"href":"https:\/\/silikotek.sapartners.site\/index.php\/wp-json\/wp\/v2\/product_brand?post=26018"},{"taxonomy":"product_cat","embeddable":true,"href":"https:\/\/silikotek.sapartners.site\/index.php\/wp-json\/wp\/v2\/product_cat?post=26018"},{"taxonomy":"product_tag","embeddable":true,"href":"https:\/\/silikotek.sapartners.site\/index.php\/wp-json\/wp\/v2\/product_tag?post=26018"}],"curies":[{"name":"wp","href":"https:\/\/api.w.org\/{rel}","templated":true}]}}