{"id":25974,"date":"2021-10-20T14:38:13","date_gmt":"2021-10-20T11:38:13","guid":{"rendered":"https:\/\/www.silikotek.fi\/?post_type=product&#038;p=25974"},"modified":"2021-10-20T14:38:14","modified_gmt":"2021-10-20T11:38:14","slug":"wbt-2-akkukayttoiset-elektroniset-sakset","status":"publish","type":"product","link":"https:\/\/silikotek.sapartners.site\/index.php\/tuote\/wbt-2-akkukayttoiset-elektroniset-sakset\/","title":{"rendered":"WBT-2 Akkuk\u00e4ytt\u00f6iset Elektroniset sakset"},"content":{"rendered":"","protected":false},"excerpt":{"rendered":"<p>Kevyet ja n\u00e4pp\u00e4r\u00e4t elektroniset sakset ovat hyvin tehokkaat ja ne jaksavat leikata paksumpaakin kangasta, kevlaria ja jopa lasikuitua. Paino 445 g. Jopa 6 mm leikkauskorkeus. Sahalaitainen leikkuureuna.<\/p>\n<p>Sis\u00e4lt\u00e4\u00e4 kaksi leikkuup\u00e4\u00e4t\u00e4, 5000 mAh li-ion akku, pikalaturi ja adapterin, jonka ansiosta voidaan k\u00e4ytt\u00e4\u00e4 johdolla (230V).<\/p>\n<p>&nbsp;<\/p>\n<p>&nbsp;<\/p>\n","protected":false},"featured_media":25976,"template":"","meta":{"_et_pb_use_builder":"","_et_pb_old_content":"","_et_gb_content_width":""},"pwb-brand":[],"product_brand":[],"product_cat":[741],"product_tag":[],"class_list":{"0":"post-25974","1":"product","2":"type-product","3":"status-publish","4":"has-post-thumbnail","6":"product_cat-akkuleikkurit","8":"first","9":"instock","10":"taxable","11":"shipping-taxable","12":"purchasable","13":"product-type-simple"},"brands":[],"_links":{"self":[{"href":"https:\/\/silikotek.sapartners.site\/index.php\/wp-json\/wp\/v2\/product\/25974","targetHints":{"allow":["GET"]}}],"collection":[{"href":"https:\/\/silikotek.sapartners.site\/index.php\/wp-json\/wp\/v2\/product"}],"about":[{"href":"https:\/\/silikotek.sapartners.site\/index.php\/wp-json\/wp\/v2\/types\/product"}],"wp:featuredmedia":[{"embeddable":true,"href":"https:\/\/silikotek.sapartners.site\/index.php\/wp-json\/wp\/v2\/media\/25976"}],"wp:attachment":[{"href":"https:\/\/silikotek.sapartners.site\/index.php\/wp-json\/wp\/v2\/media?parent=25974"}],"wp:term":[{"taxonomy":"pwb-brand","embeddable":true,"href":"https:\/\/silikotek.sapartners.site\/index.php\/wp-json\/wp\/v2\/pwb-brand?post=25974"},{"taxonomy":"product_brand","embeddable":true,"href":"https:\/\/silikotek.sapartners.site\/index.php\/wp-json\/wp\/v2\/product_brand?post=25974"},{"taxonomy":"product_cat","embeddable":true,"href":"https:\/\/silikotek.sapartners.site\/index.php\/wp-json\/wp\/v2\/product_cat?post=25974"},{"taxonomy":"product_tag","embeddable":true,"href":"https:\/\/silikotek.sapartners.site\/index.php\/wp-json\/wp\/v2\/product_tag?post=25974"}],"curies":[{"name":"wp","href":"https:\/\/api.w.org\/{rel}","templated":true}]}}