{"id":25971,"date":"2021-10-20T11:29:47","date_gmt":"2021-10-20T08:29:47","guid":{"rendered":"https:\/\/www.silikotek.fi\/?post_type=product&#038;p=25971"},"modified":"2021-10-20T11:36:12","modified_gmt":"2021-10-20T08:36:12","slug":"milwaukee-m18-fmtiw2f12-0x-mutterinvaannin-881-nm","status":"publish","type":"product","link":"https:\/\/silikotek.sapartners.site\/index.php\/tuote\/milwaukee-m18-fmtiw2f12-0x-mutterinvaannin-881-nm\/","title":{"rendered":"Milwaukee M18 FMTIW2F12-0X Mutterinv\u00e4\u00e4nnin 881 Nm"},"content":{"rendered":"<table class=\"NormalTable\" style=\"width: 692px; height: 351px;\">\n<tbody>\n<tr style=\"height: 23px;\">\n<td class=\"headl\" style=\"width: 329.479px; height: 23px;\">Tuotenro:<\/td>\n<td class=\"value\" style=\"width: 348.559px; height: 23px;\">4933478452<\/td>\n<\/tr>\n<tr style=\"height: 23px;\">\n<td class=\"headl\" style=\"width: 329.479px; height: 23px;\">Kuormittamaton nopeus (r\/min):<\/td>\n<td style=\"width: 348.559px; height: 23px;\">0-1250 \/ 0-1950 \/ 0-2575 \/ 0-1325<\/td>\n<\/tr>\n<tr style=\"height: 23px;\">\n<td class=\"headl\" style=\"width: 329.479px; height: 23px;\">Maks. v\u00e4\u00e4nt\u00f6 (Nm):<\/td>\n<td style=\"width: 348.559px; height: 23px;\">475 \/ 610 \/ 745 \/ 47<\/td>\n<\/tr>\n<tr style=\"height: 23px;\">\n<td class=\"headl\" style=\"width: 329.479px; height: 23px;\">Voltit (V):<\/td>\n<td style=\"width: 348.559px; height: 23px;\">18<\/td>\n<\/tr>\n<tr style=\"height: 23px;\">\n<td class=\"headl\" style=\"width: 329.479px; height: 23px;\">Akku tyyppi:<\/td>\n<td style=\"width: 348.559px; height: 23px;\">Li-ion<\/td>\n<\/tr>\n<tr style=\"height: 23px;\">\n<td class=\"headl\" style=\"width: 329.479px; height: 23px;\">Iskuluku (iskua\/min):<\/td>\n<td style=\"width: 348.559px; height: 23px;\">0-900 \/ 0-2100 \/ 0-3100<\/td>\n<\/tr>\n<tr style=\"height: 23px;\">\n<td class=\"headl\" style=\"width: 329.479px; height: 23px;\">Toimitetaan:<\/td>\n<td style=\"width: 348.559px; height: 23px;\">HD Box<\/td>\n<\/tr>\n<tr style=\"height: 23px;\">\n<td class=\"headl\" style=\"width: 329.479px; height: 23px;\">Maks. mutterin halkaisija:<\/td>\n<td style=\"width: 348.559px; height: 23px;\">M22<\/td>\n<\/tr>\n<tr style=\"height: 23px;\">\n<td class=\"headl\" style=\"width: 329.479px; height: 23px;\">Malli:<\/td>\n<td style=\"width: 348.559px; height: 23px;\">M18 FMTIW2P12-0X<\/td>\n<\/tr>\n<tr style=\"height: 23px;\">\n<td class=\"headl\" style=\"width: 329.479px; height: 23px;\">Paino akun kanssa (kg):<\/td>\n<td style=\"width: 348.559px; height: 23px;\">2.3 (M18 B5)<\/td>\n<\/tr>\n<tr style=\"height: 23px;\">\n<td class=\"headl\" style=\"width: 329.479px; height: 23px;\">Saatavuus:<\/td>\n<td style=\"width: 348.559px; height: 23px;\"><img decoding=\"async\" src=\"https:\/\/cittiapr01.tti-webshop.eu\/eshop(bD1kZSZjPTAxMCZkPW1pbg==)\/YY_TTI_WECO_S4\/img\/bullet_green_alt.png\" border=\"0\" \/><\/td>\n<\/tr>\n<tr style=\"height: 29px;\">\n<td class=\"headl\" style=\"width: 329.479px; height: 29px;\">Teho:<\/td>\n<td style=\"width: 348.559px; height: 29px;\">M18<\/td>\n<\/tr>\n<tr style=\"height: 23px;\">\n<td class=\"headl\" style=\"width: 329.479px; height: 23px;\">Technologia:<\/td>\n<td style=\"width: 348.559px; height: 23px;\">Fuel hiiliharjaton<\/td>\n<\/tr>\n<tr style=\"height: 23px;\">\n<td class=\"headl\" style=\"width: 329.479px; height: 23px;\">Laturi:<\/td>\n<td style=\"width: 348.559px; height: 23px;\">Ei laturia<\/td>\n<\/tr>\n<tr style=\"height: 23px;\">\n<td class=\"headl\" style=\"width: 329.479px; height: 23px;\">Akkuja:<\/td>\n<td style=\"width: 348.559px; height: 23px;\">Ei akkuja<\/td>\n<\/tr>\n<\/tbody>\n<\/table>\n<table class=\"NormalTable\" style=\"width: 981px;\">\n<tbody>\n<tr>\n<td style=\"width: 972.344px;\"><span class=\"fontstyle0\">M18 FUEL 1\/2\u02dd iskev\u00e4 mutterinv\u00e4nnin lukitusnastalla. Alan johtava 881 Nm<br \/>\nv\u00e4\u00e4nt\u00f6momentti ja 745 Nm kiristysmomentti. Vain 152 mm kokonaispituus. DRIVE<br \/>\nCONTROL tarjoaa 4 eri nopeus- ja v\u00e4\u00e4nt\u00f6momenttiasetusta. Ty\u00f6kalussa on automaattinen<br \/>\nvirrankatkaisutila, mik\u00e4 tuottaa enint\u00e4\u00e4n 34 Nm liiallisen kiristymisen est\u00e4miseksi.<br \/>\nMutterinpoiston hallinta mahdollistaa t\u00e4yden v\u00e4\u00e4nt\u00f6momentin ja pienent\u00e4\u00e4 kierroslukuja kun<br \/>\nmutteri on l\u00f6ys\u00e4tty, jotta kiinnikkeen putoaminen voidaan est\u00e4\u00e4. KolmoisLED valaisee<br \/>\nty\u00f6stett\u00e4v\u00e4n kohteen tehokkaasti. Paino akun kanssa 2,3 kg. Toimitetaan HD Box -salkussa<br \/>\n(ilman akkuja ja laturia).<\/span><\/td>\n<\/tr>\n<\/tbody>\n<\/table>\n<p>&nbsp;<\/p>\n<p>&nbsp;<\/p>\n","protected":false},"excerpt":{"rendered":"<p>Pienikokoinen n\u00e4pp\u00e4r\u00e4 eritt\u00e4in tehokas akkumutterinv\u00e4\u00e4nnin<\/p>\n","protected":false},"featured_media":25972,"template":"","meta":{"_et_pb_use_builder":"","_et_pb_old_content":"","_et_gb_content_width":""},"pwb-brand":[1452],"product_brand":[],"product_cat":[735,733],"product_tag":[1769,1768],"class_list":{"0":"post-25971","1":"product","2":"type-product","3":"status-publish","4":"has-post-thumbnail","6":"pwb-brand-milwaukee","7":"product_cat-akkumutterinvaantimet","8":"product_cat-akkuporakoneet-18-v","9":"product_tag-pienikokoinen-akkumutterinvaannin","10":"product_tag-tehokas-akkumutterinvaannin","12":"first","13":"instock","14":"taxable","15":"shipping-taxable","16":"purchasable","17":"product-type-simple"},"brands":[{"id":1452,"name":"Milwaukee","slug":"milwaukee"}],"_links":{"self":[{"href":"https:\/\/silikotek.sapartners.site\/index.php\/wp-json\/wp\/v2\/product\/25971","targetHints":{"allow":["GET"]}}],"collection":[{"href":"https:\/\/silikotek.sapartners.site\/index.php\/wp-json\/wp\/v2\/product"}],"about":[{"href":"https:\/\/silikotek.sapartners.site\/index.php\/wp-json\/wp\/v2\/types\/product"}],"wp:featuredmedia":[{"embeddable":true,"href":"https:\/\/silikotek.sapartners.site\/index.php\/wp-json\/wp\/v2\/media\/25972"}],"wp:attachment":[{"href":"https:\/\/silikotek.sapartners.site\/index.php\/wp-json\/wp\/v2\/media?parent=25971"}],"wp:term":[{"taxonomy":"pwb-brand","embeddable":true,"href":"https:\/\/silikotek.sapartners.site\/index.php\/wp-json\/wp\/v2\/pwb-brand?post=25971"},{"taxonomy":"product_brand","embeddable":true,"href":"https:\/\/silikotek.sapartners.site\/index.php\/wp-json\/wp\/v2\/product_brand?post=25971"},{"taxonomy":"product_cat","embeddable":true,"href":"https:\/\/silikotek.sapartners.site\/index.php\/wp-json\/wp\/v2\/product_cat?post=25971"},{"taxonomy":"product_tag","embeddable":true,"href":"https:\/\/silikotek.sapartners.site\/index.php\/wp-json\/wp\/v2\/product_tag?post=25971"}],"curies":[{"name":"wp","href":"https:\/\/api.w.org\/{rel}","templated":true}]}}