{"id":25963,"date":"2021-10-19T15:59:42","date_gmt":"2021-10-19T12:59:42","guid":{"rendered":"https:\/\/www.silikotek.fi\/?post_type=product&#038;p=25963"},"modified":"2021-10-19T15:59:53","modified_gmt":"2021-10-19T12:59:53","slug":"zekler-3-naarmuuntumattomat-ja-huurtumissuojatut-suojalasit-kirkas-12-kappaleen-tukkupakkaus","status":"publish","type":"product","link":"https:\/\/silikotek.sapartners.site\/index.php\/tuote\/zekler-3-naarmuuntumattomat-ja-huurtumissuojatut-suojalasit-kirkas-12-kappaleen-tukkupakkaus\/","title":{"rendered":"Zekler 3 Naarmuuntumattomat ja huurtumissuojatut Suojalasit Kirkas, 12 kappaleen tukkupakkaus"},"content":{"rendered":"","protected":false},"excerpt":{"rendered":"<p>Erinomaisesti istuvat Zeklerin kehyksett\u00f6m\u00e4t suojalasit polykarbonaattilinsseill\u00e4. HC\/AC, eli naarmuuntumattomalla ja huurtumissuojatulla linssill\u00e4.<\/p>\n<p>Merkinn\u00e4t: EN\u00a0166, luokka\u00a01F (HC) tai 1FN (HC\/AF). Kirkas ja keltainen linssi my\u00f6s standardia EN\u00a0170. Harmaa linssi my\u00f6s standardia EN\u00a0172.<\/p>\n<p>12 kappaleen tukkupakkaus.<\/p>\n","protected":false},"featured_media":25964,"template":"","meta":{"_et_pb_use_builder":"","_et_pb_old_content":"","_et_gb_content_width":""},"pwb-brand":[1544],"product_brand":[],"product_cat":[1542],"product_tag":[],"class_list":{"0":"post-25963","1":"product","2":"type-product","3":"status-publish","4":"has-post-thumbnail","6":"pwb-brand-zekler","7":"product_cat-suojalasit","9":"first","10":"instock","11":"taxable","12":"shipping-taxable","13":"purchasable","14":"product-type-simple"},"brands":[{"id":1544,"name":"Zekler","slug":"zekler"}],"_links":{"self":[{"href":"https:\/\/silikotek.sapartners.site\/index.php\/wp-json\/wp\/v2\/product\/25963","targetHints":{"allow":["GET"]}}],"collection":[{"href":"https:\/\/silikotek.sapartners.site\/index.php\/wp-json\/wp\/v2\/product"}],"about":[{"href":"https:\/\/silikotek.sapartners.site\/index.php\/wp-json\/wp\/v2\/types\/product"}],"wp:featuredmedia":[{"embeddable":true,"href":"https:\/\/silikotek.sapartners.site\/index.php\/wp-json\/wp\/v2\/media\/25964"}],"wp:attachment":[{"href":"https:\/\/silikotek.sapartners.site\/index.php\/wp-json\/wp\/v2\/media?parent=25963"}],"wp:term":[{"taxonomy":"pwb-brand","embeddable":true,"href":"https:\/\/silikotek.sapartners.site\/index.php\/wp-json\/wp\/v2\/pwb-brand?post=25963"},{"taxonomy":"product_brand","embeddable":true,"href":"https:\/\/silikotek.sapartners.site\/index.php\/wp-json\/wp\/v2\/product_brand?post=25963"},{"taxonomy":"product_cat","embeddable":true,"href":"https:\/\/silikotek.sapartners.site\/index.php\/wp-json\/wp\/v2\/product_cat?post=25963"},{"taxonomy":"product_tag","embeddable":true,"href":"https:\/\/silikotek.sapartners.site\/index.php\/wp-json\/wp\/v2\/product_tag?post=25963"}],"curies":[{"name":"wp","href":"https:\/\/api.w.org\/{rel}","templated":true}]}}