{"id":25960,"date":"2021-10-19T12:10:34","date_gmt":"2021-10-19T09:10:34","guid":{"rendered":"https:\/\/www.silikotek.fi\/?post_type=product&#038;p=25960"},"modified":"2021-10-19T12:10:35","modified_gmt":"2021-10-19T09:10:35","slug":"flex-xfe-15-150-18-0-ec-5-0-p-set","status":"publish","type":"product","link":"https:\/\/silikotek.sapartners.site\/index.php\/tuote\/flex-xfe-15-150-18-0-ec-5-0-p-set\/","title":{"rendered":"Flex XFE 15 150 18.0-EC\/5.0 P-Set"},"content":{"rendered":"<p>Paketti sis\u00e4lt\u00e4\u00e4:<\/p>\n<ul>\n<li class=\"tabs__contentListItem clr tabs__contentListItem--grey\"><span class=\"tabs__attribute tabs__attribute--left\">1 Erikoistarralautanen, 125 \u00d8<\/span><\/li>\n<li class=\"tabs__contentListItem clr \"><span class=\"tabs__attribute tabs__attribute--left\">1 Erikoistarralautanen, 150 \u00d8<\/span><\/li>\n<li class=\"tabs__contentListItem clr tabs__contentListItem--grey\"><span class=\"tabs__attribute tabs__attribute--left\">2 akkua 5.0 Ah AP 18.0\/5.0<\/span><\/li>\n<li class=\"tabs__contentListItem clr \"><span class=\"tabs__attribute tabs__attribute--left\">1 laturi CA 10.8\/18.0<\/span><\/li>\n<li class=\"tabs__contentListItem clr tabs__contentListItem--grey\"><span class=\"tabs__attribute tabs__attribute--left\">1 laukun sisusta<\/span><\/li>\n<li class=\"tabs__contentListItem clr \"><span class=\"tabs__attribute tabs__attribute--left\">1 kuljetuslaukku L-BOXX\u00ae 238<\/span><\/li>\n<\/ul>\n","protected":false},"excerpt":{"rendered":"<p>Helposti k\u00e4sitelt\u00e4v\u00e4 akkutoiminen ep\u00e4kesko kiillotuskone on hell\u00e4 pinnoille. Siin\u00e4 on \u00e4lyk\u00e4s s\u00e4hk\u00f6inen hallintaj\u00e4rjestelm\u00e4. Ergonomista kahvaa on tukeva pit\u00e4\u00e4 SoftGripin ansiosta. Keskitetty\u00e4 nopeudens\u00e4\u00e4t\u00f6\u00e4 voidaan k\u00e4ytt\u00e4\u00e4 molemmin puolin.<br \/>\nKest\u00e4v\u00e4 ja tehokas hiiiliharjaton EC-moottori k\u00e4ynnistyy pehme\u00e4sti. Nopeus voidaan lukita. 150 mm ja 125 mm tarrahioma-alustat.<br \/>\n15 mm ep\u00e4keskoliike, kierrosalue 2300-3800\/min<br \/>\nAlhainen l\u00e4mm\u00f6ntuotto, jonka ansiosta soveltuu mainiosti my\u00f6s l\u00e4mp\u00f6herkille maaleille.<br \/>\nLED-ilmaisin osoittaa akun varaustilan. FLEX akkuj\u00e4rjestelm\u00e4 soveltuu kaikkiin uusiin 18,0 V FLEX-ty\u00f6kaluihin<\/p>\n<p>&nbsp;<\/p>\n","protected":false},"featured_media":25961,"template":"","meta":{"_et_pb_use_builder":"","_et_pb_old_content":"","_et_gb_content_width":""},"pwb-brand":[1458],"product_brand":[],"product_cat":[946],"product_tag":[],"class_list":{"0":"post-25960","1":"product","2":"type-product","3":"status-publish","4":"has-post-thumbnail","6":"pwb-brand-flex","7":"product_cat-akkutoimiset-kiillotuskoneet","9":"first","10":"instock","11":"taxable","12":"shipping-taxable","13":"purchasable","14":"product-type-simple"},"brands":[{"id":1458,"name":"Flex","slug":"flex"}],"_links":{"self":[{"href":"https:\/\/silikotek.sapartners.site\/index.php\/wp-json\/wp\/v2\/product\/25960","targetHints":{"allow":["GET"]}}],"collection":[{"href":"https:\/\/silikotek.sapartners.site\/index.php\/wp-json\/wp\/v2\/product"}],"about":[{"href":"https:\/\/silikotek.sapartners.site\/index.php\/wp-json\/wp\/v2\/types\/product"}],"wp:featuredmedia":[{"embeddable":true,"href":"https:\/\/silikotek.sapartners.site\/index.php\/wp-json\/wp\/v2\/media\/25961"}],"wp:attachment":[{"href":"https:\/\/silikotek.sapartners.site\/index.php\/wp-json\/wp\/v2\/media?parent=25960"}],"wp:term":[{"taxonomy":"pwb-brand","embeddable":true,"href":"https:\/\/silikotek.sapartners.site\/index.php\/wp-json\/wp\/v2\/pwb-brand?post=25960"},{"taxonomy":"product_brand","embeddable":true,"href":"https:\/\/silikotek.sapartners.site\/index.php\/wp-json\/wp\/v2\/product_brand?post=25960"},{"taxonomy":"product_cat","embeddable":true,"href":"https:\/\/silikotek.sapartners.site\/index.php\/wp-json\/wp\/v2\/product_cat?post=25960"},{"taxonomy":"product_tag","embeddable":true,"href":"https:\/\/silikotek.sapartners.site\/index.php\/wp-json\/wp\/v2\/product_tag?post=25960"}],"curies":[{"name":"wp","href":"https:\/\/api.w.org\/{rel}","templated":true}]}}