{"id":25941,"date":"2021-10-14T12:00:37","date_gmt":"2021-10-14T09:00:37","guid":{"rendered":"https:\/\/www.silikotek.fi\/?post_type=product&#038;p=25941"},"modified":"2021-10-14T12:00:38","modified_gmt":"2021-10-14T09:00:38","slug":"flex-ci-11-18-0-12v-akku-ilmapumppu","status":"publish","type":"product","link":"https:\/\/silikotek.sapartners.site\/index.php\/tuote\/flex-ci-11-18-0-12v-akku-ilmapumppu\/","title":{"rendered":"Flex CI 11 18.0\/12V Akku-ilmapumppu"},"content":{"rendered":"<p>Sis\u00e4lt\u00e4\u00e4:<\/p>\n<ul>\n<li class=\"tabs__contentListItem clr tabs__contentListItem--grey\"><span class=\"tabs__attribute tabs__attribute--left\">1 korkeapaineletku 0,7 m<\/span> <span class=\"tabs__attribute tabs__attribute--right\">1 kpl<\/span><\/li>\n<li class=\"tabs__contentListItem clr \"><span class=\"tabs__attribute tabs__attribute--left\">1 volyymiletku 0,35 m<\/span> <span class=\"tabs__attribute tabs__attribute--right\">1 kpl<\/span><\/li>\n<li class=\"tabs__contentListItem clr tabs__contentListItem--grey\"><span class=\"tabs__attribute tabs__attribute--left\">1 sovitin autoventtiilille<\/span> <span class=\"tabs__attribute tabs__attribute--right\">1 kpl<\/span><\/li>\n<li class=\"tabs__contentListItem clr \"><span class=\"tabs__attribute tabs__attribute--left\">3 sovitinta polkupy\u00f6r\u00e4n venttiilille, pallolle, ilmapatjalle<\/span> <span class=\"tabs__attribute tabs__attribute--right\">3 kpl<\/span><\/li>\n<\/ul>\n","protected":false},"excerpt":{"rendered":"<p>Flexin akkuilmapumpussa on pidempi k\u00e4ytt\u00f6ik\u00e4 ja enemm\u00e4n tehoa sen konetta suojelevan s\u00e4hk\u00f6isen hallintaj\u00e4rjestelm\u00e4n ansiosta. Suuri n\u00e4ytt\u00f6, jossa kirkkaat ja suuret ohjauselementit haluamiesi toimintojen nopeaan asetukseen. Voidaan ohjelmoida esiasetus paineelle, jolloin ilmapuppu sammuu automaattisesti kun haluttu paine saavutetaan.<br \/>\nMatalapaine ulostulo &#8211; maksimi. Paineenilmaisin. 12V:n sis\u00e4inen j\u00e4nnite (savukesovittimen kautta). Suorituskykyluokkansa pienin paino, vain 1,9 kg! Silti vankka painevaletun alumiinirunkonsa vuoksi. Ergonominen kahvan asento helpottaa kuljetusta. Sis\u00e4\u00e4nrakennettu LED-valo. LED-ilmaisin osoittaa akun varaustilan. FLEX akkuj\u00e4rjestelm\u00e4 soveltuu kaikkiin uusiin 18,0 V FLEX-ty\u00f6kaluihin.<\/p>\n<p>Voidaan k\u00e4ytt\u00e4\u00e4 korkean paineen- ja suurien tilavuuksien t\u00e4ytt\u00f6\u00f6n ja tyhjennykseen, kuten ilmapatjoille ja muille suurille ilmat\u00e4ytett\u00e4ville esineille.<br \/>\nToimitus ilman akkua ja laturia<\/p>\n","protected":false},"featured_media":25942,"template":"","meta":{"_et_pb_use_builder":"","_et_pb_old_content":"","_et_gb_content_width":""},"pwb-brand":[1458],"product_brand":[],"product_cat":[743],"product_tag":[],"class_list":{"0":"post-25941","1":"product","2":"type-product","3":"status-publish","4":"has-post-thumbnail","6":"pwb-brand-flex","7":"product_cat-muut-akkukayttoiset-laitteet","9":"first","10":"instock","11":"taxable","12":"shipping-taxable","13":"purchasable","14":"product-type-simple"},"brands":[{"id":1458,"name":"Flex","slug":"flex"}],"_links":{"self":[{"href":"https:\/\/silikotek.sapartners.site\/index.php\/wp-json\/wp\/v2\/product\/25941","targetHints":{"allow":["GET"]}}],"collection":[{"href":"https:\/\/silikotek.sapartners.site\/index.php\/wp-json\/wp\/v2\/product"}],"about":[{"href":"https:\/\/silikotek.sapartners.site\/index.php\/wp-json\/wp\/v2\/types\/product"}],"wp:featuredmedia":[{"embeddable":true,"href":"https:\/\/silikotek.sapartners.site\/index.php\/wp-json\/wp\/v2\/media\/25942"}],"wp:attachment":[{"href":"https:\/\/silikotek.sapartners.site\/index.php\/wp-json\/wp\/v2\/media?parent=25941"}],"wp:term":[{"taxonomy":"pwb-brand","embeddable":true,"href":"https:\/\/silikotek.sapartners.site\/index.php\/wp-json\/wp\/v2\/pwb-brand?post=25941"},{"taxonomy":"product_brand","embeddable":true,"href":"https:\/\/silikotek.sapartners.site\/index.php\/wp-json\/wp\/v2\/product_brand?post=25941"},{"taxonomy":"product_cat","embeddable":true,"href":"https:\/\/silikotek.sapartners.site\/index.php\/wp-json\/wp\/v2\/product_cat?post=25941"},{"taxonomy":"product_tag","embeddable":true,"href":"https:\/\/silikotek.sapartners.site\/index.php\/wp-json\/wp\/v2\/product_tag?post=25941"}],"curies":[{"name":"wp","href":"https:\/\/api.w.org\/{rel}","templated":true}]}}