{"id":25914,"date":"2021-10-08T13:31:04","date_gmt":"2021-10-08T10:31:04","guid":{"rendered":"https:\/\/www.silikotek.fi\/?post_type=product&#038;p=25914"},"modified":"2021-10-15T09:03:54","modified_gmt":"2021-10-15T06:03:54","slug":"flex-p-set-55-r-setti-jossa-10-8-18-0-v-pikalaturi-ja-kaksi-5-0-ah-18-0-v-akkua","status":"publish","type":"product","link":"https:\/\/silikotek.sapartners.site\/index.php\/tuote\/flex-p-set-55-r-setti-jossa-10-8-18-0-v-pikalaturi-ja-kaksi-5-0-ah-18-0-v-akkua\/","title":{"rendered":"FLEX P-set 55 R Setti jossa 10.8\/18.0 V pikalaturi ja kaksi 5.0 Ah 18.0 V akkua"},"content":{"rendered":"<h5>\u00c4lylaturi on ohjelmoitu lataamaan lion-akkuja mahdollisimman hell\u00e4varaisesti ja nopeasti. EMS ohjelma suojaa sek\u00e4 akkua, ett\u00e4 konetta johon akku liitet\u00e4\u00e4n<br \/>\nLaturissa oma j\u00e4\u00e4hdytys lion-akulle ja toinen laturille. LCD n\u00e4ytt\u00f6 ilmaisee akun tilan ja kertoo latauksen vaiheet ja latausajan. FLEX \u00e4lylaturi + FLEX 2&#215;5,0 ah akkua &gt; pitk\u00e4 k\u00e4ytt\u00f6ik\u00e4 akulle ja koneelle, nopein mahdollinen lataus.<\/h5>\n","protected":false},"excerpt":{"rendered":"<p>\u00c4lylaturi on ohjelmoitu lataamaan lion-akkuja mahdollisimman hell\u00e4varaisesti ja nopeasti. EMS ohjelma suojaa sek\u00e4 akkua, ett\u00e4 konetta johon akku liitet\u00e4\u00e4n Laturissa oma j\u00e4\u00e4hdytys lion-akulle ja toinen laturille. LCD n\u00e4ytt\u00f6 ilmaisee akun tilan ja kertoo latauksen vaiheet ja latausajan. FLEX \u00e4lylaturi + FLEX 2&#215;5,0 ah akkua &gt; pitk\u00e4 k\u00e4ytt\u00f6ik\u00e4 akulle ja koneelle, nopein mahdollinen lataus.<\/p>\n","protected":false},"featured_media":25915,"template":"","meta":{"_et_pb_use_builder":"","_et_pb_old_content":"","_et_gb_content_width":""},"pwb-brand":[1458],"product_brand":[],"product_cat":[744],"product_tag":[],"class_list":{"0":"post-25914","1":"product","2":"type-product","3":"status-publish","4":"has-post-thumbnail","6":"pwb-brand-flex","7":"product_cat-akut-ja-laturit","9":"first","10":"instock","11":"taxable","12":"shipping-taxable","13":"purchasable","14":"product-type-simple"},"brands":[{"id":1458,"name":"Flex","slug":"flex"}],"_links":{"self":[{"href":"https:\/\/silikotek.sapartners.site\/index.php\/wp-json\/wp\/v2\/product\/25914","targetHints":{"allow":["GET"]}}],"collection":[{"href":"https:\/\/silikotek.sapartners.site\/index.php\/wp-json\/wp\/v2\/product"}],"about":[{"href":"https:\/\/silikotek.sapartners.site\/index.php\/wp-json\/wp\/v2\/types\/product"}],"wp:featuredmedia":[{"embeddable":true,"href":"https:\/\/silikotek.sapartners.site\/index.php\/wp-json\/wp\/v2\/media\/25915"}],"wp:attachment":[{"href":"https:\/\/silikotek.sapartners.site\/index.php\/wp-json\/wp\/v2\/media?parent=25914"}],"wp:term":[{"taxonomy":"pwb-brand","embeddable":true,"href":"https:\/\/silikotek.sapartners.site\/index.php\/wp-json\/wp\/v2\/pwb-brand?post=25914"},{"taxonomy":"product_brand","embeddable":true,"href":"https:\/\/silikotek.sapartners.site\/index.php\/wp-json\/wp\/v2\/product_brand?post=25914"},{"taxonomy":"product_cat","embeddable":true,"href":"https:\/\/silikotek.sapartners.site\/index.php\/wp-json\/wp\/v2\/product_cat?post=25914"},{"taxonomy":"product_tag","embeddable":true,"href":"https:\/\/silikotek.sapartners.site\/index.php\/wp-json\/wp\/v2\/product_tag?post=25914"}],"curies":[{"name":"wp","href":"https:\/\/api.w.org\/{rel}","templated":true}]}}