{"id":25909,"date":"2021-10-08T10:25:34","date_gmt":"2021-10-08T07:25:34","guid":{"rendered":"https:\/\/www.silikotek.fi\/?post_type=product&#038;p=25909"},"modified":"2022-02-28T11:14:27","modified_gmt":"2022-02-28T09:14:27","slug":"bluetooth-kuulonsuojain-zekler-sonic-530","status":"publish","type":"product","link":"https:\/\/silikotek.sapartners.site\/index.php\/tuote\/bluetooth-kuulonsuojain-zekler-sonic-530\/","title":{"rendered":"Zekler Sonic 530 Bluetooth kuulonsuojain"},"content":{"rendered":"<p><span class=\"media-container__box-title hide_mobile\">Tuotekuvaus<\/span><\/p>\n<p>Langaton Bluetooth kupukuulonsuojain laadukkaaseen kuuloketasoiseen kuunteluun turvallisuudesta tinkim\u00e4tt\u00e4. Hyv\u00e4 k\u00e4ytt\u00f6mukavuus ja pitk\u00e4kestoinen akku lis\u00e4\u00e4v\u00e4t ty\u00f6p\u00e4ivien mukavuutta ja turvallisuutta.<\/p>\n<ul>\n<li>Helposti my\u00f6s k\u00e4sineill\u00e4 k\u00e4ytett\u00e4v\u00e4t ohjauspainikkeet: toista, tauko, seuraava, edellinen, vastaa\/hylk\u00e4\u00e4 puhelu, lopeta puhelu, \u00e4\u00e4nenvoimakkuus lis\u00e4\u00e4\/v\u00e4henn\u00e4, puhelimen avustajat (esim. Siri, Google Assistant)<\/li>\n<li>SPT-\u00e4\u00e4nisuojatekniikka (Sound Protection Technology) rajoittaa kaiuttimien \u00e4\u00e4nitason turvalliseen 82 dB:iin.<\/li>\n<li>USB:n kautta ladattava, sis\u00e4\u00e4nrakennettu litiumioniakku antaa yhdell\u00e4 latauksella jopa 55 k\u00e4ytt\u00f6- ja 100 valmiustilatuntia<\/li>\n<li>P\u00e4\u00e4lle unohtuneen kuulonsuojaimen virta katkeaa automaattisesti 4 tunnin kuluttua akun s\u00e4\u00e4st\u00e4miseksi.<\/li>\n<li>S\u00e4\u00e4dett\u00e4v\u00e4 p\u00e4\u00e4panta, jossa pehme\u00e4 ja vaihdettava vuoraus.<\/li>\n<li>Bluetooth<\/li>\n<li>USB-latauskaapeli tulee mukana.<\/li>\n<li>Sis\u00e4\u00e4nrakennettu mikrofoni keskusteluihin ymp\u00e4rist\u00f6iss\u00e4, joissa ei ole kovaa melua.<\/li>\n<\/ul>\n<p>T\u00e4ytt\u00e4\u00e4 m\u00e4\u00e4r\u00e4ykset henkil\u00f6nsuojaindirektiiviss\u00e4 89\/686 ETY ja -asetuksessa 2016\/425 sek\u00e4 standardeissa EN 352-1, EN 352-8 ja RED 2014\/53\/EU.<\/p>\n<p>Vaimennusarvot:<\/p>\n<p>H = 33<\/p>\n<p>M = 26<\/p>\n<p>L = 18<\/p>\n<p>SNR = 29<\/p>\n","protected":false},"excerpt":{"rendered":"<ul>\n<li>Bluetooth kuulonsuojain todella hyvill\u00e4 kuunteluomainaisuuksilla. USB:n kautta ladattava, sis\u00e4\u00e4nrakennetulla litiumioniakulla kuuntelet yhdell\u00e4 latauksella jopa 55 h ja 100 h valmiustilaa<\/li>\n<\/ul>\n","protected":false},"featured_media":25911,"template":"","meta":{"_et_pb_use_builder":"","_et_pb_old_content":"","_et_gb_content_width":""},"pwb-brand":[1544],"product_brand":[],"product_cat":[315],"product_tag":[],"class_list":{"0":"post-25909","1":"product","2":"type-product","3":"status-publish","4":"has-post-thumbnail","6":"pwb-brand-zekler","7":"product_cat-elektroniset-kuulonsuojaimet","9":"first","10":"instock","11":"taxable","12":"shipping-taxable","13":"purchasable","14":"product-type-simple"},"brands":[{"id":1544,"name":"Zekler","slug":"zekler"}],"_links":{"self":[{"href":"https:\/\/silikotek.sapartners.site\/index.php\/wp-json\/wp\/v2\/product\/25909","targetHints":{"allow":["GET"]}}],"collection":[{"href":"https:\/\/silikotek.sapartners.site\/index.php\/wp-json\/wp\/v2\/product"}],"about":[{"href":"https:\/\/silikotek.sapartners.site\/index.php\/wp-json\/wp\/v2\/types\/product"}],"wp:featuredmedia":[{"embeddable":true,"href":"https:\/\/silikotek.sapartners.site\/index.php\/wp-json\/wp\/v2\/media\/25911"}],"wp:attachment":[{"href":"https:\/\/silikotek.sapartners.site\/index.php\/wp-json\/wp\/v2\/media?parent=25909"}],"wp:term":[{"taxonomy":"pwb-brand","embeddable":true,"href":"https:\/\/silikotek.sapartners.site\/index.php\/wp-json\/wp\/v2\/pwb-brand?post=25909"},{"taxonomy":"product_brand","embeddable":true,"href":"https:\/\/silikotek.sapartners.site\/index.php\/wp-json\/wp\/v2\/product_brand?post=25909"},{"taxonomy":"product_cat","embeddable":true,"href":"https:\/\/silikotek.sapartners.site\/index.php\/wp-json\/wp\/v2\/product_cat?post=25909"},{"taxonomy":"product_tag","embeddable":true,"href":"https:\/\/silikotek.sapartners.site\/index.php\/wp-json\/wp\/v2\/product_tag?post=25909"}],"curies":[{"name":"wp","href":"https:\/\/api.w.org\/{rel}","templated":true}]}}