{"id":25876,"date":"2021-10-06T13:28:44","date_gmt":"2021-10-06T10:28:44","guid":{"rendered":"https:\/\/www.silikotek.fi\/?post_type=product&#038;p=25876"},"modified":"2021-10-07T15:51:13","modified_gmt":"2021-10-07T12:51:13","slug":"poravasaran-imuri-m18-cdex-0","status":"publish","type":"product","link":"https:\/\/silikotek.sapartners.site\/index.php\/tuote\/poravasaran-imuri-m18-cdex-0\/","title":{"rendered":"Milwaukee M18 CDEX-0 Poravasaran imuri"},"content":{"rendered":"","protected":false},"excerpt":{"rendered":"<p><span class=\"fontstyle0\">M18 FUEL SDS-Plus p\u00f6lynpoistaja M18 CHX poravasaralle. Suunniteltu ker\u00e4\u00e4m\u00e4\u00e4n<br \/>\np\u00f6ly\u00e4 tehokkaasti ja sen k\u00e4ytt\u00f6\u00e4 s\u00e4\u00e4det\u00e4\u00e4n poravasaran kytkimest\u00e4. HEPA-suodatin:<br \/>\npidet\u00e4\u00e4n yleisesti parhaana suodattimena joka suodattaa kaiken kokoisia roskia,<br \/>\ntehokkuustaso 99,75 %. Suuri p\u00f6lynker\u00e4ys s\u00e4ili\u00f6. Maks. poraus \u00d8 16mm. Maks.<br \/>\nporaussyvyys 90 mm. Maks. poranter\u00e4n pituus 160 mm. Toimitetaan pahvilaatikossa (ilman<br \/>\nakkua ja laturia).<br \/>\n<\/span><\/p>\n","protected":false},"featured_media":25877,"template":"","meta":{"_et_pb_use_builder":"","_et_pb_old_content":"","_et_gb_content_width":""},"pwb-brand":[1452],"product_brand":[],"product_cat":[740],"product_tag":[],"class_list":{"0":"post-25876","1":"product","2":"type-product","3":"status-publish","4":"has-post-thumbnail","6":"pwb-brand-milwaukee","7":"product_cat-akkuporavasarat","9":"first","10":"instock","11":"taxable","12":"shipping-taxable","13":"purchasable","14":"product-type-simple"},"brands":[{"id":1452,"name":"Milwaukee","slug":"milwaukee"}],"_links":{"self":[{"href":"https:\/\/silikotek.sapartners.site\/index.php\/wp-json\/wp\/v2\/product\/25876","targetHints":{"allow":["GET"]}}],"collection":[{"href":"https:\/\/silikotek.sapartners.site\/index.php\/wp-json\/wp\/v2\/product"}],"about":[{"href":"https:\/\/silikotek.sapartners.site\/index.php\/wp-json\/wp\/v2\/types\/product"}],"wp:featuredmedia":[{"embeddable":true,"href":"https:\/\/silikotek.sapartners.site\/index.php\/wp-json\/wp\/v2\/media\/25877"}],"wp:attachment":[{"href":"https:\/\/silikotek.sapartners.site\/index.php\/wp-json\/wp\/v2\/media?parent=25876"}],"wp:term":[{"taxonomy":"pwb-brand","embeddable":true,"href":"https:\/\/silikotek.sapartners.site\/index.php\/wp-json\/wp\/v2\/pwb-brand?post=25876"},{"taxonomy":"product_brand","embeddable":true,"href":"https:\/\/silikotek.sapartners.site\/index.php\/wp-json\/wp\/v2\/product_brand?post=25876"},{"taxonomy":"product_cat","embeddable":true,"href":"https:\/\/silikotek.sapartners.site\/index.php\/wp-json\/wp\/v2\/product_cat?post=25876"},{"taxonomy":"product_tag","embeddable":true,"href":"https:\/\/silikotek.sapartners.site\/index.php\/wp-json\/wp\/v2\/product_tag?post=25876"}],"curies":[{"name":"wp","href":"https:\/\/api.w.org\/{rel}","templated":true}]}}