{"id":25875,"date":"2021-10-06T14:10:33","date_gmt":"2021-10-06T11:10:33","guid":{"rendered":"https:\/\/www.silikotek.fi\/?post_type=product&#038;p=25875"},"modified":"2021-10-06T14:10:35","modified_gmt":"2021-10-06T11:10:35","slug":"flex-ge-mh-18-0-ec-kirahvi-akku-seina-ja-kattohiomakonesetti","status":"publish","type":"product","link":"https:\/\/silikotek.sapartners.site\/index.php\/tuote\/flex-ge-mh-18-0-ec-kirahvi-akku-seina-ja-kattohiomakonesetti\/","title":{"rendered":"Flex GE MH 18.0-EC Kirahvi Akku sein\u00e4- ja kattohiomakonesetti"},"content":{"rendered":"<h2>Paketissa mukana:<\/h2>\n<ul>\n<li><span class=\"tabs__attribute tabs__attribute--left\">1 segmenttinen hiomap\u00e4\u00e4 MH-R<\/span> <span class=\"tabs__attribute tabs__attribute--right\">457.183<\/span><\/li>\n<li><span class=\"tabs__attribute tabs__attribute--left\">1 Clip-pikalukitusrengas SH-FC 32<\/span> <span class=\"tabs__attribute tabs__attribute--right\">406.023<\/span><\/li>\n<li><span class=\"tabs__attribute tabs__attribute--left\">2 akkua 5.0 Ah AP 18.0\/5.0<\/span> <span class=\"tabs__attribute tabs__attribute--right\">445.894<\/span><\/li>\n<li><span class=\"tabs__attribute tabs__attribute--left\">1 laturi CA 10.8\/18.0<\/span> <span class=\"tabs__attribute tabs__attribute--right\">417.882<\/span><\/li>\n<li><span class=\"tabs__attribute tabs__attribute--left\">1 pehmustettu kantolaukku<\/span> <span class=\"tabs__attribute tabs__attribute--right\">408.8<\/span><\/li>\n<\/ul>\n<h2>Ominaisuudet:<\/h2>\n<ul>\n<li class=\"productDetail__featureListItem \">S\u00e4hk\u00f6inen hallintaj\u00e4rjestelm\u00e4 suojelee konetta, pident\u00e4\u00e4 k\u00e4ytt\u00f6ik\u00e4\u00e4 ja lis\u00e4\u00e4 tehokkuutta<\/li>\n<li class=\"productDetail__featureListItem \">Elektroniikka: Nopeuden esivalinta s\u00e4\u00e4t\u00f6py\u00f6r\u00e4ll\u00e4, ylikuormitussuoja, uudelleenk\u00e4ynnistyksen lukitus ja l\u00e4mp\u00f6tilan valvonta<\/li>\n<li class=\"productDetail__featureListItem \">Hiiliharjaton moottori, enemm\u00e4n tehoa ja pidempi huoltov\u00e4li<\/li>\n<li class=\"productDetail__featureListItem fadeInDown\">Eritt\u00e4in k\u00e4tev\u00e4 ja kevyt kone, optimaalinen k\u00e4ytt\u00f6mukavuus. Mahdollistaa v\u00e4sym\u00e4tt\u00f6m\u00e4n ja ergonomisen ty\u00f6skentelyn.<\/li>\n<li class=\"productDetail__featureListItem fadeInDown\">Varustettu innovatiitiivisella vaihtop\u00e4\u00e4systeemill\u00e4. Hiomap\u00e4\u00e4t kiinnitet\u00e4\u00e4n ja irroitetaan yhdell\u00e4 klikkauksella<\/li>\n<li class=\"productDetail__featureListItem fadeInDown\">Segmentoitu hiomap\u00e4\u00e4, jossa k\u00e4\u00e4nnett\u00e4v\u00e4 reunasegmentti. Mahdollistaa hionnan sein\u00e4 ja kattokulmien ohi. P\u00e4\u00e4 k\u00e4ntyy koneen mukana, ty\u00f6n keskeytym\u00e4tt\u00e4<\/li>\n<li class=\"productDetail__featureListItem fadeInDown\">Helppok\u00e4ytt\u00f6inen: Optimaalinen painon jakauma moottorin ja hiomap\u00e4\u00e4n v\u00e4lill\u00e4<\/li>\n<li class=\"productDetail__featureListItem fadeInDown\">Luotettava voimansiirto ja hyv\u00e4 joustavuus moottorista hiomap\u00e4\u00e4h\u00e4n menev\u00e4n vaijerin ansiosta. Vuosikymmenien ajan vakiintunut \u201dFLEX teknologia\u201d. T\u00e4m\u00e4n suunnitteluperiaatteen ansioista paino Kirahvin hiomap\u00e4\u00e4ss\u00e4 on v\u00e4hennetty minimiin. T\u00e4m\u00e4 helpottaa k\u00e4sittely\u00e4.<\/li>\n<li class=\"productDetail__featureListItem fadeInDown\">Kardaaninen hiomap\u00e4\u00e4 mahdollistaa korkean joustavuuden ja optimaalisen s\u00e4\u00e4d\u00f6n seinien ja kattojen hiomiselle.<\/li>\n<li class=\"productDetail__featureListItem fadeInDown\">Tehokas p\u00f6lynimu harjareunan ja hiomalautasen v\u00e4list\u00e4 est\u00e4\u00e4 hiomatarviketta tukkeutumasta ja ty\u00f6skentely sujuu p\u00f6lytt\u00f6m\u00e4sti<\/li>\n<li class=\"productDetail__featureListItem fadeInDown\">Voidaan kytke\u00e4 FLEX turvaimuriin varren FLEX Clip-kiinnitysj\u00e4rjestelm\u00e4ll\u00e4<\/li>\n<li class=\"productDetail__featureListItem fadeInDown\">P\u00f6lysuojattu<\/li>\n<li class=\"productDetail__featureListItem fadeInDown\">LED-ilmaisin osoittaa akun varaustilan<\/li>\n<\/ul>\n","protected":false},"excerpt":{"rendered":"<p>Kirahvi\u00a0 nyt my\u00f6s akkutoimisena sein\u00e4- ja kattohiomakoneena vaihdettavalla p\u00e4\u00e4j\u00e4rjestelm\u00e4ll\u00e4!<\/p>\n<p>Innovatiivisen p\u00e4\u00e4j\u00e4rjestelm\u00e4n ansiosta hiomap\u00e4\u00e4t voidaan kiinnitt\u00e4\u00e4 ja irroittaa yhdell\u00e4 nopealla napsautuksella. Segmenttihiontap\u00e4\u00e4, jonka reunasegmentti on k\u00e4tev\u00e4sti k\u00e4\u00e4nnett\u00e4viss\u00e4. Helppo k\u00e4sitelt\u00e4vyys moottorin ja hiomap\u00e4\u00e4n optimaalisen tasapainon vuoksi. EMS s\u00e4hk\u00f6inen hallintaj\u00e4rjestelm\u00e4.<\/p>\n<p>Nopeuden esivalinta s\u00e4\u00e4t\u00f6py\u00f6r\u00e4ll\u00e4, ylikuormitussuojalla, uudelleenk\u00e4ynnistyksen lukitus ja l\u00e4mp\u00f6tilan valvonta. Tehokas imu p\u00f6lytt\u00f6m\u00e4\u00e4n ty\u00f6h\u00f6n. Flexin toimiva kiinnitysj\u00e4rjestelm\u00e4. Valinnainen 500 mm jatko-osa voidaan asentaa ilman ty\u00f6kaluja. Flexin akkuj\u00e4rjestelm\u00e4 sopii kaikkiin uusiin Flexin 18,0 V ty\u00f6kaluihin.<\/p>\n","protected":false},"featured_media":25879,"template":"","meta":{"_et_pb_use_builder":"","_et_pb_old_content":"","_et_gb_content_width":""},"pwb-brand":[1458],"product_brand":[],"product_cat":[738],"product_tag":[],"class_list":{"0":"post-25875","1":"product","2":"type-product","3":"status-publish","4":"has-post-thumbnail","6":"pwb-brand-flex","7":"product_cat-akkukulmahiomakoneet","9":"first","10":"instock","11":"taxable","12":"shipping-taxable","13":"purchasable","14":"product-type-simple"},"brands":[{"id":1458,"name":"Flex","slug":"flex"}],"_links":{"self":[{"href":"https:\/\/silikotek.sapartners.site\/index.php\/wp-json\/wp\/v2\/product\/25875","targetHints":{"allow":["GET"]}}],"collection":[{"href":"https:\/\/silikotek.sapartners.site\/index.php\/wp-json\/wp\/v2\/product"}],"about":[{"href":"https:\/\/silikotek.sapartners.site\/index.php\/wp-json\/wp\/v2\/types\/product"}],"wp:featuredmedia":[{"embeddable":true,"href":"https:\/\/silikotek.sapartners.site\/index.php\/wp-json\/wp\/v2\/media\/25879"}],"wp:attachment":[{"href":"https:\/\/silikotek.sapartners.site\/index.php\/wp-json\/wp\/v2\/media?parent=25875"}],"wp:term":[{"taxonomy":"pwb-brand","embeddable":true,"href":"https:\/\/silikotek.sapartners.site\/index.php\/wp-json\/wp\/v2\/pwb-brand?post=25875"},{"taxonomy":"product_brand","embeddable":true,"href":"https:\/\/silikotek.sapartners.site\/index.php\/wp-json\/wp\/v2\/product_brand?post=25875"},{"taxonomy":"product_cat","embeddable":true,"href":"https:\/\/silikotek.sapartners.site\/index.php\/wp-json\/wp\/v2\/product_cat?post=25875"},{"taxonomy":"product_tag","embeddable":true,"href":"https:\/\/silikotek.sapartners.site\/index.php\/wp-json\/wp\/v2\/product_tag?post=25875"}],"curies":[{"name":"wp","href":"https:\/\/api.w.org\/{rel}","templated":true}]}}