{"id":25865,"date":"2021-10-05T15:24:16","date_gmt":"2021-10-05T12:24:16","guid":{"rendered":"https:\/\/www.silikotek.fi\/?post_type=product&#038;p=25865"},"modified":"2021-10-05T15:24:17","modified_gmt":"2021-10-05T12:24:17","slug":"flex-ca-10-8-18-0-alylaturi","status":"publish","type":"product","link":"https:\/\/silikotek.sapartners.site\/index.php\/tuote\/flex-ca-10-8-18-0-alylaturi\/","title":{"rendered":"Flex  CA 10.8\/18.0 \u00c4lylaturi"},"content":{"rendered":"","protected":false},"excerpt":{"rendered":"<p>Flex \u00c4lylaturi on ohjelmoitu lataamaan lion-akkuja mahdollisimman hell\u00e4varaisesti ja nopeasti. EMS ohjelma suojaa sek\u00e4 akkua, ett\u00e4 konetta johon akku liitet\u00e4\u00e4n.<\/p>\n<p>Laturissa oma j\u00e4\u00e4hdytys lion-akulle ja toinen laturille. LCD n\u00e4ytt\u00f6 ilmaisee akun tilan ja kertoo latauksen vaiheet ja latausajan.<\/p>\n<p>FLEX \u00e4lylaturi + FLEX akku &gt; pitk\u00e4 k\u00e4ytt\u00f6ik\u00e4 akulle ja koneelle, nopein mahdollinen lataus.<\/p>\n<p>Latausaika 2,5 Ah:n akuille 40 min, 5,0 Ah:n akuille 50 min.<\/p>\n","protected":false},"featured_media":25867,"template":"","meta":{"_et_pb_use_builder":"","_et_pb_old_content":"","_et_gb_content_width":""},"pwb-brand":[1458],"product_brand":[],"product_cat":[744],"product_tag":[],"class_list":{"0":"post-25865","1":"product","2":"type-product","3":"status-publish","4":"has-post-thumbnail","6":"pwb-brand-flex","7":"product_cat-akut-ja-laturit","9":"first","10":"instock","11":"taxable","12":"shipping-taxable","13":"purchasable","14":"product-type-simple"},"brands":[{"id":1458,"name":"Flex","slug":"flex"}],"_links":{"self":[{"href":"https:\/\/silikotek.sapartners.site\/index.php\/wp-json\/wp\/v2\/product\/25865","targetHints":{"allow":["GET"]}}],"collection":[{"href":"https:\/\/silikotek.sapartners.site\/index.php\/wp-json\/wp\/v2\/product"}],"about":[{"href":"https:\/\/silikotek.sapartners.site\/index.php\/wp-json\/wp\/v2\/types\/product"}],"wp:featuredmedia":[{"embeddable":true,"href":"https:\/\/silikotek.sapartners.site\/index.php\/wp-json\/wp\/v2\/media\/25867"}],"wp:attachment":[{"href":"https:\/\/silikotek.sapartners.site\/index.php\/wp-json\/wp\/v2\/media?parent=25865"}],"wp:term":[{"taxonomy":"pwb-brand","embeddable":true,"href":"https:\/\/silikotek.sapartners.site\/index.php\/wp-json\/wp\/v2\/pwb-brand?post=25865"},{"taxonomy":"product_brand","embeddable":true,"href":"https:\/\/silikotek.sapartners.site\/index.php\/wp-json\/wp\/v2\/product_brand?post=25865"},{"taxonomy":"product_cat","embeddable":true,"href":"https:\/\/silikotek.sapartners.site\/index.php\/wp-json\/wp\/v2\/product_cat?post=25865"},{"taxonomy":"product_tag","embeddable":true,"href":"https:\/\/silikotek.sapartners.site\/index.php\/wp-json\/wp\/v2\/product_tag?post=25865"}],"curies":[{"name":"wp","href":"https:\/\/api.w.org\/{rel}","templated":true}]}}