{"id":25819,"date":"2021-09-29T09:58:19","date_gmt":"2021-09-29T06:58:19","guid":{"rendered":"https:\/\/www.silikotek.fi\/?post_type=product&#038;p=25819"},"modified":"2021-09-29T09:58:20","modified_gmt":"2021-09-29T06:58:20","slug":"proglass-spider-004k-tuulilasin-irroitussarja","status":"publish","type":"product","link":"https:\/\/silikotek.sapartners.site\/index.php\/tuote\/proglass-spider-004k-tuulilasin-irroitussarja\/","title":{"rendered":"Proglass Spider 004K Tuulilasin irroitussarja"},"content":{"rendered":"<p><iframe loading=\"lazy\" title=\"WRD Spider 002S Austrennsystem\" width=\"1080\" height=\"608\" src=\"https:\/\/www.youtube.com\/embed\/1cvWkvOi1eg?feature=oembed\"  allow=\"accelerometer; autoplay; clipboard-write; encrypted-media; gyroscope; picture-in-picture\" allowfullscreen><\/iframe><\/p>\n","protected":false},"excerpt":{"rendered":"<p>Spider WSP-004K on 4. versio Spiderin tuulilasin irroitusty\u00f6kalusta. Spider 4 sis\u00e4lt\u00e4\u00e4 monia parannuksia edelliseen verrattuna. Vallankumouksellinen laite liimattujen tuulilasien irroittamiseen. Se toimii ilman teri\u00e4 ja metallilankaa. Liimatun lasin irroittaminen tapahtuu erikoisvalmisteisella kuitulangalla. Lasiin eik\u00e4 maalipintaan ei tule naarmuja. Metodi on my\u00f6s hyvin nopea ja s\u00e4\u00e4st\u00e4\u00e4 valtavasti ty\u00f6t\u00e4. Kuitulanka on eritt\u00e4in kest\u00e4v\u00e4 ja kest\u00e4\u00e4 jopa 3-4 leikkausta.<\/p>\n<p>Katso video Spider tuulilasin irroitusty\u00f6kalun toimminasta.<\/p>\n","protected":false},"featured_media":25820,"template":"","meta":{"_et_pb_use_builder":"","_et_pb_old_content":"","_et_gb_content_width":""},"pwb-brand":[1503],"product_brand":[],"product_cat":[749],"product_tag":[],"class_list":{"0":"post-25819","1":"product","2":"type-product","3":"status-publish","4":"has-post-thumbnail","6":"pwb-brand-proglass","7":"product_cat-tuulilasi-tyokalut","9":"first","10":"instock","11":"taxable","12":"shipping-taxable","13":"purchasable","14":"product-type-simple"},"brands":[{"id":1503,"name":"ProGlass","slug":"proglass"}],"_links":{"self":[{"href":"https:\/\/silikotek.sapartners.site\/index.php\/wp-json\/wp\/v2\/product\/25819","targetHints":{"allow":["GET"]}}],"collection":[{"href":"https:\/\/silikotek.sapartners.site\/index.php\/wp-json\/wp\/v2\/product"}],"about":[{"href":"https:\/\/silikotek.sapartners.site\/index.php\/wp-json\/wp\/v2\/types\/product"}],"wp:featuredmedia":[{"embeddable":true,"href":"https:\/\/silikotek.sapartners.site\/index.php\/wp-json\/wp\/v2\/media\/25820"}],"wp:attachment":[{"href":"https:\/\/silikotek.sapartners.site\/index.php\/wp-json\/wp\/v2\/media?parent=25819"}],"wp:term":[{"taxonomy":"pwb-brand","embeddable":true,"href":"https:\/\/silikotek.sapartners.site\/index.php\/wp-json\/wp\/v2\/pwb-brand?post=25819"},{"taxonomy":"product_brand","embeddable":true,"href":"https:\/\/silikotek.sapartners.site\/index.php\/wp-json\/wp\/v2\/product_brand?post=25819"},{"taxonomy":"product_cat","embeddable":true,"href":"https:\/\/silikotek.sapartners.site\/index.php\/wp-json\/wp\/v2\/product_cat?post=25819"},{"taxonomy":"product_tag","embeddable":true,"href":"https:\/\/silikotek.sapartners.site\/index.php\/wp-json\/wp\/v2\/product_tag?post=25819"}],"curies":[{"name":"wp","href":"https:\/\/api.w.org\/{rel}","templated":true}]}}