{"id":2581,"date":"2014-03-31T10:48:09","date_gmt":"2014-03-31T10:48:09","guid":{"rendered":"http:\/\/192.168.100.222\/target_carts\/wordpress\/wordpress495\/wordpress\/?product=turvatarrain-miller-scorpion-28m-telineh"},"modified":"2019-02-19T15:55:47","modified_gmt":"2019-02-19T13:55:47","slug":"turvatarrain-miller-scorpion-28m-telineh","status":"publish","type":"product","link":"https:\/\/silikotek.sapartners.site\/index.php\/tuote\/turvatarrain-miller-scorpion-28m-telineh\/","title":{"rendered":"Miller Scorpion 2,8m Turvatarrain telineh."},"content":{"rendered":"<p>\u2022 Miller kevyttarrain<\/p>\n","protected":false},"excerpt":{"rendered":"<ul class=\"product-usp\">\n<li><span class=\"usp-text\">2,8 m hihna, erilaisia koukkuvaihtoehtoja.<\/span><\/li>\n<li><span class=\"usp-text\">Taljassa py\u00f6riv\u00e4 salpakoukku, k\u00e4yden p\u00e4\u00e4ss\u00e4 karbiinihaka (1008588). <\/span><\/li>\n<\/ul>\n","protected":false},"featured_media":19862,"template":"","meta":{"_et_pb_use_builder":"","_et_pb_old_content":"","_et_gb_content_width":""},"pwb-brand":[],"product_brand":[],"product_cat":[332],"product_tag":[],"class_list":{"0":"post-2581","1":"product","2":"type-product","3":"status-publish","4":"has-post-thumbnail","6":"product_cat-turvatarraimet","8":"first","9":"instock","10":"taxable","11":"shipping-taxable","12":"purchasable","13":"product-type-simple"},"brands":[],"_links":{"self":[{"href":"https:\/\/silikotek.sapartners.site\/index.php\/wp-json\/wp\/v2\/product\/2581","targetHints":{"allow":["GET"]}}],"collection":[{"href":"https:\/\/silikotek.sapartners.site\/index.php\/wp-json\/wp\/v2\/product"}],"about":[{"href":"https:\/\/silikotek.sapartners.site\/index.php\/wp-json\/wp\/v2\/types\/product"}],"wp:featuredmedia":[{"embeddable":true,"href":"https:\/\/silikotek.sapartners.site\/index.php\/wp-json\/wp\/v2\/media\/19862"}],"wp:attachment":[{"href":"https:\/\/silikotek.sapartners.site\/index.php\/wp-json\/wp\/v2\/media?parent=2581"}],"wp:term":[{"taxonomy":"pwb-brand","embeddable":true,"href":"https:\/\/silikotek.sapartners.site\/index.php\/wp-json\/wp\/v2\/pwb-brand?post=2581"},{"taxonomy":"product_brand","embeddable":true,"href":"https:\/\/silikotek.sapartners.site\/index.php\/wp-json\/wp\/v2\/product_brand?post=2581"},{"taxonomy":"product_cat","embeddable":true,"href":"https:\/\/silikotek.sapartners.site\/index.php\/wp-json\/wp\/v2\/product_cat?post=2581"},{"taxonomy":"product_tag","embeddable":true,"href":"https:\/\/silikotek.sapartners.site\/index.php\/wp-json\/wp\/v2\/product_tag?post=2581"}],"curies":[{"name":"wp","href":"https:\/\/api.w.org\/{rel}","templated":true}]}}