{"id":25470,"date":"2021-06-22T09:03:01","date_gmt":"2021-06-22T06:03:01","guid":{"rendered":"https:\/\/www.silikotek.fi\/?post_type=product&#038;p=25470"},"modified":"2023-01-04T23:26:32","modified_gmt":"2023-01-04T21:26:32","slug":"kstools-119-0005-mini-voimaleikkuri-215-mm","status":"publish","type":"product","link":"https:\/\/silikotek.sapartners.site\/index.php\/tuote\/kstools-119-0005-mini-voimaleikkuri-215-mm\/","title":{"rendered":"Kstools 119.0005 mini voimaleikkuri 215 mm"},"content":{"rendered":"<ul>\n<li class=\"liste\">leikkauskyky 60\u201363 HRC<\/li>\n<li class=\"liste\">leikkausp\u00e4\u00e4 laadukkaasta erikoister\u00e4ksest\u00e4<\/li>\n<li class=\"liste\">induktiokovettu leikkausp\u00e4\u00e4<\/li>\n<li class=\"liste\">kaksikomponenttikahva<\/li>\n<li class=\"liste\">fosfatoitu<\/li>\n<li class=\"liste\">kromimolybdeeni\u00e4\n<div class=\"container\">\n<div class=\"detail-middle--properties\">\n<div class=\"product--properties panel\">\n<table class=\"product--properties-table\">\n<tbody>\n<tr class=\"product--properties-item\">\n<td class=\"product--properties-label\">Materiaali1:<\/td>\n<td><span class=\"product--properties-value\">Hieno kromimolybdeeniter\u00e4s<\/span><\/td>\n<\/tr>\n<tr class=\"product--properties-item\">\n<td class=\"product--properties-label\">Kahva:<\/td>\n<td><span class=\"product--properties-value\">2-komponenttikahva<\/span><\/td>\n<\/tr>\n<tr class=\"product--properties-item\">\n<td class=\"product--properties-label\">Materiaali2:<\/td>\n<td><span class=\"product--properties-value\">Fosfatoitu<\/span><\/td>\n<\/tr>\n<tr class=\"product--properties-item\">\n<td class=\"product--properties-label\">HRC:<\/td>\n<td><span class=\"product--properties-value\">60-63<\/span><\/td>\n<\/tr>\n<tr class=\"product--properties-item\">\n<td class=\"product--properties-label\">Pakkauksen sis\u00e4lt\u00f6:<\/td>\n<td><span class=\"product--properties-value\">1<\/span><\/td>\n<\/tr>\n<tr class=\"product--properties-item\">\n<td class=\"product--properties-label\">Kokonaispituus L (mm):<\/td>\n<td><span class=\"product--properties-value\">215<\/span><\/td>\n<\/tr>\n<tr class=\"product--properties-item\">\n<td class=\"product--properties-label\">P\u00e4\u00e4n korkeus (A):<\/td>\n<td><span class=\"product--properties-value\">17<\/span><\/td>\n<\/tr>\n<tr class=\"product--properties-item\">\n<td class=\"product--properties-label\">Paino g:<\/td>\n<td><span class=\"product--properties-value\">350<\/span><\/td>\n<\/tr>\n<tr class=\"product--properties-item\">\n<td class=\"product--properties-label\">P\u00e4\u00e4n leveys D (mm):<\/td>\n<td><span class=\"product--properties-value\">38<\/span><\/td>\n<\/tr>\n<tr class=\"product--properties-item\">\n<td class=\"product--properties-label\">Leikkuuter\u00e4n pituus S, mm:<\/td>\n<td><span class=\"product--properties-value\">23<\/span><\/td>\n<\/tr>\n<\/tbody>\n<\/table>\n<\/div>\n<\/div>\n<\/div>\n<div class=\"toggle-overlay\">\n<div class=\"toggle-hint\"><\/div>\n<\/div>\n<\/li>\n<\/ul>\n","protected":false},"excerpt":{"rendered":"<p>Mini-pulttisakset itseaukeavat pieni koko suuri leikkasuvoima<\/p>\n","protected":false},"featured_media":25301,"template":"","meta":{"_et_pb_use_builder":"","_et_pb_old_content":"","_et_gb_content_width":""},"pwb-brand":[1454],"product_brand":[],"product_cat":[855,919],"product_tag":[1760],"class_list":{"0":"post-25470","1":"product","2":"type-product","3":"status-publish","4":"has-post-thumbnail","6":"pwb-brand-kstools","7":"product_cat-sivuleikkurit","8":"product_cat-pulttisakset","9":"product_tag-mini-pulttisakset","11":"first","12":"instock","13":"taxable","14":"shipping-taxable","15":"purchasable","16":"product-type-simple"},"brands":[{"id":1454,"name":"Kstools","slug":"kstools"}],"_links":{"self":[{"href":"https:\/\/silikotek.sapartners.site\/index.php\/wp-json\/wp\/v2\/product\/25470","targetHints":{"allow":["GET"]}}],"collection":[{"href":"https:\/\/silikotek.sapartners.site\/index.php\/wp-json\/wp\/v2\/product"}],"about":[{"href":"https:\/\/silikotek.sapartners.site\/index.php\/wp-json\/wp\/v2\/types\/product"}],"wp:featuredmedia":[{"embeddable":true,"href":"https:\/\/silikotek.sapartners.site\/index.php\/wp-json\/wp\/v2\/media\/25301"}],"wp:attachment":[{"href":"https:\/\/silikotek.sapartners.site\/index.php\/wp-json\/wp\/v2\/media?parent=25470"}],"wp:term":[{"taxonomy":"pwb-brand","embeddable":true,"href":"https:\/\/silikotek.sapartners.site\/index.php\/wp-json\/wp\/v2\/pwb-brand?post=25470"},{"taxonomy":"product_brand","embeddable":true,"href":"https:\/\/silikotek.sapartners.site\/index.php\/wp-json\/wp\/v2\/product_brand?post=25470"},{"taxonomy":"product_cat","embeddable":true,"href":"https:\/\/silikotek.sapartners.site\/index.php\/wp-json\/wp\/v2\/product_cat?post=25470"},{"taxonomy":"product_tag","embeddable":true,"href":"https:\/\/silikotek.sapartners.site\/index.php\/wp-json\/wp\/v2\/product_tag?post=25470"}],"curies":[{"name":"wp","href":"https:\/\/api.w.org\/{rel}","templated":true}]}}